{"id":20104,"date":"2024-07-04T08:48:12","date_gmt":"2024-07-04T11:48:12","guid":{"rendered":"https:\/\/farmaciadagostino.com.ar\/sitio\/?post_type=product&#038;p=20104"},"modified":"2026-03-09T10:11:03","modified_gmt":"2026-03-09T13:11:03","slug":"nivea-cr-para-manos-cuidado-intens-p-seca-x-100ml","status":"publish","type":"product","link":"https:\/\/farmaciadagostino.com.ar\/sitio\/producto\/nivea-cr-para-manos-cuidado-intens-p-seca-x-100ml\/","title":{"rendered":"NIVEA CR PARA MANOS CUIDADO INTENS P\/SECA X 100ML"},"content":{"rendered":"<p>Descripci\u00f3n.<br \/>\nLa Crema de manos NIVEA Cuidado Intensivo contiene una f\u00f3rmula enriquecida con Aceite de Almendras de origen natural y Manteca de Karit\u00e9, ingredientes que humectan profundamente la piel durante 24 horas. De este modo, las manos se encuentran m\u00e1s suaves y nutridas durante todo el d\u00eda. Adem\u00e1s, las protege de la resequedad y las molestias generadas por la irritaci\u00f3n y el picor. La crema de r\u00e1pida absorci\u00f3n es ideal para pieles secas.<br \/>\nNIVEA es la marca N\u00ba 1 en el cuidado de la piel en el Mundo y en Argentina, con m\u00e1s de 100 a\u00f1os de trayectoria. Desde que inventamos la primera crema, NIVEA Creme, desarrollamos investigaci\u00f3n constante para producir innovaciones que atiendan a cada necesidad de la piel de toda la familia. Nuestros investigadores se centran especialmente en la individualidad de la piel humana y en las diferentes necesidades de cuidado. Lo que ha dado como resultado que en las \u00faltimas d\u00e9cadas hayamos creado numerosos productos innovadores para el cuidado de la piel, desde desodorantes hasta productos de protecci\u00f3n solar.<\/p>\n<p>Beneficios.<br \/>\n24 hs de humectaci\u00f3n profunda<br \/>\nProtege las manos de la resequeda<br \/>\nR\u00e1pida absorci\u00f3n<br \/>\nPiel visiblemente m\u00e1s suave y nutrida<br \/>\nIdeal para piel seca<\/p>\n<p>Modo Uso.<br \/>\nAplicar NIVEA Cuidado Intensivo Crema de manos sobre las manos las veces que sea necesario<\/p>\n<p>Composici\u00f3n.<br \/>\nAqua, Glycerin, Glyceryl Stearate, Stearyl Alcohol, Dimethicone, Caprylic\/Capric Triglyceride, Distarch Phosphate, Butyrospermum Parkii Butter, Glyceryl Stearate SE, Hydrogenated Coco-Glycerides, Prunus Amygdalus Dulcis Oil, Sodium Cetearyl Sulfate, Xanthan Gum, Phenoxyethanol, Ethylhexylglycerin, Linalool, Limonene, Geraniol, Benzyl Alcohol, Citronellol, Alpha-Isomethyl Ionone, Parfum.<\/p>\n<p>Presentaci\u00f3n.<br \/>\n100 Ml.<\/p>\n","protected":false},"excerpt":{"rendered":"<p>Crema Para Manos Nivea Cuidado Intensivo para piel seca x100ml<\/p>\n","protected":false},"featured_media":20027,"comment_status":"open","ping_status":"closed","template":"","meta":[],"product_brand":[],"product_cat":[237,162],"product_tag":[],"class_list":{"0":"post-20104","1":"product","2":"type-product","3":"status-publish","4":"has-post-thumbnail","6":"product_cat-belleza","7":"product_cat-dermocosmetica","9":"first","10":"instock","11":"shipping-taxable","12":"purchasable","13":"product-type-simple"},"_links":{"self":[{"href":"https:\/\/farmaciadagostino.com.ar\/sitio\/wp-json\/wp\/v2\/product\/20104","targetHints":{"allow":["GET"]}}],"collection":[{"href":"https:\/\/farmaciadagostino.com.ar\/sitio\/wp-json\/wp\/v2\/product"}],"about":[{"href":"https:\/\/farmaciadagostino.com.ar\/sitio\/wp-json\/wp\/v2\/types\/product"}],"replies":[{"embeddable":true,"href":"https:\/\/farmaciadagostino.com.ar\/sitio\/wp-json\/wp\/v2\/comments?post=20104"}],"wp:featuredmedia":[{"embeddable":true,"href":"https:\/\/farmaciadagostino.com.ar\/sitio\/wp-json\/wp\/v2\/media\/20027"}],"wp:attachment":[{"href":"https:\/\/farmaciadagostino.com.ar\/sitio\/wp-json\/wp\/v2\/media?parent=20104"}],"wp:term":[{"taxonomy":"product_brand","embeddable":true,"href":"https:\/\/farmaciadagostino.com.ar\/sitio\/wp-json\/wp\/v2\/product_brand?post=20104"},{"taxonomy":"product_cat","embeddable":true,"href":"https:\/\/farmaciadagostino.com.ar\/sitio\/wp-json\/wp\/v2\/product_cat?post=20104"},{"taxonomy":"product_tag","embeddable":true,"href":"https:\/\/farmaciadagostino.com.ar\/sitio\/wp-json\/wp\/v2\/product_tag?post=20104"}],"curies":[{"name":"wp","href":"https:\/\/api.w.org\/{rel}","templated":true}]}}