{"id":20427,"date":"2024-08-28T10:04:02","date_gmt":"2024-08-28T13:04:02","guid":{"rendered":"https:\/\/farmaciadagostino.com.ar\/sitio\/?post_type=product&#038;p=20427"},"modified":"2026-03-09T10:26:06","modified_gmt":"2026-03-09T13:26:06","slug":"serum-corporal-dove-pantenol-400-ml","status":"publish","type":"product","link":"https:\/\/farmaciadagostino.com.ar\/sitio\/producto\/serum-corporal-dove-pantenol-400-ml\/","title":{"rendered":"S\u00e9rum Corporal DOVE Pantenol 400 ml"},"content":{"rendered":"<p>S\u00e9rum Corporal DOVE Pantenol 400 ml<\/p>\n<p>Dove S\u00e9rum Corporal Pantenol est\u00e1 especialmente dise\u00f1ado para ofrecer un alivio inmediato a la piel \u00e1spera, piel sensible y pieles extra secas. Su acci\u00f3n se centra en aliviar la aspereza y la sensaci\u00f3n de tirantez, restaurando la humectaci\u00f3n natural de la piel desde dentro hacia fuera y fortaleciendo la barrera cut\u00e1nea.<\/p>\n<p>Modo de uso:<br \/>\nAplica el s\u00e9rum diariamente en todo el cuerpo como tu crema corporal habitual, siempre que sea necesario, para mantener la piel hidratada y suave.<\/p>\n<p>Presentaci\u00f3n: 400 ml.<\/p>\n","protected":false},"excerpt":{"rendered":"<p>S\u00e9rum Corporal DOVE Pantenol 400 ml Dove S\u00e9rum Corporal Pantenol est\u00e1 especialmente dise\u00f1ado para ofrecer un alivio inmediato a la piel \u00e1spera, piel sensible y pieles extra secas. Su acci\u00f3n se centra en aliviar la aspereza y la sensaci\u00f3n de tirantez, restaurando la humectaci\u00f3n natural de la piel desde dentro hacia fuera y fortaleciendo la [&hellip;]<\/p>\n","protected":false},"featured_media":20429,"comment_status":"open","ping_status":"closed","template":"","meta":[],"product_brand":[],"product_cat":[237,262,152,162,264],"product_tag":[],"class_list":{"0":"post-20427","1":"product","2":"type-product","3":"status-publish","4":"has-post-thumbnail","6":"product_cat-belleza","7":"product_cat-promo","8":"product_cat-cuidado-personal","9":"product_cat-dermocosmetica","10":"product_cat-ofertas","12":"first","13":"instock","14":"sale","15":"shipping-taxable","16":"purchasable","17":"product-type-simple"},"_links":{"self":[{"href":"https:\/\/farmaciadagostino.com.ar\/sitio\/wp-json\/wp\/v2\/product\/20427","targetHints":{"allow":["GET"]}}],"collection":[{"href":"https:\/\/farmaciadagostino.com.ar\/sitio\/wp-json\/wp\/v2\/product"}],"about":[{"href":"https:\/\/farmaciadagostino.com.ar\/sitio\/wp-json\/wp\/v2\/types\/product"}],"replies":[{"embeddable":true,"href":"https:\/\/farmaciadagostino.com.ar\/sitio\/wp-json\/wp\/v2\/comments?post=20427"}],"wp:featuredmedia":[{"embeddable":true,"href":"https:\/\/farmaciadagostino.com.ar\/sitio\/wp-json\/wp\/v2\/media\/20429"}],"wp:attachment":[{"href":"https:\/\/farmaciadagostino.com.ar\/sitio\/wp-json\/wp\/v2\/media?parent=20427"}],"wp:term":[{"taxonomy":"product_brand","embeddable":true,"href":"https:\/\/farmaciadagostino.com.ar\/sitio\/wp-json\/wp\/v2\/product_brand?post=20427"},{"taxonomy":"product_cat","embeddable":true,"href":"https:\/\/farmaciadagostino.com.ar\/sitio\/wp-json\/wp\/v2\/product_cat?post=20427"},{"taxonomy":"product_tag","embeddable":true,"href":"https:\/\/farmaciadagostino.com.ar\/sitio\/wp-json\/wp\/v2\/product_tag?post=20427"}],"curies":[{"name":"wp","href":"https:\/\/api.w.org\/{rel}","templated":true}]}}