{"id":20434,"date":"2024-08-28T10:23:22","date_gmt":"2024-08-28T13:23:22","guid":{"rendered":"https:\/\/farmaciadagostino.com.ar\/sitio\/?post_type=product&#038;p=20434"},"modified":"2026-03-09T10:19:02","modified_gmt":"2026-03-09T13:19:02","slug":"serum-corporal-dove-pro-ceramidas-400-ml","status":"publish","type":"product","link":"https:\/\/farmaciadagostino.com.ar\/sitio\/producto\/serum-corporal-dove-pro-ceramidas-400-ml\/","title":{"rendered":"S\u00e9rum Corporal DOVE Pro-Ceramidas 400 ml"},"content":{"rendered":"<p>S\u00e9rum Corporal DOVE Pro-Ceramidas 400 ml<\/p>\n<p>Dove S\u00e9rum Corporal Pro-Ceramidas es una innovadora soluci\u00f3n especialemente formuladas para restaurar la humectaci\u00f3n natural de la piel desde el primer uso. Especialmente dise\u00f1ado para piel seca, este S\u00e9rum Corporal utiliza una exclusiva y avanzada tecnolog\u00eda que humecta profundamente* y act\u00faa en sinergia con la piel, ayudando a devolverle su suavidad y luminosidad desde adentro hacia afuera*. Co-creado con dermat\u00f3logos, ofrece 48 horas de humectaci\u00f3n regenerativa.<\/p>\n<p>Modo de uso:<br \/>\nAplica el s\u00e9rum diariamente en todo el cuerpo como tu crema corporal habitual, siempre que sea necesario, para mantener la piel hidratada y suave.<\/p>\n<p>Presentaci\u00f3n: 400 ml.<\/p>\n","protected":false},"excerpt":{"rendered":"<p>S\u00e9rum Corporal DOVE Pro-Ceramidas 400 ml Dove S\u00e9rum Corporal Pro-Ceramidas es una innovadora soluci\u00f3n especialemente formuladas para restaurar la humectaci\u00f3n natural de la piel desde el primer uso. Especialmente dise\u00f1ado para piel seca, este S\u00e9rum Corporal utiliza una exclusiva y avanzada tecnolog\u00eda que humecta profundamente* y act\u00faa en sinergia con la piel, ayudando a devolverle [&hellip;]<\/p>\n","protected":false},"featured_media":20435,"comment_status":"open","ping_status":"closed","template":"","meta":[],"product_brand":[],"product_cat":[237,262,152,162,264],"product_tag":[],"class_list":{"0":"post-20434","1":"product","2":"type-product","3":"status-publish","4":"has-post-thumbnail","6":"product_cat-belleza","7":"product_cat-promo","8":"product_cat-cuidado-personal","9":"product_cat-dermocosmetica","10":"product_cat-ofertas","12":"first","13":"instock","14":"sale","15":"shipping-taxable","16":"purchasable","17":"product-type-simple"},"_links":{"self":[{"href":"https:\/\/farmaciadagostino.com.ar\/sitio\/wp-json\/wp\/v2\/product\/20434","targetHints":{"allow":["GET"]}}],"collection":[{"href":"https:\/\/farmaciadagostino.com.ar\/sitio\/wp-json\/wp\/v2\/product"}],"about":[{"href":"https:\/\/farmaciadagostino.com.ar\/sitio\/wp-json\/wp\/v2\/types\/product"}],"replies":[{"embeddable":true,"href":"https:\/\/farmaciadagostino.com.ar\/sitio\/wp-json\/wp\/v2\/comments?post=20434"}],"wp:featuredmedia":[{"embeddable":true,"href":"https:\/\/farmaciadagostino.com.ar\/sitio\/wp-json\/wp\/v2\/media\/20435"}],"wp:attachment":[{"href":"https:\/\/farmaciadagostino.com.ar\/sitio\/wp-json\/wp\/v2\/media?parent=20434"}],"wp:term":[{"taxonomy":"product_brand","embeddable":true,"href":"https:\/\/farmaciadagostino.com.ar\/sitio\/wp-json\/wp\/v2\/product_brand?post=20434"},{"taxonomy":"product_cat","embeddable":true,"href":"https:\/\/farmaciadagostino.com.ar\/sitio\/wp-json\/wp\/v2\/product_cat?post=20434"},{"taxonomy":"product_tag","embeddable":true,"href":"https:\/\/farmaciadagostino.com.ar\/sitio\/wp-json\/wp\/v2\/product_tag?post=20434"}],"curies":[{"name":"wp","href":"https:\/\/api.w.org\/{rel}","templated":true}]}}