{"id":20518,"date":"2024-10-02T19:29:53","date_gmt":"2024-10-02T22:29:53","guid":{"rendered":"https:\/\/farmaciadagostino.com.ar\/sitio\/?post_type=product&#038;p=20518"},"modified":"2026-03-09T10:26:06","modified_gmt":"2026-03-09T13:26:06","slug":"villaneuve-crema-corporal-vn-piel-equilibrada-x250ml","status":"publish","type":"product","link":"https:\/\/farmaciadagostino.com.ar\/sitio\/producto\/villaneuve-crema-corporal-vn-piel-equilibrada-x250ml\/","title":{"rendered":"Villaneuve  Crema Corporal Vn Piel equilibrada x250ml"},"content":{"rendered":"<p><b>Descripci\u00f3n.<\/b><br \/>\nF\u00f3rmula de r\u00e1pida absorci\u00f3n, con humectante 100% de origen natural que preserva la elasticidad y vitalidad de la piel.<\/p>\n<p><b>Beneficios.<\/b><br \/>\nCon aceite de palta rico en vitamina E<\/p>\n<p><b>Modo de Uso.<\/b><br \/>\nLa crema debe aplicarse en forma abundante 1 \u00f3 2 veces por d\u00eda sobre la piel del cuerpo, realizando un suave masaje de movimientos circulares ascendentes para estimular el sistema circulatorio.<\/p>\n<p><b>Presentaci\u00f3n.<\/b><br \/>\n250 Ml.<\/p>\n","protected":false},"excerpt":{"rendered":"<p>Descripci\u00f3n. F\u00f3rmula de r\u00e1pida absorci\u00f3n, con humectante 100% de origen natural que preserva la elasticidad y vitalidad de la piel. Beneficios. Con aceite de palta rico en vitamina E Modo de Uso. La crema debe aplicarse en forma abundante 1 \u00f3 2 veces por d\u00eda sobre la piel del cuerpo, realizando un suave masaje de [&hellip;]<\/p>\n","protected":false},"featured_media":20519,"comment_status":"open","ping_status":"closed","template":"","meta":[],"product_brand":[],"product_cat":[237,262,152,264],"product_tag":[],"class_list":{"0":"post-20518","1":"product","2":"type-product","3":"status-publish","4":"has-post-thumbnail","6":"product_cat-belleza","7":"product_cat-promo","8":"product_cat-cuidado-personal","9":"product_cat-ofertas","11":"first","12":"instock","13":"sale","14":"shipping-taxable","15":"purchasable","16":"product-type-simple"},"_links":{"self":[{"href":"https:\/\/farmaciadagostino.com.ar\/sitio\/wp-json\/wp\/v2\/product\/20518","targetHints":{"allow":["GET"]}}],"collection":[{"href":"https:\/\/farmaciadagostino.com.ar\/sitio\/wp-json\/wp\/v2\/product"}],"about":[{"href":"https:\/\/farmaciadagostino.com.ar\/sitio\/wp-json\/wp\/v2\/types\/product"}],"replies":[{"embeddable":true,"href":"https:\/\/farmaciadagostino.com.ar\/sitio\/wp-json\/wp\/v2\/comments?post=20518"}],"wp:featuredmedia":[{"embeddable":true,"href":"https:\/\/farmaciadagostino.com.ar\/sitio\/wp-json\/wp\/v2\/media\/20519"}],"wp:attachment":[{"href":"https:\/\/farmaciadagostino.com.ar\/sitio\/wp-json\/wp\/v2\/media?parent=20518"}],"wp:term":[{"taxonomy":"product_brand","embeddable":true,"href":"https:\/\/farmaciadagostino.com.ar\/sitio\/wp-json\/wp\/v2\/product_brand?post=20518"},{"taxonomy":"product_cat","embeddable":true,"href":"https:\/\/farmaciadagostino.com.ar\/sitio\/wp-json\/wp\/v2\/product_cat?post=20518"},{"taxonomy":"product_tag","embeddable":true,"href":"https:\/\/farmaciadagostino.com.ar\/sitio\/wp-json\/wp\/v2\/product_tag?post=20518"}],"curies":[{"name":"wp","href":"https:\/\/api.w.org\/{rel}","templated":true}]}}