{"id":20526,"date":"2024-10-02T20:01:33","date_gmt":"2024-10-02T23:01:33","guid":{"rendered":"https:\/\/farmaciadagostino.com.ar\/sitio\/?post_type=product&#038;p=20526"},"modified":"2025-03-04T16:07:53","modified_gmt":"2025-03-04T19:07:53","slug":"serum-dove-concentrado-corporal-x100ml","status":"publish","type":"product","link":"https:\/\/farmaciadagostino.com.ar\/sitio\/producto\/serum-dove-concentrado-corporal-x100ml\/","title":{"rendered":"Serum Dove Concentrado Corporal x100ml"},"content":{"rendered":"<p><b>Descripci\u00f3n.<\/b><br \/>\nLas cremas Dove S\u00e9rum Corporal Hialur\u00f3nico brindan 48 horas de hidrataci\u00f3n regenerativa, combatiendo los 5 signos de piel seca: aspereza, falta de brillo y elasticidad, descamaci\u00f3n y tensi\u00f3n.<\/p>\n<p><b>Beneficios.<\/b><br \/>\nEl S\u00e9rum Concentrado Corporal de Dove es un aliado para lograr una piel visiblemente m\u00e1s uniforme y luminosa. Su f\u00f3rmula avanzada penetra profundamente, revitalizando la piel desde el interior para una apariencia saludable y radiante.<br \/>\nDesde el primer uso, estimula activamente la reparaci\u00f3n y regeneraci\u00f3n cut\u00e1nea, fortaleciendo las \u00e1reas m\u00e1s secas con una hidrataci\u00f3n profunda y prolongada, lo que da como resultado una piel notablemente m\u00e1s suave y luminosa.<br \/>\nAdem\u00e1s de su efecto en la textura y luminosidad, este s\u00e9rum ayuda a reducir visiblemente la apariencia de estr\u00edas, cicatrices y manchas causadas por el sol, al tiempo que mejora significativamente la elasticidad de la piel.<br \/>\nSu textura ligera y de r\u00e1pida absorci\u00f3n incorpora el Complejo Bio-Energ\u00e9tico, una tecnolog\u00eda exclusiva que combina amino\u00e1cidos para apoyar la producci\u00f3n natural de glutati\u00f3n, el principal antioxidante de la piel. Esto refuerza la barrera cut\u00e1nea para lograr un tono m\u00e1s uniforme y radiante.<\/p>\n<p><b>Modo Uso.<\/b><br \/>\nUso diario.<\/p>\n<p><b>Composici\u00f3n.<\/b><br \/>\nEnriquecido con Vitamina B3 y E, junto con glicerina prebi\u00f3tica, proporciona una hidrataci\u00f3n profunda y duradera, mejorando la firmeza y elasticidad de la piel. Esta f\u00f3rmula, hipoalerg\u00e9nica y no comedog\u00e9nica, est\u00e1 especialmente formulada para pieles con marcas de cicatrices, asegurando un cuidado efectivo y seguro.<\/p>\n<p><b>Presentaci\u00f3n.<\/b><br \/>\n100 Ml.<\/p>\n","protected":false},"excerpt":{"rendered":"<p>El S\u00e9rum Concentrado Corporal de Dove es un aliado para lograr una piel visiblemente m\u00e1s uniforme y luminosa. Su f\u00f3rmula avanzada penetra profundamente, revitalizando la piel desde el interior para una apariencia saludable y radiante. Desde el primer uso, estimula activamente la reparaci\u00f3n y regeneraci\u00f3n cut\u00e1nea, fortaleciendo las \u00e1reas m\u00e1s secas con una hidrataci\u00f3n profunda y prolongada, lo que da como resultado una piel notablemente m\u00e1s suave y luminosa. Adem\u00e1s de su efecto en la textura y luminosidad, este s\u00e9rum ayuda a reducir visiblemente la apariencia de estr\u00edas, cicatrices y manchas causadas por el sol, al tiempo que mejora significativamente la elasticidad de la piel. Su textura ligera y de r\u00e1pida absorci\u00f3n incorpora el Complejo Bio-Energ\u00e9tico, una tecnolog\u00eda exclusiva que combina amino\u00e1cidos para apoyar la producci\u00f3n natural de glutati\u00f3n, el principal antioxidante de la piel. Esto refuerza la barrera cut\u00e1nea para lograr un tono m\u00e1s uniforme y radiante.<\/p>\n","protected":false},"featured_media":20527,"comment_status":"open","ping_status":"closed","template":"","meta":[],"product_brand":[],"product_cat":[152],"product_tag":[],"class_list":{"0":"post-20526","1":"product","2":"type-product","3":"status-publish","4":"has-post-thumbnail","6":"product_cat-cuidado-personal","8":"first","9":"instock","10":"shipping-taxable","11":"purchasable","12":"product-type-simple"},"_links":{"self":[{"href":"https:\/\/farmaciadagostino.com.ar\/sitio\/wp-json\/wp\/v2\/product\/20526","targetHints":{"allow":["GET"]}}],"collection":[{"href":"https:\/\/farmaciadagostino.com.ar\/sitio\/wp-json\/wp\/v2\/product"}],"about":[{"href":"https:\/\/farmaciadagostino.com.ar\/sitio\/wp-json\/wp\/v2\/types\/product"}],"replies":[{"embeddable":true,"href":"https:\/\/farmaciadagostino.com.ar\/sitio\/wp-json\/wp\/v2\/comments?post=20526"}],"wp:featuredmedia":[{"embeddable":true,"href":"https:\/\/farmaciadagostino.com.ar\/sitio\/wp-json\/wp\/v2\/media\/20527"}],"wp:attachment":[{"href":"https:\/\/farmaciadagostino.com.ar\/sitio\/wp-json\/wp\/v2\/media?parent=20526"}],"wp:term":[{"taxonomy":"product_brand","embeddable":true,"href":"https:\/\/farmaciadagostino.com.ar\/sitio\/wp-json\/wp\/v2\/product_brand?post=20526"},{"taxonomy":"product_cat","embeddable":true,"href":"https:\/\/farmaciadagostino.com.ar\/sitio\/wp-json\/wp\/v2\/product_cat?post=20526"},{"taxonomy":"product_tag","embeddable":true,"href":"https:\/\/farmaciadagostino.com.ar\/sitio\/wp-json\/wp\/v2\/product_tag?post=20526"}],"curies":[{"name":"wp","href":"https:\/\/api.w.org\/{rel}","templated":true}]}}