{"id":20548,"date":"2024-10-23T08:29:37","date_gmt":"2024-10-23T11:29:37","guid":{"rendered":"https:\/\/farmaciadagostino.com.ar\/sitio\/?post_type=product&#038;p=20548"},"modified":"2025-05-11T10:19:20","modified_gmt":"2025-05-11T13:19:20","slug":"holomagnesio-integral-150-mg","status":"publish","type":"product","link":"https:\/\/farmaciadagostino.com.ar\/sitio\/producto\/holomagnesio-integral-150-mg\/","title":{"rendered":"Holomagnesio Integral 150 Mg"},"content":{"rendered":"<p><b>Descripci\u00f3n.<\/b><br \/>\nHolomagnesio Integral es un suplemento dietario con trimagnesio de \u00f3ptima absorci\u00f3n. Su formula \u00fanica en polvo para diluir contiene 220 mg de citrato de magnesio: que corresponde con el 85% de la dosis diaria recomendada. Sabor Naranja. Rinde 30 d\u00edas.<\/p>\n<p><b>Beneficios.<\/b><br \/>\nHolomagnesio Integral activa y protege tu cuerpo y tu mente para una mejor calidad de vida. Entre sus beneficios podes encontrar la mejora del rendimiento f\u00edsico, el apoyo a la funci\u00f3n muscular y nerviosa, la reducci\u00f3n del estr\u00e9s y la fatiga, el apoyo al sistema inmunol\u00f3gico y la salud \u00f3sea. Tambi\u00e9n contribuye a la regulaci\u00f3n de la presi\u00f3n arterial y a la salud cardiovascular, adem\u00e1s de mejorar la calidad del sue\u00f1o y favorecer la digesti\u00f3n adecuada. El magnesio es esencial para el bienestar general y el equilibrio corporal.<\/p>\n<p><b>Modo Uso.<\/b><br \/>\n1- Agreg\u00e1 una cuchara de Holomagnesio Integral en un vaso de agua de 250 ml.<br \/>\n2- Revolv\u00e9 hasta disolver.<br \/>\n3- Consumir 1 vez al d\u00eda acompa\u00f1ado por una comida.<\/p>\n<p><b>Presentaci\u00f3n.<\/b><br \/>\n150 Gr.<\/p>\n","protected":false},"excerpt":{"rendered":"<p>Descripci\u00f3n. Holomagnesio Integral es un suplemento dietario con trimagnesio de \u00f3ptima absorci\u00f3n. Su formula \u00fanica en polvo para diluir contiene 220 mg de citrato de magnesio: que corresponde con el 85% de la dosis diaria recomendada. Sabor Naranja. Rinde 30 d\u00edas. Beneficios. Holomagnesio Integral activa y protege tu cuerpo y tu mente para una mejor [&hellip;]<\/p>\n","protected":false},"featured_media":20549,"comment_status":"open","ping_status":"closed","template":"","meta":[],"product_brand":[],"product_cat":[241],"product_tag":[],"class_list":{"0":"post-20548","1":"product","2":"type-product","3":"status-publish","4":"has-post-thumbnail","6":"product_cat-deporte","8":"first","9":"instock","10":"shipping-taxable","11":"purchasable","12":"product-type-simple"},"_links":{"self":[{"href":"https:\/\/farmaciadagostino.com.ar\/sitio\/wp-json\/wp\/v2\/product\/20548","targetHints":{"allow":["GET"]}}],"collection":[{"href":"https:\/\/farmaciadagostino.com.ar\/sitio\/wp-json\/wp\/v2\/product"}],"about":[{"href":"https:\/\/farmaciadagostino.com.ar\/sitio\/wp-json\/wp\/v2\/types\/product"}],"replies":[{"embeddable":true,"href":"https:\/\/farmaciadagostino.com.ar\/sitio\/wp-json\/wp\/v2\/comments?post=20548"}],"wp:featuredmedia":[{"embeddable":true,"href":"https:\/\/farmaciadagostino.com.ar\/sitio\/wp-json\/wp\/v2\/media\/20549"}],"wp:attachment":[{"href":"https:\/\/farmaciadagostino.com.ar\/sitio\/wp-json\/wp\/v2\/media?parent=20548"}],"wp:term":[{"taxonomy":"product_brand","embeddable":true,"href":"https:\/\/farmaciadagostino.com.ar\/sitio\/wp-json\/wp\/v2\/product_brand?post=20548"},{"taxonomy":"product_cat","embeddable":true,"href":"https:\/\/farmaciadagostino.com.ar\/sitio\/wp-json\/wp\/v2\/product_cat?post=20548"},{"taxonomy":"product_tag","embeddable":true,"href":"https:\/\/farmaciadagostino.com.ar\/sitio\/wp-json\/wp\/v2\/product_tag?post=20548"}],"curies":[{"name":"wp","href":"https:\/\/api.w.org\/{rel}","templated":true}]}}