{"id":20855,"date":"2025-10-04T21:18:35","date_gmt":"2025-10-05T00:18:35","guid":{"rendered":"https:\/\/farmaciadagostino.com.ar\/sitio\/?post_type=product&#038;p=20855"},"modified":"2026-03-09T10:26:06","modified_gmt":"2026-03-09T13:26:06","slug":"protector-solar-fps-50-efecto-seco","status":"publish","type":"product","link":"https:\/\/farmaciadagostino.com.ar\/sitio\/producto\/protector-solar-fps-50-efecto-seco\/","title":{"rendered":"Protector Solar FPS 50 Efecto Seco"},"content":{"rendered":"<p class=\"prod-subtitle\">F\u00f3rmula desarrollada para la protecci\u00f3n de la piel del cuerpo y del rostro:<\/p>\n<ul>\n<li>No se pega la arena<\/li>\n<li>Efecto seco instant\u00e1neo<\/li>\n<li>Hidrata sin oleosidad<\/li>\n<li>Previene manchas y arrugas<\/li>\n<li>Testeado dermatol\u00f3gicamente<\/li>\n<li>Resistente al agua<\/li>\n<li>Recomendado a partir de los 3 a\u00f1os<\/li>\n<\/ul>\n","protected":false},"excerpt":{"rendered":"<p>F\u00f3rmula desarrollada para la protecci\u00f3n de la piel del cuerpo y del rostro: No se pega la arena Efecto seco instant\u00e1neo Hidrata sin oleosidad Previene manchas y arrugas Testeado dermatol\u00f3gicamente Resistente al agua Recomendado a partir de los 3 a\u00f1os<\/p>\n","protected":false},"featured_media":20856,"comment_status":"open","ping_status":"closed","template":"","meta":[],"product_brand":[],"product_cat":[262,152,272,264],"product_tag":[],"class_list":{"0":"post-20855","1":"product","2":"type-product","3":"status-publish","4":"has-post-thumbnail","6":"product_cat-promo","7":"product_cat-cuidado-personal","8":"product_cat-dermaglos-promo","9":"product_cat-ofertas","11":"first","12":"instock","13":"sale","14":"shipping-taxable","15":"purchasable","16":"product-type-simple"},"_links":{"self":[{"href":"https:\/\/farmaciadagostino.com.ar\/sitio\/wp-json\/wp\/v2\/product\/20855","targetHints":{"allow":["GET"]}}],"collection":[{"href":"https:\/\/farmaciadagostino.com.ar\/sitio\/wp-json\/wp\/v2\/product"}],"about":[{"href":"https:\/\/farmaciadagostino.com.ar\/sitio\/wp-json\/wp\/v2\/types\/product"}],"replies":[{"embeddable":true,"href":"https:\/\/farmaciadagostino.com.ar\/sitio\/wp-json\/wp\/v2\/comments?post=20855"}],"wp:featuredmedia":[{"embeddable":true,"href":"https:\/\/farmaciadagostino.com.ar\/sitio\/wp-json\/wp\/v2\/media\/20856"}],"wp:attachment":[{"href":"https:\/\/farmaciadagostino.com.ar\/sitio\/wp-json\/wp\/v2\/media?parent=20855"}],"wp:term":[{"taxonomy":"product_brand","embeddable":true,"href":"https:\/\/farmaciadagostino.com.ar\/sitio\/wp-json\/wp\/v2\/product_brand?post=20855"},{"taxonomy":"product_cat","embeddable":true,"href":"https:\/\/farmaciadagostino.com.ar\/sitio\/wp-json\/wp\/v2\/product_cat?post=20855"},{"taxonomy":"product_tag","embeddable":true,"href":"https:\/\/farmaciadagostino.com.ar\/sitio\/wp-json\/wp\/v2\/product_tag?post=20855"}],"curies":[{"name":"wp","href":"https:\/\/api.w.org\/{rel}","templated":true}]}}