{"id":20895,"date":"2025-11-02T17:46:23","date_gmt":"2025-11-02T20:46:23","guid":{"rendered":"https:\/\/farmaciadagostino.com.ar\/sitio\/?post_type=product&#038;p=20895"},"modified":"2026-03-09T10:19:02","modified_gmt":"2026-03-09T13:19:02","slug":"uv-defender-fps50-antibrillo-crema-x-40-g","status":"publish","type":"product","link":"https:\/\/farmaciadagostino.com.ar\/sitio\/producto\/uv-defender-fps50-antibrillo-crema-x-40-g\/","title":{"rendered":"UV DEFENDER FPS50+ ANTIBRILLO CREMA X 40 G"},"content":{"rendered":"<p>Conoc\u00e9 el nuevo UV Defender FPS50+ de L&#8217;Or\u00e9al Paris, un protector solar de textura ligera y r\u00e1pida absorci\u00f3n, capaz de resuguardar tu piel diariamente de los rayos UVB y UVA, m\u00e1ximos responsables de los signos de envejecimiento prematuro (manchas oscuras, l\u00edneas de expresi\u00f3n y arrugas) y del c\u00e1ncer de piel. Adem\u00e1s, mantiene tu piel hidratada gracias a su contenido de \u00e1cido hialur\u00f3nico. Prob\u00e1lo en su versi\u00f3n Hidratante o Anti-brillo; disponible en tres tonos: neutro, medio y claro. Apto para todo tipo de piel.<\/p>\n<p>Beneficios:<br \/>\n\u2022 Prevenir la aparicion de nuevas lineas de expresion, arrugas y marnchas.<\/p>\n<p>Modo de uso:<br \/>\nPaso 1: Aplicar en el rostro, cuello y\/o escote; todas las ma\u00f1anas, luego de la rutina de cuidado facial. Paso 2:\u00a0Reaplicar cada dos horas, y en caso de exposici\u00f3n al agua, cada 80 minutos.<\/p>\n<p>Presentaci\u00f3n:<br \/>\n40 gr.<\/p>\n","protected":false},"excerpt":{"rendered":"<p>Conoc\u00e9 el nuevo UV Defender FPS50+ de L&#8217;Or\u00e9al Paris, un protector solar de textura ligera y r\u00e1pida absorci\u00f3n, capaz de resuguardar tu piel diariamente de los rayos UVB y UVA, m\u00e1ximos responsables de los signos de envejecimiento prematuro (manchas oscuras, l\u00edneas de expresi\u00f3n y arrugas) y del c\u00e1ncer de piel. Adem\u00e1s, mantiene tu piel hidratada [&hellip;]<\/p>\n","protected":false},"featured_media":20896,"comment_status":"open","ping_status":"closed","template":"","meta":[],"product_brand":[],"product_cat":[237,262,152,241,264],"product_tag":[],"class_list":{"0":"post-20895","1":"product","2":"type-product","3":"status-publish","4":"has-post-thumbnail","6":"product_cat-belleza","7":"product_cat-promo","8":"product_cat-cuidado-personal","9":"product_cat-deporte","10":"product_cat-ofertas","12":"first","13":"instock","14":"sale","15":"shipping-taxable","16":"purchasable","17":"product-type-simple"},"_links":{"self":[{"href":"https:\/\/farmaciadagostino.com.ar\/sitio\/wp-json\/wp\/v2\/product\/20895","targetHints":{"allow":["GET"]}}],"collection":[{"href":"https:\/\/farmaciadagostino.com.ar\/sitio\/wp-json\/wp\/v2\/product"}],"about":[{"href":"https:\/\/farmaciadagostino.com.ar\/sitio\/wp-json\/wp\/v2\/types\/product"}],"replies":[{"embeddable":true,"href":"https:\/\/farmaciadagostino.com.ar\/sitio\/wp-json\/wp\/v2\/comments?post=20895"}],"wp:featuredmedia":[{"embeddable":true,"href":"https:\/\/farmaciadagostino.com.ar\/sitio\/wp-json\/wp\/v2\/media\/20896"}],"wp:attachment":[{"href":"https:\/\/farmaciadagostino.com.ar\/sitio\/wp-json\/wp\/v2\/media?parent=20895"}],"wp:term":[{"taxonomy":"product_brand","embeddable":true,"href":"https:\/\/farmaciadagostino.com.ar\/sitio\/wp-json\/wp\/v2\/product_brand?post=20895"},{"taxonomy":"product_cat","embeddable":true,"href":"https:\/\/farmaciadagostino.com.ar\/sitio\/wp-json\/wp\/v2\/product_cat?post=20895"},{"taxonomy":"product_tag","embeddable":true,"href":"https:\/\/farmaciadagostino.com.ar\/sitio\/wp-json\/wp\/v2\/product_tag?post=20895"}],"curies":[{"name":"wp","href":"https:\/\/api.w.org\/{rel}","templated":true}]}}