{"id":4696,"date":"2024-06-09T13:21:00","date_gmt":"2024-06-09T16:21:00","guid":{"rendered":"https:\/\/farmaciadagostino.com.ar\/sitio\/producto\/axe-desodorante-aqua-citrus-x150-ml\/"},"modified":"2026-03-09T10:09:39","modified_gmt":"2026-03-09T13:09:39","slug":"axe-desodorante-aqua-citrus-x150-ml","status":"publish","type":"product","link":"https:\/\/farmaciadagostino.com.ar\/sitio\/producto\/axe-desodorante-aqua-citrus-x150-ml\/","title":{"rendered":"AXE DESODORANTE AQUA CITRUS x150 ml"},"content":{"rendered":"<p>El nuevo desodorante en aerosol AXE incorpora una tecnolog\u00eda de doble acci\u00f3n que combate eficazmente las bacterias causantes del mal olor. Este desodorante en aerosol ofrece una protecci\u00f3n de hasta 72 horas, lo que lo hace ideal para actividades diarias y deportivas. La f\u00f3rmula del desodorante aerosol AXE tienen 0% sales de aluminio y no da\u00f1an la capa de ozono. La fragancia de este desodorante en aerosol tiene un mix de 28 aceites esenciales naturales, lo que lo hace una fragancia elaborada con ingredientes de lujo. El nuevo desodorante en aerosol AXE presenta un actuador premium que garantiza una aplicaci\u00f3n suave y precisa del producto.<br \/>\nModo de Uso.<br \/>\n1\u00b0 Agita bien el envase antes de usarlo.<br \/>\n2\u00b0 Mant\u00e9n el envase a unos 15 cm de distancia de tu axila.<br \/>\n3\u00b0 Presiona el bot\u00f3n y roc\u00eda una capa fina sobre la piel.<\/p>\n","protected":false},"excerpt":{"rendered":"<p>Disfruta del nuevo desodorante en aerosol AXE Aqua Citrus con 60% m\u00e1s de fragancia que un desodorante regular.<\/p>\n","protected":false},"featured_media":3153,"comment_status":"open","ping_status":"closed","template":"","meta":[],"product_brand":[],"product_cat":[152],"product_tag":[],"class_list":{"0":"post-4696","1":"product","2":"type-product","3":"status-publish","4":"has-post-thumbnail","6":"product_cat-cuidado-personal","8":"first","9":"instock","10":"sale","11":"shipping-taxable","12":"purchasable","13":"product-type-simple"},"_links":{"self":[{"href":"https:\/\/farmaciadagostino.com.ar\/sitio\/wp-json\/wp\/v2\/product\/4696","targetHints":{"allow":["GET"]}}],"collection":[{"href":"https:\/\/farmaciadagostino.com.ar\/sitio\/wp-json\/wp\/v2\/product"}],"about":[{"href":"https:\/\/farmaciadagostino.com.ar\/sitio\/wp-json\/wp\/v2\/types\/product"}],"replies":[{"embeddable":true,"href":"https:\/\/farmaciadagostino.com.ar\/sitio\/wp-json\/wp\/v2\/comments?post=4696"}],"wp:featuredmedia":[{"embeddable":true,"href":"https:\/\/farmaciadagostino.com.ar\/sitio\/wp-json\/wp\/v2\/media\/3153"}],"wp:attachment":[{"href":"https:\/\/farmaciadagostino.com.ar\/sitio\/wp-json\/wp\/v2\/media?parent=4696"}],"wp:term":[{"taxonomy":"product_brand","embeddable":true,"href":"https:\/\/farmaciadagostino.com.ar\/sitio\/wp-json\/wp\/v2\/product_brand?post=4696"},{"taxonomy":"product_cat","embeddable":true,"href":"https:\/\/farmaciadagostino.com.ar\/sitio\/wp-json\/wp\/v2\/product_cat?post=4696"},{"taxonomy":"product_tag","embeddable":true,"href":"https:\/\/farmaciadagostino.com.ar\/sitio\/wp-json\/wp\/v2\/product_tag?post=4696"}],"curies":[{"name":"wp","href":"https:\/\/api.w.org\/{rel}","templated":true}]}}