{"id":4716,"date":"2024-06-09T13:21:16","date_gmt":"2024-06-09T16:21:16","guid":{"rendered":"https:\/\/farmaciadagostino.com.ar\/sitio\/producto\/gillette-mach3-maquina-de-afeitar-1-cartucho\/"},"modified":"2026-03-09T10:25:06","modified_gmt":"2026-03-09T13:25:06","slug":"gillette-mach3-maquina-de-afeitar-1-cartucho","status":"publish","type":"product","link":"https:\/\/farmaciadagostino.com.ar\/sitio\/producto\/gillette-mach3-maquina-de-afeitar-1-cartucho\/","title":{"rendered":"Gillette M\u00e1quina de Afeitar 3 mach Recargable x 1 Unidad"},"content":{"rendered":"<p> Gillette\u00ae MACH3\u00ae. Dura hasta 2 veces m\u00e1s que la desechable l\u00edder. Despu\u00e9s de 10 afeitadas, a\u00fan sigue siendo mejor que una desechable nueva. Probala con el el Gel de afeitar MACH3\u00ae para una mejor afeitada. <\/p>\n<h5>Indicaciones:<\/h5>\n<p>Aplique la crema de afeitar y luego deslice la m\u00e1quina sobre su cara.<\/p>\n<\/p>\n<h5>Advertencias:<\/h5>\n<p>No dejar al alcance de los ni\u00f1os, tampoco exponer a temperaturas mayores a 48\u00b0C.<\/p>\n<h5>Beneficios:<\/h5>\n<p>Es mejor que una desechable, incluso en la 10a afeitada. El cabezal pivotante se ajusta al contorno de tu piel. Posee una banda lubricante que ayuda a proteger contra el enrojecimiento y se decolora cuando la afeitada ya no es \u00f3ptima. Hojas DuraComfort\u00ae individualmente montadas sobre resortes para lograr un confort duradero. Todos los cartuchos MACH3\u00ae se pueden usar con cualquier mango MACH3\u00ae. Sus 5 microtensores se encargan de alisar la piel para una afeitada uniforme y sin esfuerzo<\/p>\n","protected":false},"excerpt":{"rendered":"<p>Gillette\u00ae MACH3\u00ae<\/p>\n","protected":false},"featured_media":3135,"comment_status":"open","ping_status":"closed","template":"","meta":[],"product_brand":[],"product_cat":[152],"product_tag":[],"class_list":{"0":"post-4716","1":"product","2":"type-product","3":"status-publish","4":"has-post-thumbnail","6":"product_cat-cuidado-personal","8":"first","9":"instock","10":"shipping-taxable","11":"purchasable","12":"product-type-simple"},"_links":{"self":[{"href":"https:\/\/farmaciadagostino.com.ar\/sitio\/wp-json\/wp\/v2\/product\/4716","targetHints":{"allow":["GET"]}}],"collection":[{"href":"https:\/\/farmaciadagostino.com.ar\/sitio\/wp-json\/wp\/v2\/product"}],"about":[{"href":"https:\/\/farmaciadagostino.com.ar\/sitio\/wp-json\/wp\/v2\/types\/product"}],"replies":[{"embeddable":true,"href":"https:\/\/farmaciadagostino.com.ar\/sitio\/wp-json\/wp\/v2\/comments?post=4716"}],"wp:featuredmedia":[{"embeddable":true,"href":"https:\/\/farmaciadagostino.com.ar\/sitio\/wp-json\/wp\/v2\/media\/3135"}],"wp:attachment":[{"href":"https:\/\/farmaciadagostino.com.ar\/sitio\/wp-json\/wp\/v2\/media?parent=4716"}],"wp:term":[{"taxonomy":"product_brand","embeddable":true,"href":"https:\/\/farmaciadagostino.com.ar\/sitio\/wp-json\/wp\/v2\/product_brand?post=4716"},{"taxonomy":"product_cat","embeddable":true,"href":"https:\/\/farmaciadagostino.com.ar\/sitio\/wp-json\/wp\/v2\/product_cat?post=4716"},{"taxonomy":"product_tag","embeddable":true,"href":"https:\/\/farmaciadagostino.com.ar\/sitio\/wp-json\/wp\/v2\/product_tag?post=4716"}],"curies":[{"name":"wp","href":"https:\/\/api.w.org\/{rel}","templated":true}]}}