{"id":4718,"date":"2024-06-09T13:21:16","date_gmt":"2024-06-09T16:21:16","guid":{"rendered":"https:\/\/farmaciadagostino.com.ar\/sitio\/producto\/kotex-toalla-femenina-especial-con-alas-x8-un\/"},"modified":"2026-03-09T10:09:40","modified_gmt":"2026-03-09T13:09:40","slug":"kotex-toalla-femenina-especial-con-alas-x8-un","status":"publish","type":"product","link":"https:\/\/farmaciadagostino.com.ar\/sitio\/producto\/kotex-toalla-femenina-especial-con-alas-x8-un\/","title":{"rendered":"KOTEX TOALLA FEMENINA ESPECIAL CON ALAS x8 un"},"content":{"rendered":"<p>Centro azul \u2013 absorci\u00f3n instant\u00e1nea.<br \/>\nAjuste perfecto detr\u00e1s, ayuda a evitar desbordes.<br \/>\nM\u00e1xima seguridad, absorci\u00f3n instant\u00e1nea y control de olores.<br \/>\nCon alas.<br \/>\nModo de Uso.<br \/>\n1\u00b0 Desprend\u00e9 la toalla del empaque con su sistema ABRE F\u00c1CIL.<br \/>\n2\u00b0 Adherirla a su ropa interior.<br \/>\n3\u00b0 Por \u00faltimo, sujetar las alas de la toalla a su ropa interior.<\/p>\n","protected":false},"excerpt":{"rendered":"<p>Toalla Femenina Kotex\u00ae Tiene cubierta extra suave, que neutraliza olores y absorbe al instante.<\/p>\n","protected":false},"featured_media":3735,"comment_status":"open","ping_status":"closed","template":"","meta":[],"product_brand":[],"product_cat":[152],"product_tag":[],"class_list":{"0":"post-4718","1":"product","2":"type-product","3":"status-publish","4":"has-post-thumbnail","6":"product_cat-cuidado-personal","8":"first","9":"instock","10":"shipping-taxable","11":"purchasable","12":"product-type-simple"},"_links":{"self":[{"href":"https:\/\/farmaciadagostino.com.ar\/sitio\/wp-json\/wp\/v2\/product\/4718","targetHints":{"allow":["GET"]}}],"collection":[{"href":"https:\/\/farmaciadagostino.com.ar\/sitio\/wp-json\/wp\/v2\/product"}],"about":[{"href":"https:\/\/farmaciadagostino.com.ar\/sitio\/wp-json\/wp\/v2\/types\/product"}],"replies":[{"embeddable":true,"href":"https:\/\/farmaciadagostino.com.ar\/sitio\/wp-json\/wp\/v2\/comments?post=4718"}],"wp:featuredmedia":[{"embeddable":true,"href":"https:\/\/farmaciadagostino.com.ar\/sitio\/wp-json\/wp\/v2\/media\/3735"}],"wp:attachment":[{"href":"https:\/\/farmaciadagostino.com.ar\/sitio\/wp-json\/wp\/v2\/media?parent=4718"}],"wp:term":[{"taxonomy":"product_brand","embeddable":true,"href":"https:\/\/farmaciadagostino.com.ar\/sitio\/wp-json\/wp\/v2\/product_brand?post=4718"},{"taxonomy":"product_cat","embeddable":true,"href":"https:\/\/farmaciadagostino.com.ar\/sitio\/wp-json\/wp\/v2\/product_cat?post=4718"},{"taxonomy":"product_tag","embeddable":true,"href":"https:\/\/farmaciadagostino.com.ar\/sitio\/wp-json\/wp\/v2\/product_tag?post=4718"}],"curies":[{"name":"wp","href":"https:\/\/api.w.org\/{rel}","templated":true}]}}