{"id":4720,"date":"2024-06-09T13:21:17","date_gmt":"2024-06-09T16:21:17","guid":{"rendered":"https:\/\/farmaciadagostino.com.ar\/sitio\/producto\/axe-desodorante-marine-x97-gr\/"},"modified":"2026-03-09T10:25:06","modified_gmt":"2026-03-09T13:25:06","slug":"axe-desodorante-marine-x97-gr","status":"publish","type":"product","link":"https:\/\/farmaciadagostino.com.ar\/sitio\/producto\/axe-desodorante-marine-x97-gr\/","title":{"rendered":"AXE DESODORANTE MARINE x97 gr"},"content":{"rendered":"<p>Nuestra nueva y revolucionaria tecnolog\u00eda de doble acci\u00f3n combate las bacterias que causan el mal olor para que puedas oler incre\u00edblemente fresco durante 48 horas. Sent\u00ed vos tambi\u00e9n el nuevo efecto AXE.<br \/>\nBeneficios.<br \/>\nPerfume fresco.<br \/>\nProtecci\u00f3n contra el mal olor.<br \/>\nModo Uso.<br \/>\nAgit\u00e1 bien el antitranspirante antes de usar. Mantenelo a no menos de 15 cent\u00edmetros de las axilas y aplic\u00e1 para sentir la diferencia. Rendimiento superior que protege a tu ropa de las manchas.<\/p>\n","protected":false},"excerpt":{"rendered":"<p>Llev\u00e1 la frescura de las olas, la playa y el veranito a todos lados, todo el a\u00f1o y por muuuucho m\u00e1s tiempo con AXE Marine.<\/p>\n","protected":false},"featured_media":3380,"comment_status":"open","ping_status":"closed","template":"","meta":[],"product_brand":[],"product_cat":[152],"product_tag":[],"class_list":{"0":"post-4720","1":"product","2":"type-product","3":"status-publish","4":"has-post-thumbnail","6":"product_cat-cuidado-personal","8":"first","9":"instock","10":"shipping-taxable","11":"purchasable","12":"product-type-simple"},"_links":{"self":[{"href":"https:\/\/farmaciadagostino.com.ar\/sitio\/wp-json\/wp\/v2\/product\/4720","targetHints":{"allow":["GET"]}}],"collection":[{"href":"https:\/\/farmaciadagostino.com.ar\/sitio\/wp-json\/wp\/v2\/product"}],"about":[{"href":"https:\/\/farmaciadagostino.com.ar\/sitio\/wp-json\/wp\/v2\/types\/product"}],"replies":[{"embeddable":true,"href":"https:\/\/farmaciadagostino.com.ar\/sitio\/wp-json\/wp\/v2\/comments?post=4720"}],"wp:featuredmedia":[{"embeddable":true,"href":"https:\/\/farmaciadagostino.com.ar\/sitio\/wp-json\/wp\/v2\/media\/3380"}],"wp:attachment":[{"href":"https:\/\/farmaciadagostino.com.ar\/sitio\/wp-json\/wp\/v2\/media?parent=4720"}],"wp:term":[{"taxonomy":"product_brand","embeddable":true,"href":"https:\/\/farmaciadagostino.com.ar\/sitio\/wp-json\/wp\/v2\/product_brand?post=4720"},{"taxonomy":"product_cat","embeddable":true,"href":"https:\/\/farmaciadagostino.com.ar\/sitio\/wp-json\/wp\/v2\/product_cat?post=4720"},{"taxonomy":"product_tag","embeddable":true,"href":"https:\/\/farmaciadagostino.com.ar\/sitio\/wp-json\/wp\/v2\/product_tag?post=4720"}],"curies":[{"name":"wp","href":"https:\/\/api.w.org\/{rel}","templated":true}]}}