{"id":4721,"date":"2024-06-09T13:21:17","date_gmt":"2024-06-09T16:21:17","guid":{"rendered":"https:\/\/farmaciadagostino.com.ar\/sitio\/producto\/sedal-acondicionador-prebioticosbiotina-x340-ml\/"},"modified":"2026-03-09T10:09:40","modified_gmt":"2026-03-09T13:09:40","slug":"sedal-acondicionador-prebioticosbiotina-x340-ml","status":"publish","type":"product","link":"https:\/\/farmaciadagostino.com.ar\/sitio\/producto\/sedal-acondicionador-prebioticosbiotina-x340-ml\/","title":{"rendered":"Sedal Acondicionador Prebioticos + Biotina 340 ml"},"content":{"rendered":"<p>El nuevo Acondicionador Sedal Prebi\u00f3ticos + Biotina revitaliza el cuero cabelludo y ayuda a reducir la ca\u00edda* del pelo. Su exclusiva f\u00f3rmula combina Prebi\u00f3ticos + Biotina, para darle a tu cabello un cuidado profundo, ayudando a fortalecer la fibra capilar. Los prebi\u00f3ticos son conocidos por ayudar a mejorar la salud y bienestar general de la piel del cuero cabelludo y la Biotina es conocida por ayudar al crecimiento saludable y fuerte del cabello. *Ca\u00edda debido al quiebre con el uso de shampoo y tratamiento acondicionador de la l\u00ednea.<\/p>\n","protected":false},"excerpt":{"rendered":"<p>El nuevo Acondicionador Sedal Prebi\u00f3ticos + Biotina revitaliza el cuero cabelludo y ayuda a reducir la ca\u00edda* del pelo<\/p>\n","protected":false},"featured_media":3449,"comment_status":"open","ping_status":"closed","template":"","meta":[],"product_brand":[],"product_cat":[237,152],"product_tag":[],"class_list":{"0":"post-4721","1":"product","2":"type-product","3":"status-publish","4":"has-post-thumbnail","6":"product_cat-belleza","7":"product_cat-cuidado-personal","9":"first","10":"instock","11":"shipping-taxable","12":"purchasable","13":"product-type-simple"},"_links":{"self":[{"href":"https:\/\/farmaciadagostino.com.ar\/sitio\/wp-json\/wp\/v2\/product\/4721","targetHints":{"allow":["GET"]}}],"collection":[{"href":"https:\/\/farmaciadagostino.com.ar\/sitio\/wp-json\/wp\/v2\/product"}],"about":[{"href":"https:\/\/farmaciadagostino.com.ar\/sitio\/wp-json\/wp\/v2\/types\/product"}],"replies":[{"embeddable":true,"href":"https:\/\/farmaciadagostino.com.ar\/sitio\/wp-json\/wp\/v2\/comments?post=4721"}],"wp:featuredmedia":[{"embeddable":true,"href":"https:\/\/farmaciadagostino.com.ar\/sitio\/wp-json\/wp\/v2\/media\/3449"}],"wp:attachment":[{"href":"https:\/\/farmaciadagostino.com.ar\/sitio\/wp-json\/wp\/v2\/media?parent=4721"}],"wp:term":[{"taxonomy":"product_brand","embeddable":true,"href":"https:\/\/farmaciadagostino.com.ar\/sitio\/wp-json\/wp\/v2\/product_brand?post=4721"},{"taxonomy":"product_cat","embeddable":true,"href":"https:\/\/farmaciadagostino.com.ar\/sitio\/wp-json\/wp\/v2\/product_cat?post=4721"},{"taxonomy":"product_tag","embeddable":true,"href":"https:\/\/farmaciadagostino.com.ar\/sitio\/wp-json\/wp\/v2\/product_tag?post=4721"}],"curies":[{"name":"wp","href":"https:\/\/api.w.org\/{rel}","templated":true}]}}