{"id":4743,"date":"2024-06-09T13:21:25","date_gmt":"2024-06-09T16:21:25","guid":{"rendered":"https:\/\/farmaciadagostino.com.ar\/sitio\/producto\/geonat-colageno-500-piel-cabello-unas-y-articulaciones-x60-comp\/"},"modified":"2026-03-09T10:25:06","modified_gmt":"2026-03-09T13:25:06","slug":"geonat-colageno-500-piel-cabello-unas-y-articulaciones-x60-comp","status":"publish","type":"product","link":"https:\/\/farmaciadagostino.com.ar\/sitio\/producto\/geonat-colageno-500-piel-cabello-unas-y-articulaciones-x60-comp\/","title":{"rendered":"GEONAT COLAGENO 500 PIEL, CABELLO, U\u00d1AS Y ARTICULACIONES x60 comp"},"content":{"rendered":"<p>F\u00f3rmula tradicionalmente utilizada para ayudar a cuidar la piel, el cabello, las u\u00f1as y las articulaciones. Favorece la elasticidad y la textura de la piel, tonifica y revitaliza sus tejidos, evitando as\u00ed arrugas, manchas y estr\u00edas. Ayuda al crecimiento y salud de las u\u00f1as. Fortalece y brinda brillo al cabello.<br \/>\nINFORMACI\u00d3N DEL PRODUCTO<br \/>\nSuplemento dietario en comprimidos a base de Col\u00e1geno Hidrolizado y Vitamina E.<br \/>\nCada porci\u00f3n contiene: 1000 mg de col\u00e1geno hidrolizado, 10 mg alfa-te (100 % idr para vitamiana e). sin tacc.<br \/>\nBENEFICIOS<br \/>\nAyuda a reducir y a suavizar las arrugas.<br \/>\nMejora la elasticidad de la piel.<br \/>\nAyuda a mantener un cabello fuerte y sano.<br \/>\nMayor crecimiento y salud de las u\u00f1as.<br \/>\nEl col\u00e1geno posee efectos beneficiosos sobre las articulaciones.<br \/>\nMODO DE USO<br \/>\n2 comprimidos diarios alejados de las comidas.<\/p>\n","protected":false},"excerpt":{"rendered":"<p>Col\u00e1geno 500 Geonat combina p\u00e9ptidos de col\u00e1geno de alta biodisponibilidad y Vitamina E que ayudan a mantener tu piel, cabello y u\u00f1as saludables.<\/p>\n","protected":false},"featured_media":4097,"comment_status":"open","ping_status":"closed","template":"","meta":[],"product_brand":[],"product_cat":[15],"product_tag":[],"class_list":{"0":"post-4743","1":"product","2":"type-product","3":"status-publish","4":"has-post-thumbnail","6":"product_cat-sin-categorizar","8":"first","9":"instock","10":"shipping-taxable","11":"purchasable","12":"product-type-simple"},"_links":{"self":[{"href":"https:\/\/farmaciadagostino.com.ar\/sitio\/wp-json\/wp\/v2\/product\/4743","targetHints":{"allow":["GET"]}}],"collection":[{"href":"https:\/\/farmaciadagostino.com.ar\/sitio\/wp-json\/wp\/v2\/product"}],"about":[{"href":"https:\/\/farmaciadagostino.com.ar\/sitio\/wp-json\/wp\/v2\/types\/product"}],"replies":[{"embeddable":true,"href":"https:\/\/farmaciadagostino.com.ar\/sitio\/wp-json\/wp\/v2\/comments?post=4743"}],"wp:featuredmedia":[{"embeddable":true,"href":"https:\/\/farmaciadagostino.com.ar\/sitio\/wp-json\/wp\/v2\/media\/4097"}],"wp:attachment":[{"href":"https:\/\/farmaciadagostino.com.ar\/sitio\/wp-json\/wp\/v2\/media?parent=4743"}],"wp:term":[{"taxonomy":"product_brand","embeddable":true,"href":"https:\/\/farmaciadagostino.com.ar\/sitio\/wp-json\/wp\/v2\/product_brand?post=4743"},{"taxonomy":"product_cat","embeddable":true,"href":"https:\/\/farmaciadagostino.com.ar\/sitio\/wp-json\/wp\/v2\/product_cat?post=4743"},{"taxonomy":"product_tag","embeddable":true,"href":"https:\/\/farmaciadagostino.com.ar\/sitio\/wp-json\/wp\/v2\/product_tag?post=4743"}],"curies":[{"name":"wp","href":"https:\/\/api.w.org\/{rel}","templated":true}]}}