{"id":4761,"date":"2024-06-09T13:21:26","date_gmt":"2024-06-09T16:21:26","guid":{"rendered":"https:\/\/farmaciadagostino.com.ar\/sitio\/producto\/benetton-perfume-hombre-black-intenso-x100-ml\/"},"modified":"2026-03-09T10:25:06","modified_gmt":"2026-03-09T13:25:06","slug":"benetton-perfume-hombre-black-intenso-x100-ml","status":"publish","type":"product","link":"https:\/\/farmaciadagostino.com.ar\/sitio\/producto\/benetton-perfume-hombre-black-intenso-x100-ml\/","title":{"rendered":"BENETTON PERFUME HOMBRE BLACK INTENSO x100 ml"},"content":{"rendered":"<p>Colors Man Black Intenso sorprende con una intensa y armoniosa diversidad de esencias.<br \/>\nEn contraposici\u00f3n a las especias en las notas de salida, a un coraz\u00f3n arom\u00e1tico de suaves maderas, terminando con un fondo oriental de madera de cedro y \u00e1mbar.<br \/>\nNotas de salida: Bergamota, pimienta negra<br \/>\nNotas de coraz\u00f3n: Lavanda, pachul\u00ed<br \/>\nNotas de fondo: L\u00e1dano, benju\u00ed<br \/>\nModo Uso.<br \/>\nCuando apliques la fragancia, hazlo manteniendo el frasco a una distancia aproximada de 10 cm respecto a la piel. De esta forma, el aroma se distribuir\u00e1 mejor en la piel. Usa el perfume y deja que este penetre en la piel y se seque por si solo, de esta forma el olor perdurar\u00e1 m\u00e1s tiempo.<\/p>\n","protected":false},"excerpt":{"rendered":"<p>Vive m\u00e1s. Siente m\u00e1s. Atr\u00e9vete a vivir con m\u00e1s intensidad y d\u00e9jate sorprender por la intensidad y diversidad de esencias c\u00edtricas, especiadas, amaderadas, con un toque oriental. Misma personalidad que el Black, diferente intensidad.<\/p>\n","protected":false},"featured_media":4583,"comment_status":"open","ping_status":"closed","template":"","meta":[],"product_brand":[],"product_cat":[237],"product_tag":[],"class_list":{"0":"post-4761","1":"product","2":"type-product","3":"status-publish","4":"has-post-thumbnail","6":"product_cat-belleza","8":"first","9":"instock","10":"shipping-taxable","11":"purchasable","12":"product-type-simple"},"_links":{"self":[{"href":"https:\/\/farmaciadagostino.com.ar\/sitio\/wp-json\/wp\/v2\/product\/4761","targetHints":{"allow":["GET"]}}],"collection":[{"href":"https:\/\/farmaciadagostino.com.ar\/sitio\/wp-json\/wp\/v2\/product"}],"about":[{"href":"https:\/\/farmaciadagostino.com.ar\/sitio\/wp-json\/wp\/v2\/types\/product"}],"replies":[{"embeddable":true,"href":"https:\/\/farmaciadagostino.com.ar\/sitio\/wp-json\/wp\/v2\/comments?post=4761"}],"wp:featuredmedia":[{"embeddable":true,"href":"https:\/\/farmaciadagostino.com.ar\/sitio\/wp-json\/wp\/v2\/media\/4583"}],"wp:attachment":[{"href":"https:\/\/farmaciadagostino.com.ar\/sitio\/wp-json\/wp\/v2\/media?parent=4761"}],"wp:term":[{"taxonomy":"product_brand","embeddable":true,"href":"https:\/\/farmaciadagostino.com.ar\/sitio\/wp-json\/wp\/v2\/product_brand?post=4761"},{"taxonomy":"product_cat","embeddable":true,"href":"https:\/\/farmaciadagostino.com.ar\/sitio\/wp-json\/wp\/v2\/product_cat?post=4761"},{"taxonomy":"product_tag","embeddable":true,"href":"https:\/\/farmaciadagostino.com.ar\/sitio\/wp-json\/wp\/v2\/product_tag?post=4761"}],"curies":[{"name":"wp","href":"https:\/\/api.w.org\/{rel}","templated":true}]}}