{"id":4765,"date":"2024-06-09T13:21:28","date_gmt":"2024-06-09T16:21:28","guid":{"rendered":"https:\/\/farmaciadagostino.com.ar\/sitio\/producto\/cetaphil-liquido-limpiador-para-piel-grasa-x473-ml\/"},"modified":"2026-03-09T10:09:41","modified_gmt":"2026-03-09T13:09:41","slug":"cetaphil-liquido-limpiador-para-piel-grasa-x473-ml","status":"publish","type":"product","link":"https:\/\/farmaciadagostino.com.ar\/sitio\/producto\/cetaphil-liquido-limpiador-para-piel-grasa-x473-ml\/","title":{"rendered":"CETAPHIL L\u00cdQUIDO LIMPIADOR PARA PIEL GRASA x473 ml"},"content":{"rendered":"<p>Esta f\u00f3rmula sin fragancia est\u00e1 especialmente desarrollada como una f\u00f3rmula suave de gel a espuma que limpia profundamente y minimiza la apariencia de los poros sin quitarle a la piel su humedad natural. Dise\u00f1ado con una mezcla respaldada por la ciencia de niacinamida (vitamina B3 esencial), pantenol (provitamina B5) y glicerina hidratante para ayudar a mejorar la resiliencia de la piel. Probado por dermat\u00f3logos y cl\u00ednicamente demostrado que es suave con la piel sensible.<br \/>\nCl\u00ednicamente probado para una limpieza profunda y al mismo tiempo elimina eficazmente la suciedad, el exceso de grasa y el maquillaje sin dejar la piel seca ni tirante.<br \/>\n\u00a0<br \/>\nModo de empleo con agua:<br \/>\nAplicar una dosificaci\u00f3n sobre las manos, frotar generando una peque\u00f1a espuma y aplicarlo sobre el rostro, frotando suavemente en c\u00edrculos.<br \/>\nAclarar con agua. Libre de Aceite No obstruye los Poros Dermatol\u00f3gicamente probado.<\/p>\n","protected":false},"excerpt":{"rendered":"<p>Formulado para pieles mixtas a grasas y sensibles.<\/p>\n","protected":false},"featured_media":2936,"comment_status":"open","ping_status":"closed","template":"","meta":[],"product_brand":[],"product_cat":[237,152],"product_tag":[],"class_list":{"0":"post-4765","1":"product","2":"type-product","3":"status-publish","4":"has-post-thumbnail","6":"product_cat-belleza","7":"product_cat-cuidado-personal","9":"first","10":"instock","11":"shipping-taxable","12":"purchasable","13":"product-type-simple"},"_links":{"self":[{"href":"https:\/\/farmaciadagostino.com.ar\/sitio\/wp-json\/wp\/v2\/product\/4765","targetHints":{"allow":["GET"]}}],"collection":[{"href":"https:\/\/farmaciadagostino.com.ar\/sitio\/wp-json\/wp\/v2\/product"}],"about":[{"href":"https:\/\/farmaciadagostino.com.ar\/sitio\/wp-json\/wp\/v2\/types\/product"}],"replies":[{"embeddable":true,"href":"https:\/\/farmaciadagostino.com.ar\/sitio\/wp-json\/wp\/v2\/comments?post=4765"}],"wp:featuredmedia":[{"embeddable":true,"href":"https:\/\/farmaciadagostino.com.ar\/sitio\/wp-json\/wp\/v2\/media\/2936"}],"wp:attachment":[{"href":"https:\/\/farmaciadagostino.com.ar\/sitio\/wp-json\/wp\/v2\/media?parent=4765"}],"wp:term":[{"taxonomy":"product_brand","embeddable":true,"href":"https:\/\/farmaciadagostino.com.ar\/sitio\/wp-json\/wp\/v2\/product_brand?post=4765"},{"taxonomy":"product_cat","embeddable":true,"href":"https:\/\/farmaciadagostino.com.ar\/sitio\/wp-json\/wp\/v2\/product_cat?post=4765"},{"taxonomy":"product_tag","embeddable":true,"href":"https:\/\/farmaciadagostino.com.ar\/sitio\/wp-json\/wp\/v2\/product_tag?post=4765"}],"curies":[{"name":"wp","href":"https:\/\/api.w.org\/{rel}","templated":true}]}}