{"id":4772,"date":"2024-06-09T13:21:31","date_gmt":"2024-06-09T16:21:31","guid":{"rendered":"https:\/\/farmaciadagostino.com.ar\/sitio\/producto\/johnson-baby-spray-para-peinar-gotas-brillo-x200-ml\/"},"modified":"2026-03-09T10:25:06","modified_gmt":"2026-03-09T13:25:06","slug":"johnson-baby-spray-para-peinar-gotas-brillo-x200-ml","status":"publish","type":"product","link":"https:\/\/farmaciadagostino.com.ar\/sitio\/producto\/johnson-baby-spray-para-peinar-gotas-brillo-x200-ml\/","title":{"rendered":"Johnsons Baby Spray Gotas de Brillo 200 ml"},"content":{"rendered":"<h5>Nombre<\/h5>\n<p>Spray para peinar Johnson\u00b4s Baby Gotas de Brillo x 200 ml<\/p>\n<h5>Descripci\u00f3n<\/h5>\n<p>Aplicando el spray para peinar podr\u00e1s facilitar el peinado de tu princesa, dejando su pelo m\u00e1s suave y suelto desde el primer uso. Tiene pH balanceado, dermatol\u00f3gicamente comprobado y es libre de ftalatos y conservantes donadores de formaldehido.<\/p>\n<h5>Modo de uso<\/h5>\n<p>1)Agita el Spray antes de usarlo. 2)<br \/>\nDespu\u00e9s de usar el shampoo y acondicionador JOHNSON?S\u00ae baby gotas de brillo?, aplica el spray para peinar (en pelo seco o mojado).<br \/>\n3) Peina a tu princesa y divi\u00e9rtete todo el d\u00eda jugando con ella. No necesitas enjuague. Recuerda que este producto es permitido en ni\u00f1os menores de seis a\u00f1os.<\/p>\n","protected":false},"excerpt":{"rendered":"<p>NombreSpray para peinar Johnson\u00b4s Baby Gotas de Brillo x 200 mlDescripci\u00f3nAplicando el spray para peinar podr\u00e1s facilitar el peinado de tu princesa, dejando su pelo m\u00e1s suave y suelto desde el primer uso<\/p>\n","protected":false},"featured_media":3196,"comment_status":"open","ping_status":"closed","template":"","meta":[],"product_brand":[],"product_cat":[177],"product_tag":[],"class_list":{"0":"post-4772","1":"product","2":"type-product","3":"status-publish","4":"has-post-thumbnail","6":"product_cat-bebe-maternidad","8":"first","9":"instock","10":"shipping-taxable","11":"purchasable","12":"product-type-simple"},"_links":{"self":[{"href":"https:\/\/farmaciadagostino.com.ar\/sitio\/wp-json\/wp\/v2\/product\/4772","targetHints":{"allow":["GET"]}}],"collection":[{"href":"https:\/\/farmaciadagostino.com.ar\/sitio\/wp-json\/wp\/v2\/product"}],"about":[{"href":"https:\/\/farmaciadagostino.com.ar\/sitio\/wp-json\/wp\/v2\/types\/product"}],"replies":[{"embeddable":true,"href":"https:\/\/farmaciadagostino.com.ar\/sitio\/wp-json\/wp\/v2\/comments?post=4772"}],"wp:featuredmedia":[{"embeddable":true,"href":"https:\/\/farmaciadagostino.com.ar\/sitio\/wp-json\/wp\/v2\/media\/3196"}],"wp:attachment":[{"href":"https:\/\/farmaciadagostino.com.ar\/sitio\/wp-json\/wp\/v2\/media?parent=4772"}],"wp:term":[{"taxonomy":"product_brand","embeddable":true,"href":"https:\/\/farmaciadagostino.com.ar\/sitio\/wp-json\/wp\/v2\/product_brand?post=4772"},{"taxonomy":"product_cat","embeddable":true,"href":"https:\/\/farmaciadagostino.com.ar\/sitio\/wp-json\/wp\/v2\/product_cat?post=4772"},{"taxonomy":"product_tag","embeddable":true,"href":"https:\/\/farmaciadagostino.com.ar\/sitio\/wp-json\/wp\/v2\/product_tag?post=4772"}],"curies":[{"name":"wp","href":"https:\/\/api.w.org\/{rel}","templated":true}]}}