{"id":4773,"date":"2024-06-09T13:21:31","date_gmt":"2024-06-09T16:21:31","guid":{"rendered":"https:\/\/farmaciadagostino.com.ar\/sitio\/producto\/natufarma-chia-con-omega-3-x60-caps\/"},"modified":"2026-03-09T10:09:41","modified_gmt":"2026-03-09T13:09:41","slug":"natufarma-chia-con-omega-3-x60-caps","status":"publish","type":"product","link":"https:\/\/farmaciadagostino.com.ar\/sitio\/producto\/natufarma-chia-con-omega-3-x60-caps\/","title":{"rendered":"NATUFARMA CH\u00cdA CON OMEGA 3 x60 caps"},"content":{"rendered":"<p>Ch\u00eda Omega 3 proviene de una familia de \u00e1cidos que se caracterizan por no ser sintetizados por nuestro organismo y su falta produce efectos carenciales que desaparecen si se los agrega en la dieta, por eso se los denominan esenciales. Existen los de origen animal, como el aceite de pescado y los de origen vegetal, entre los que se destaca la semilla de ch\u00eda. \u00c9sta se distingue por su riqueza en \u00e1cidos grasos poliinsaturados donde el 60% de \u00e9stos, es el \u00e1cido alfa linol\u00e9nico omega 3 precursor del DHA y del EPA<br \/>\nEFECTOS Y BENEFICIOS:<br \/>\nNormaliza los niveles de colesterol y triglic\u00e9ridos y mantiene la flexibilidad de venas y arterias.<br \/>\nINDICACIONES:<br \/>\nNi\u00f1os: entre 2 y 12 a\u00f1os: 1 c\u00e1psula por d\u00eda<br \/>\nAdultos, embarazadas y en lactancia: 1 o 2 c\u00e1ps. por d\u00eda, siempre media hora antes de alguna de las principales comidas.<\/p>\n","protected":false},"excerpt":{"rendered":"<p>El omega-3 del aceite de ch\u00eda contribuye a reducir los niveles de colesterol y triglic\u00e9ridos.<\/p>\n","protected":false},"featured_media":3799,"comment_status":"open","ping_status":"closed","template":"","meta":[],"product_brand":[],"product_cat":[149],"product_tag":[],"class_list":{"0":"post-4773","1":"product","2":"type-product","3":"status-publish","4":"has-post-thumbnail","6":"product_cat-farmacia","8":"first","9":"instock","10":"shipping-taxable","11":"purchasable","12":"product-type-simple"},"_links":{"self":[{"href":"https:\/\/farmaciadagostino.com.ar\/sitio\/wp-json\/wp\/v2\/product\/4773","targetHints":{"allow":["GET"]}}],"collection":[{"href":"https:\/\/farmaciadagostino.com.ar\/sitio\/wp-json\/wp\/v2\/product"}],"about":[{"href":"https:\/\/farmaciadagostino.com.ar\/sitio\/wp-json\/wp\/v2\/types\/product"}],"replies":[{"embeddable":true,"href":"https:\/\/farmaciadagostino.com.ar\/sitio\/wp-json\/wp\/v2\/comments?post=4773"}],"wp:featuredmedia":[{"embeddable":true,"href":"https:\/\/farmaciadagostino.com.ar\/sitio\/wp-json\/wp\/v2\/media\/3799"}],"wp:attachment":[{"href":"https:\/\/farmaciadagostino.com.ar\/sitio\/wp-json\/wp\/v2\/media?parent=4773"}],"wp:term":[{"taxonomy":"product_brand","embeddable":true,"href":"https:\/\/farmaciadagostino.com.ar\/sitio\/wp-json\/wp\/v2\/product_brand?post=4773"},{"taxonomy":"product_cat","embeddable":true,"href":"https:\/\/farmaciadagostino.com.ar\/sitio\/wp-json\/wp\/v2\/product_cat?post=4773"},{"taxonomy":"product_tag","embeddable":true,"href":"https:\/\/farmaciadagostino.com.ar\/sitio\/wp-json\/wp\/v2\/product_tag?post=4773"}],"curies":[{"name":"wp","href":"https:\/\/api.w.org\/{rel}","templated":true}]}}