{"id":4785,"date":"2024-06-09T13:21:33","date_gmt":"2024-06-09T16:21:33","guid":{"rendered":"https:\/\/farmaciadagostino.com.ar\/sitio\/producto\/dermaglos-facial-ultra-mascara-hidratante-x15-ml\/"},"modified":"2026-03-09T10:25:06","modified_gmt":"2026-03-09T13:25:06","slug":"dermaglos-facial-ultra-mascara-hidratante-x15-ml","status":"publish","type":"product","link":"https:\/\/farmaciadagostino.com.ar\/sitio\/producto\/dermaglos-facial-ultra-mascara-hidratante-x15-ml\/","title":{"rendered":"Dermagl\u00f3s M\u00e1scara de Tela Ultra Hidrataci\u00f3n 15 ml. 1 Unidad"},"content":{"rendered":"<p>M\u00e1scar de Tela Dermaglos Ultra Hidrataci\u00f3n 15ml. 1 unidad<\/p>\n<p>Formulada con Acido Hialur\u00f3nico que aportar una hidrataci\u00f3n profunda en 15 minutos.<br \/>\nMejora la elasticidad, tonifica, reafirma y siaviza la piel.<br \/>\nF\u00e1cil aplicaci\u00f3n y r\u00e1pida absorci\u00f3n.<\/p>\n<p>Modo de uso:<br \/>\nLimpiar y secar completamente el rostro. Extraer la m\u00e1scara del envase y desplegar cuidadosamente .<br \/>\nAplicar sobre el rostro presionando suavemente con la yema de los dedos para amoldarla.<br \/>\nMantener la aplicaci\u00f3n durante 15 minutos.<br \/>\nLuego, retirar y desechar la m\u00e1scara.<br \/>\nMasajear para extender el remanente sobre el rostro. No enjuagar. Se recomienda el uso 2 veces a la semana.<\/p>\n","protected":false},"excerpt":{"rendered":"<p>M\u00e1scar de Tela Dermaglos Ultra Hidrataci\u00f3n 15ml<\/p>\n","protected":false},"featured_media":3696,"comment_status":"open","ping_status":"closed","template":"","meta":[],"product_brand":[],"product_cat":[237,162],"product_tag":[],"class_list":{"0":"post-4785","1":"product","2":"type-product","3":"status-publish","4":"has-post-thumbnail","6":"product_cat-belleza","7":"product_cat-dermocosmetica","9":"first","10":"instock","11":"shipping-taxable","12":"purchasable","13":"product-type-simple"},"_links":{"self":[{"href":"https:\/\/farmaciadagostino.com.ar\/sitio\/wp-json\/wp\/v2\/product\/4785","targetHints":{"allow":["GET"]}}],"collection":[{"href":"https:\/\/farmaciadagostino.com.ar\/sitio\/wp-json\/wp\/v2\/product"}],"about":[{"href":"https:\/\/farmaciadagostino.com.ar\/sitio\/wp-json\/wp\/v2\/types\/product"}],"replies":[{"embeddable":true,"href":"https:\/\/farmaciadagostino.com.ar\/sitio\/wp-json\/wp\/v2\/comments?post=4785"}],"wp:featuredmedia":[{"embeddable":true,"href":"https:\/\/farmaciadagostino.com.ar\/sitio\/wp-json\/wp\/v2\/media\/3696"}],"wp:attachment":[{"href":"https:\/\/farmaciadagostino.com.ar\/sitio\/wp-json\/wp\/v2\/media?parent=4785"}],"wp:term":[{"taxonomy":"product_brand","embeddable":true,"href":"https:\/\/farmaciadagostino.com.ar\/sitio\/wp-json\/wp\/v2\/product_brand?post=4785"},{"taxonomy":"product_cat","embeddable":true,"href":"https:\/\/farmaciadagostino.com.ar\/sitio\/wp-json\/wp\/v2\/product_cat?post=4785"},{"taxonomy":"product_tag","embeddable":true,"href":"https:\/\/farmaciadagostino.com.ar\/sitio\/wp-json\/wp\/v2\/product_tag?post=4785"}],"curies":[{"name":"wp","href":"https:\/\/api.w.org\/{rel}","templated":true}]}}