{"id":4807,"date":"2024-06-09T13:21:36","date_gmt":"2024-06-09T16:21:36","guid":{"rendered":"https:\/\/farmaciadagostino.com.ar\/sitio\/producto\/espadol-dettol-jabon-active-deo-x3-un-x80-gr\/"},"modified":"2026-03-09T10:09:41","modified_gmt":"2026-03-09T13:09:41","slug":"espadol-dettol-jabon-active-deo-x3-un-x80-gr","status":"publish","type":"product","link":"https:\/\/farmaciadagostino.com.ar\/sitio\/producto\/espadol-dettol-jabon-active-deo-x3-un-x80-gr\/","title":{"rendered":"ESPADOL DETTOL JAB\u00d3N ACTIVE DEO x3 un x80 gr"},"content":{"rendered":"<p>Espadol Dettol Active Deo combate las bacterias que causan el mal olor de la transpiraci\u00f3n. Lavarse las manos con jab\u00f3n todos los d\u00edas es un h\u00e1bito que mejora la salud de toda la familia. *Producto sin acci\u00f3n terap\u00e9utica<\/p>\n","protected":false},"excerpt":{"rendered":"<p>Espadol Dettol Active Deo combate las bacterias que causan el mal olor de la transpiraci\u00f3n. Lavarse las manos con jab\u00f3n todos los d\u00edas es un h\u00e1bito que mejora la salud de toda la familia. *Producto sin acci\u00f3n terap\u00e9utica<\/p>\n","protected":false},"featured_media":4329,"comment_status":"open","ping_status":"closed","template":"","meta":[],"product_brand":[],"product_cat":[152],"product_tag":[],"class_list":{"0":"post-4807","1":"product","2":"type-product","3":"status-publish","4":"has-post-thumbnail","6":"product_cat-cuidado-personal","8":"first","9":"instock","10":"shipping-taxable","11":"purchasable","12":"product-type-simple"},"_links":{"self":[{"href":"https:\/\/farmaciadagostino.com.ar\/sitio\/wp-json\/wp\/v2\/product\/4807","targetHints":{"allow":["GET"]}}],"collection":[{"href":"https:\/\/farmaciadagostino.com.ar\/sitio\/wp-json\/wp\/v2\/product"}],"about":[{"href":"https:\/\/farmaciadagostino.com.ar\/sitio\/wp-json\/wp\/v2\/types\/product"}],"replies":[{"embeddable":true,"href":"https:\/\/farmaciadagostino.com.ar\/sitio\/wp-json\/wp\/v2\/comments?post=4807"}],"wp:featuredmedia":[{"embeddable":true,"href":"https:\/\/farmaciadagostino.com.ar\/sitio\/wp-json\/wp\/v2\/media\/4329"}],"wp:attachment":[{"href":"https:\/\/farmaciadagostino.com.ar\/sitio\/wp-json\/wp\/v2\/media?parent=4807"}],"wp:term":[{"taxonomy":"product_brand","embeddable":true,"href":"https:\/\/farmaciadagostino.com.ar\/sitio\/wp-json\/wp\/v2\/product_brand?post=4807"},{"taxonomy":"product_cat","embeddable":true,"href":"https:\/\/farmaciadagostino.com.ar\/sitio\/wp-json\/wp\/v2\/product_cat?post=4807"},{"taxonomy":"product_tag","embeddable":true,"href":"https:\/\/farmaciadagostino.com.ar\/sitio\/wp-json\/wp\/v2\/product_tag?post=4807"}],"curies":[{"name":"wp","href":"https:\/\/api.w.org\/{rel}","templated":true}]}}