{"id":4830,"date":"2024-06-09T13:21:40","date_gmt":"2024-06-09T16:21:40","guid":{"rendered":"https:\/\/farmaciadagostino.com.ar\/sitio\/producto\/eucerin-da-control-crema-cuidado-intensivo-x40-gr\/"},"modified":"2026-03-09T10:09:41","modified_gmt":"2026-03-09T13:09:41","slug":"eucerin-da-control-crema-cuidado-intensivo-x40-gr","status":"publish","type":"product","link":"https:\/\/farmaciadagostino.com.ar\/sitio\/producto\/eucerin-da-control-crema-cuidado-intensivo-x40-gr\/","title":{"rendered":"EUCERIN DA CONTROL CREMA CUIDADO INTENSIVO x40 gr"},"content":{"rendered":"<p>Sus propiedades para el cuidado de la piel ayudan a reducir el uso de hidrocortisona durante los brotes. Un estudio cl\u00ednico muestra el efecto cosm\u00e9tico de las propiedades para el cuidado de la piel de Eucerin DA Control Crema de Cuidado Intensivo comparado con los efectos de una crema con un 1% de hidrocortisona sobre el cutis de la piel at\u00f3pica. Eucerin DA Control Crema de Cuidado Intensivo no es un producto farmac\u00e9utico y no pretende reemplazar a uno.<br \/>\nPara minimizar el riesgo de contraer irritaciones y alergias en la piel, es libre de cortisona, fragancia, colorante y parabenos.<br \/>\nBENEFICIOS EUCERIN DA CONTROL CREMA<br \/>\nReducci\u00f3n significativa de la p\u00e9rdida transepid\u00e9rmica de agua.<br \/>\nClama y alivio de la irritaci\u00f3n y el enrojecimiento.<br \/>\nLa necesidad de rascarse se reduce y la piel se siente aliviada.<br \/>\nPROPIEDADES<br \/>\nAdecuado para beb\u00e9s<br \/>\nSin fragancia<br \/>\nMODO DE USO<br \/>\nAplicar con la frecuencia que sea necesaria en las \u00e1reas afectadas durante los brotes.<br \/>\nOcasionalmente se puede percibir una sensaci\u00f3n de frescura o suaves pinchazos.<\/p>\n","protected":false},"excerpt":{"rendered":"<p>La nueva DA Control Crema de Cuidado Intensivo corporal rompe con el c\u00edrculo vicioso de los brotes con picaz\u00f3n con su cuidado aliviador.<\/p>\n","protected":false},"featured_media":2985,"comment_status":"open","ping_status":"closed","template":"","meta":[],"product_brand":[],"product_cat":[237,162],"product_tag":[],"class_list":{"0":"post-4830","1":"product","2":"type-product","3":"status-publish","4":"has-post-thumbnail","6":"product_cat-belleza","7":"product_cat-dermocosmetica","9":"first","10":"instock","11":"shipping-taxable","12":"purchasable","13":"product-type-simple"},"_links":{"self":[{"href":"https:\/\/farmaciadagostino.com.ar\/sitio\/wp-json\/wp\/v2\/product\/4830","targetHints":{"allow":["GET"]}}],"collection":[{"href":"https:\/\/farmaciadagostino.com.ar\/sitio\/wp-json\/wp\/v2\/product"}],"about":[{"href":"https:\/\/farmaciadagostino.com.ar\/sitio\/wp-json\/wp\/v2\/types\/product"}],"replies":[{"embeddable":true,"href":"https:\/\/farmaciadagostino.com.ar\/sitio\/wp-json\/wp\/v2\/comments?post=4830"}],"wp:featuredmedia":[{"embeddable":true,"href":"https:\/\/farmaciadagostino.com.ar\/sitio\/wp-json\/wp\/v2\/media\/2985"}],"wp:attachment":[{"href":"https:\/\/farmaciadagostino.com.ar\/sitio\/wp-json\/wp\/v2\/media?parent=4830"}],"wp:term":[{"taxonomy":"product_brand","embeddable":true,"href":"https:\/\/farmaciadagostino.com.ar\/sitio\/wp-json\/wp\/v2\/product_brand?post=4830"},{"taxonomy":"product_cat","embeddable":true,"href":"https:\/\/farmaciadagostino.com.ar\/sitio\/wp-json\/wp\/v2\/product_cat?post=4830"},{"taxonomy":"product_tag","embeddable":true,"href":"https:\/\/farmaciadagostino.com.ar\/sitio\/wp-json\/wp\/v2\/product_tag?post=4830"}],"curies":[{"name":"wp","href":"https:\/\/api.w.org\/{rel}","templated":true}]}}