{"id":4837,"date":"2024-06-09T13:21:40","date_gmt":"2024-06-09T16:21:40","guid":{"rendered":"https:\/\/farmaciadagostino.com.ar\/sitio\/producto\/nivea-body-crema-corporal-rapida-absorcion-x400-ml\/"},"modified":"2026-03-09T10:17:54","modified_gmt":"2026-03-09T13:17:54","slug":"nivea-body-crema-corporal-rapida-absorcion-x400-ml","status":"publish","type":"product","link":"https:\/\/farmaciadagostino.com.ar\/sitio\/producto\/nivea-body-crema-corporal-rapida-absorcion-x400-ml\/","title":{"rendered":"NIVEA BODY MILK NUTRITIVA P-EX-SECA X 400ML"},"content":{"rendered":"<p>Descripci\u00f3n.<br \/>\nLa Crema corporal NIVEA Milk Nutritiva ofrece 5 beneficios en 1: 48 horas de nutrici\u00f3n profunda, protecci\u00f3n contra la sequedad de la piel, brinda suavidad en la piel, absorci\u00f3n r\u00e1pida e instant\u00e1nea y la piel luce visiblemente m\u00e1s saludable. Su f\u00f3rmula contiene s\u00e9rum de humectaci\u00f3n profunda y doble contenido de Aceite de Almendras. Tiene una combinaci\u00f3n \u00fanica de hidratantes, de l\u00edpidos que retienen la hidrataci\u00f3n y de aceites nutritivos. Es ideal para pieles extra secas<\/p>\n<p>Beneficios.<br \/>\n48 horas de nutrici\u00f3n profunda.<br \/>\nProtecci\u00f3n contra la sequedad de la piel.<br \/>\nBrinda suavidad en la piel.<br \/>\nR\u00e1pida absorci\u00f3n.<br \/>\nPiel visiblemente m\u00e1s saludable.<\/p>\n<p>Modo Uso.<br \/>\n1\u00b0 Aplicar NIVEA Crema corporal Milk Nutritiva 5 en 1 diariamente en todo el cuerpo.<br \/>\n2\u00b0 Masajear suavemente el cuerpo mientras se absorbe.<br \/>\n3\u00b0 Reaplicar las veces que sea necesario.<\/p>\n","protected":false},"excerpt":{"rendered":"<p>Crema Corporal Nivea Milk Nutritiva 5 En 1 Para Piel Extra Seca x400ml<\/p>\n","protected":false},"featured_media":3046,"comment_status":"open","ping_status":"closed","template":"","meta":[],"product_brand":[],"product_cat":[237,162],"product_tag":[],"class_list":{"0":"post-4837","1":"product","2":"type-product","3":"status-publish","4":"has-post-thumbnail","6":"product_cat-belleza","7":"product_cat-dermocosmetica","9":"first","10":"instock","11":"shipping-taxable","12":"purchasable","13":"product-type-simple"},"_links":{"self":[{"href":"https:\/\/farmaciadagostino.com.ar\/sitio\/wp-json\/wp\/v2\/product\/4837","targetHints":{"allow":["GET"]}}],"collection":[{"href":"https:\/\/farmaciadagostino.com.ar\/sitio\/wp-json\/wp\/v2\/product"}],"about":[{"href":"https:\/\/farmaciadagostino.com.ar\/sitio\/wp-json\/wp\/v2\/types\/product"}],"replies":[{"embeddable":true,"href":"https:\/\/farmaciadagostino.com.ar\/sitio\/wp-json\/wp\/v2\/comments?post=4837"}],"wp:featuredmedia":[{"embeddable":true,"href":"https:\/\/farmaciadagostino.com.ar\/sitio\/wp-json\/wp\/v2\/media\/3046"}],"wp:attachment":[{"href":"https:\/\/farmaciadagostino.com.ar\/sitio\/wp-json\/wp\/v2\/media?parent=4837"}],"wp:term":[{"taxonomy":"product_brand","embeddable":true,"href":"https:\/\/farmaciadagostino.com.ar\/sitio\/wp-json\/wp\/v2\/product_brand?post=4837"},{"taxonomy":"product_cat","embeddable":true,"href":"https:\/\/farmaciadagostino.com.ar\/sitio\/wp-json\/wp\/v2\/product_cat?post=4837"},{"taxonomy":"product_tag","embeddable":true,"href":"https:\/\/farmaciadagostino.com.ar\/sitio\/wp-json\/wp\/v2\/product_tag?post=4837"}],"curies":[{"name":"wp","href":"https:\/\/api.w.org\/{rel}","templated":true}]}}