{"id":4838,"date":"2024-06-09T13:21:40","date_gmt":"2024-06-09T16:21:40","guid":{"rendered":"https:\/\/farmaciadagostino.com.ar\/sitio\/producto\/nivea-body-crema-corporal-hidratacion-express-5-en-1-x400-ml\/"},"modified":"2026-03-09T10:25:07","modified_gmt":"2026-03-09T13:25:07","slug":"nivea-body-crema-corporal-hidratacion-express-5-en-1-x400-ml","status":"publish","type":"product","link":"https:\/\/farmaciadagostino.com.ar\/sitio\/producto\/nivea-body-crema-corporal-hidratacion-express-5-en-1-x400-ml\/","title":{"rendered":"NIVEA BODY CREMA CORPORAL HIDRATACION EXPRESS 5 EN 1 x400 ml"},"content":{"rendered":"<p>Ofrece 5 beneficios en 1: 48 horas de humectaci\u00f3n profunda, r\u00e1pida absorci\u00f3n, deja la piel suave, sin sensaci\u00f3n grasosa y visiblemente m\u00e1s saludable.<br \/>\nRecomendada para pieles normales a secas.<br \/>\nNIVEA es la marca N\u00ba 1 en el cuidado de la piel en el Mundo y en Argentina, con m\u00e1s de 100 a\u00f1os de trayectoria. Desde que inventamos la primera crema, NIVEA Creme, desarrollamos investigaci\u00f3n constante para producir innovaciones que atiendan a cada necesidad de la piel de toda la familia. Nuestros investigadores se centran especialmente en la individualidad de la piel humana y en las diferentes necesidades de cuidado. Lo que ha dado como resultado que en las \u00faltimas d\u00e9cadas hayamos creado numerosos productos innovadores para el cuidado de la piel, desde desodorantes hasta productos de protecci\u00f3n solar.<br \/>\nBeneficios.<br \/>\n48 hs de humectaci\u00f3n profunda.<br \/>\nSuaviza la piel.<br \/>\nR\u00e1pida absorci\u00f3n.<br \/>\nSin sensaci\u00f3n grasosa.<br \/>\nCuidado completo.<br \/>\nModo Uso.<br \/>\n1\u00b0 Aplicar NIVEA 5 en 1 Hidrataci\u00f3n Express Crema corporal diariamente en todo el cuerpo.<br \/>\n2\u00b0 Masajear suavemente el cuerpo mientras se absorbe.<br \/>\n3\u00b0 Hidrata la piel, utilizar idealmente despu\u00e9s de la ducha.<br \/>\n4\u00b0 Reaplicar las veces que sea necesario.<\/p>\n","protected":false},"excerpt":{"rendered":"<p>La Crema corporal NIVEA Hidrataci\u00f3n Express 5 en 1 Cuidado Completo est\u00e1 enriquecida con Minerales Marinos y un serum de humectaci\u00f3n profunda que hidratan la piel desde la primera aplicaci\u00f3n.<\/p>\n","protected":false},"featured_media":3063,"comment_status":"open","ping_status":"closed","template":"","meta":[],"product_brand":[],"product_cat":[237,162],"product_tag":[],"class_list":{"0":"post-4838","1":"product","2":"type-product","3":"status-publish","4":"has-post-thumbnail","6":"product_cat-belleza","7":"product_cat-dermocosmetica","9":"first","10":"instock","11":"shipping-taxable","12":"purchasable","13":"product-type-simple"},"_links":{"self":[{"href":"https:\/\/farmaciadagostino.com.ar\/sitio\/wp-json\/wp\/v2\/product\/4838","targetHints":{"allow":["GET"]}}],"collection":[{"href":"https:\/\/farmaciadagostino.com.ar\/sitio\/wp-json\/wp\/v2\/product"}],"about":[{"href":"https:\/\/farmaciadagostino.com.ar\/sitio\/wp-json\/wp\/v2\/types\/product"}],"replies":[{"embeddable":true,"href":"https:\/\/farmaciadagostino.com.ar\/sitio\/wp-json\/wp\/v2\/comments?post=4838"}],"wp:featuredmedia":[{"embeddable":true,"href":"https:\/\/farmaciadagostino.com.ar\/sitio\/wp-json\/wp\/v2\/media\/3063"}],"wp:attachment":[{"href":"https:\/\/farmaciadagostino.com.ar\/sitio\/wp-json\/wp\/v2\/media?parent=4838"}],"wp:term":[{"taxonomy":"product_brand","embeddable":true,"href":"https:\/\/farmaciadagostino.com.ar\/sitio\/wp-json\/wp\/v2\/product_brand?post=4838"},{"taxonomy":"product_cat","embeddable":true,"href":"https:\/\/farmaciadagostino.com.ar\/sitio\/wp-json\/wp\/v2\/product_cat?post=4838"},{"taxonomy":"product_tag","embeddable":true,"href":"https:\/\/farmaciadagostino.com.ar\/sitio\/wp-json\/wp\/v2\/product_tag?post=4838"}],"curies":[{"name":"wp","href":"https:\/\/api.w.org\/{rel}","templated":true}]}}