{"id":4839,"date":"2024-06-09T13:21:40","date_gmt":"2024-06-09T16:21:40","guid":{"rendered":"https:\/\/farmaciadagostino.com.ar\/sitio\/producto\/nivea-antitranspirante-men-active-dry-stress-x150-ml\/"},"modified":"2026-03-09T10:09:41","modified_gmt":"2026-03-09T13:09:41","slug":"nivea-antitranspirante-men-active-dry-stress-x150-ml","status":"publish","type":"product","link":"https:\/\/farmaciadagostino.com.ar\/sitio\/producto\/nivea-antitranspirante-men-active-dry-stress-x150-ml\/","title":{"rendered":"NIVEA ANTITRANSPIRANTE MEN ACTIVE DRY STRESS x150 ml"},"content":{"rendered":"<p>Cuenta con una f\u00f3rmula \u00fanica que combina un complejo de Zinc y activos Stress Protect, ingredientes que brindan un cuidado confiable. Ideal para todo tipo de pieles.<br \/>\nNIVEA es la marca N\u00ba 1 en el cuidado de la piel en el Mundo y en Argentina, con m\u00e1s de 100 a\u00f1os de trayectoria. Desde que inventamos la primera crema, NIVEA Creme, desarrollamos investigaci\u00f3n constante para producir innovaciones que atiendan a cada necesidad de la piel de toda la familia. Nuestros investigadores se centran especialmente en la individualidad de la piel humana y en las diferentes necesidades de cuidado. Lo que ha dado como resultado que en las \u00faltimas d\u00e9cadas hayamos creado numerosos productos innovadores para el cuidado de la piel, desde desodorantes hasta productos de protecci\u00f3n solar.<br \/>\nBeneficios.<br \/>\n48 horas de protecci\u00f3n.<br \/>\nCon activos StressProtect y complejo de Zinc: Extra protecci\u00f3n en situaciones de estr\u00e9s.<br \/>\nSin siliconas.<br \/>\n0% alcohol.<br \/>\nApto para todo tipo de piel.<br \/>\nModo Uso.<br \/>\n1\u00b0 Agitar bien el envase antes de usar.<br \/>\n2\u00b0 Aplicar NIVEA MEN Active Dry Stress a 15 cm de distancia de las axilas de manera uniforme y pareja.<br \/>\n3\u00b0 Dejar de secar antes de colocar la prenda de vestir.<\/p>\n","protected":false},"excerpt":{"rendered":"<p>El Desodorante antitranspirante NIVEA MEN Active Dry Stress en aerosol y sin siliconas ofrece 48 horas de protecci\u00f3n. Est\u00e1 cient\u00edficamente probado que reduce hasta en un 50% la transpiraci\u00f3n en momentos de estr\u00e9s.<\/p>\n","protected":false},"featured_media":3043,"comment_status":"open","ping_status":"closed","template":"","meta":[],"product_brand":[],"product_cat":[152],"product_tag":[],"class_list":{"0":"post-4839","1":"product","2":"type-product","3":"status-publish","4":"has-post-thumbnail","6":"product_cat-cuidado-personal","8":"first","9":"instock","10":"shipping-taxable","11":"purchasable","12":"product-type-simple"},"_links":{"self":[{"href":"https:\/\/farmaciadagostino.com.ar\/sitio\/wp-json\/wp\/v2\/product\/4839","targetHints":{"allow":["GET"]}}],"collection":[{"href":"https:\/\/farmaciadagostino.com.ar\/sitio\/wp-json\/wp\/v2\/product"}],"about":[{"href":"https:\/\/farmaciadagostino.com.ar\/sitio\/wp-json\/wp\/v2\/types\/product"}],"replies":[{"embeddable":true,"href":"https:\/\/farmaciadagostino.com.ar\/sitio\/wp-json\/wp\/v2\/comments?post=4839"}],"wp:featuredmedia":[{"embeddable":true,"href":"https:\/\/farmaciadagostino.com.ar\/sitio\/wp-json\/wp\/v2\/media\/3043"}],"wp:attachment":[{"href":"https:\/\/farmaciadagostino.com.ar\/sitio\/wp-json\/wp\/v2\/media?parent=4839"}],"wp:term":[{"taxonomy":"product_brand","embeddable":true,"href":"https:\/\/farmaciadagostino.com.ar\/sitio\/wp-json\/wp\/v2\/product_brand?post=4839"},{"taxonomy":"product_cat","embeddable":true,"href":"https:\/\/farmaciadagostino.com.ar\/sitio\/wp-json\/wp\/v2\/product_cat?post=4839"},{"taxonomy":"product_tag","embeddable":true,"href":"https:\/\/farmaciadagostino.com.ar\/sitio\/wp-json\/wp\/v2\/product_tag?post=4839"}],"curies":[{"name":"wp","href":"https:\/\/api.w.org\/{rel}","templated":true}]}}