{"id":4840,"date":"2024-06-09T13:21:40","date_gmt":"2024-06-09T16:21:40","guid":{"rendered":"https:\/\/farmaciadagostino.com.ar\/sitio\/producto\/pantene-pro-v-miracles-equilibrio-shampoo-x200-ml\/"},"modified":"2026-03-09T10:17:54","modified_gmt":"2026-03-09T13:17:54","slug":"pantene-pro-v-miracles-equilibrio-shampoo-x200-ml","status":"publish","type":"product","link":"https:\/\/farmaciadagostino.com.ar\/sitio\/producto\/pantene-pro-v-miracles-equilibrio-shampoo-x200-ml\/","title":{"rendered":"PANTENE PRO-V MIRACLES EQUILIBRIO SHAMPOO x200 ml"},"content":{"rendered":"<p>Este shampoo con la primera crema blanca transl\u00facida de Pantene, cuenta con una f\u00f3rmula de Algas Marinas, Aceite de Baobab y Pro-Vitaminas B5, que logra eliminar las impurezas y la grasa de la ra\u00edz sin resecar las puntas del cabello, brindando suavidad, brillo e hidrataci\u00f3n.<\/p>\n","protected":false},"excerpt":{"rendered":"<p>\u00a1Limpiar profundamente la ra\u00edz sin resecar las puntas nunca hab\u00eda sido tan f\u00e1cil!<\/p>\n","protected":false},"featured_media":3137,"comment_status":"open","ping_status":"closed","template":"","meta":[],"product_brand":[],"product_cat":[152],"product_tag":[],"class_list":{"0":"post-4840","1":"product","2":"type-product","3":"status-publish","4":"has-post-thumbnail","6":"product_cat-cuidado-personal","8":"first","9":"instock","10":"shipping-taxable","11":"purchasable","12":"product-type-simple"},"_links":{"self":[{"href":"https:\/\/farmaciadagostino.com.ar\/sitio\/wp-json\/wp\/v2\/product\/4840","targetHints":{"allow":["GET"]}}],"collection":[{"href":"https:\/\/farmaciadagostino.com.ar\/sitio\/wp-json\/wp\/v2\/product"}],"about":[{"href":"https:\/\/farmaciadagostino.com.ar\/sitio\/wp-json\/wp\/v2\/types\/product"}],"replies":[{"embeddable":true,"href":"https:\/\/farmaciadagostino.com.ar\/sitio\/wp-json\/wp\/v2\/comments?post=4840"}],"wp:featuredmedia":[{"embeddable":true,"href":"https:\/\/farmaciadagostino.com.ar\/sitio\/wp-json\/wp\/v2\/media\/3137"}],"wp:attachment":[{"href":"https:\/\/farmaciadagostino.com.ar\/sitio\/wp-json\/wp\/v2\/media?parent=4840"}],"wp:term":[{"taxonomy":"product_brand","embeddable":true,"href":"https:\/\/farmaciadagostino.com.ar\/sitio\/wp-json\/wp\/v2\/product_brand?post=4840"},{"taxonomy":"product_cat","embeddable":true,"href":"https:\/\/farmaciadagostino.com.ar\/sitio\/wp-json\/wp\/v2\/product_cat?post=4840"},{"taxonomy":"product_tag","embeddable":true,"href":"https:\/\/farmaciadagostino.com.ar\/sitio\/wp-json\/wp\/v2\/product_tag?post=4840"}],"curies":[{"name":"wp","href":"https:\/\/api.w.org\/{rel}","templated":true}]}}