{"id":4846,"date":"2024-06-09T13:21:41","date_gmt":"2024-06-09T16:21:41","guid":{"rendered":"https:\/\/farmaciadagostino.com.ar\/sitio\/producto\/dermaglos-protector-solar-facial-crema-compacta-fps-50-con-color-tono-2\/"},"modified":"2026-03-09T10:17:54","modified_gmt":"2026-03-09T13:17:54","slug":"dermaglos-protector-solar-facial-crema-compacta-fps-50-con-color-tono-2","status":"publish","type":"product","link":"https:\/\/farmaciadagostino.com.ar\/sitio\/producto\/dermaglos-protector-solar-facial-crema-compacta-fps-50-con-color-tono-2\/","title":{"rendered":"Dermaglos Protector Solar Facial Crema Compacta Fps 50 Con Color Tono 2 10 gr"},"content":{"rendered":"<p>Crema compacta de f\u00e1cil aplicaci\u00f3n que protege el rostro de las radiaciones solares e hidrata sin oleosidad. Corrige imperfecciones, matifica y unifica el tono de la piel con un acabado natural. <\/p>\n<p>Protecci\u00f3n especifica para el rostro. <\/p>\n<p>Corrige imperfecciones.<br \/>\nMatifica y unifica el tono de la piel.<br \/>\nHidrata sin oleosidad.<br \/>\nProtege contra la luz azul.<br \/>\nResistente al agua.<\/p>\n<p>Modo de uso:<br \/>\nRetir\u00e1 el foil de protecci\u00f3n del espejo. Aplicar abundantemente en el rostro 30 (treinta) minutos antes de la exposici\u00f3n al sol. Para una mayor uniformidad distribuir con la esponja sobre la piel seca arrastrando en cara, cuello y escote. Reaplicar siempre luego de sudoraci\u00f3n intensa, nadar o ba\u00f1arse, secarse con toalla y durante la exposici\u00f3n al sol. Uso externo.<\/p>\n<p>Presentaci\u00f3n:<br \/>\nCrema compacta 10 g.<\/p>\n<p>Ingredientes principales:<br \/>\nFiltros solares y vitamina E.<\/p>\n<p>F\u00f3rmula:<br \/>\nPhenyl Trimethicone, C12-15 Alkyl Benzoate, Dibutyl Adipate, Caprylic\/Capric Triglyceride, Titanium Dioxide, Isopropyl Titanium Triisostearate, Silica, Titanium Dioxide, Stearic Acid, Alumina, Microcrystalline Wax, Diethylamino Hydroxybenzoyl Hexyl Benzoate, Ethylhexyl Salicylate, Ozokerite, Polyester-7, Neopentyl Glycol Diheptanoate, Tribehenin, Bis-Ethylhexyloxyphenol Methoxyphenyl Triazine, Synthetic Beeswax, Bis-Diglyceryl Polyacyladipate-2, Ethylhexyl Triazone, Iron Oxides (C.I. 77492),  Tocopheryl Acetate, Iron Oxides (C.I. 77491), Iron Oxides (C.I. 77499), Triethoxycaprylylsilane, Tocopherol.<\/p>\n<p>Las f\u00f3rmulas pueden cambiar para incorporar innovaciones, por lo que tenga en cuenta que la declaraci\u00f3n de ingredientes que figura en el envase del producto es la v\u00e1lida<\/p>\n","protected":false},"excerpt":{"rendered":"<p>Crema compacta de f\u00e1cil aplicaci\u00f3n que protege el rostro de las radiaciones solares e hidrata sin oleosidad<\/p>\n","protected":false},"featured_media":3653,"comment_status":"open","ping_status":"closed","template":"","meta":[],"product_brand":[],"product_cat":[237,162],"product_tag":[],"class_list":{"0":"post-4846","1":"product","2":"type-product","3":"status-publish","4":"has-post-thumbnail","6":"product_cat-belleza","7":"product_cat-dermocosmetica","9":"first","10":"instock","11":"shipping-taxable","12":"purchasable","13":"product-type-simple"},"_links":{"self":[{"href":"https:\/\/farmaciadagostino.com.ar\/sitio\/wp-json\/wp\/v2\/product\/4846","targetHints":{"allow":["GET"]}}],"collection":[{"href":"https:\/\/farmaciadagostino.com.ar\/sitio\/wp-json\/wp\/v2\/product"}],"about":[{"href":"https:\/\/farmaciadagostino.com.ar\/sitio\/wp-json\/wp\/v2\/types\/product"}],"replies":[{"embeddable":true,"href":"https:\/\/farmaciadagostino.com.ar\/sitio\/wp-json\/wp\/v2\/comments?post=4846"}],"wp:featuredmedia":[{"embeddable":true,"href":"https:\/\/farmaciadagostino.com.ar\/sitio\/wp-json\/wp\/v2\/media\/3653"}],"wp:attachment":[{"href":"https:\/\/farmaciadagostino.com.ar\/sitio\/wp-json\/wp\/v2\/media?parent=4846"}],"wp:term":[{"taxonomy":"product_brand","embeddable":true,"href":"https:\/\/farmaciadagostino.com.ar\/sitio\/wp-json\/wp\/v2\/product_brand?post=4846"},{"taxonomy":"product_cat","embeddable":true,"href":"https:\/\/farmaciadagostino.com.ar\/sitio\/wp-json\/wp\/v2\/product_cat?post=4846"},{"taxonomy":"product_tag","embeddable":true,"href":"https:\/\/farmaciadagostino.com.ar\/sitio\/wp-json\/wp\/v2\/product_tag?post=4846"}],"curies":[{"name":"wp","href":"https:\/\/api.w.org\/{rel}","templated":true}]}}