{"id":4853,"date":"2024-06-09T13:21:41","date_gmt":"2024-06-09T16:21:41","guid":{"rendered":"https:\/\/farmaciadagostino.com.ar\/sitio\/producto\/johnson-baby-glicerina-bano-liquido-x200-ml\/"},"modified":"2026-03-09T10:09:41","modified_gmt":"2026-03-09T13:09:41","slug":"johnson-baby-glicerina-bano-liquido-x200-ml","status":"publish","type":"product","link":"https:\/\/farmaciadagostino.com.ar\/sitio\/producto\/johnson-baby-glicerina-bano-liquido-x200-ml\/","title":{"rendered":"Johnsons Baby Ba\u00f1o Liquido de La Cabeza a Los Pies 200 ml"},"content":{"rendered":"<p>El Ba\u00f1o L\u00edquido JOHNSON&#8217;S\u00ae de Glicerina posee una f\u00f3rmula tan suave para los ojos, la piel y el cabello del beb\u00e9, como el agua pura. Con pH fisiol\u00f3gico, es hipoalerg\u00e9nico y libre de parabenos, sulfatos, colorantes y ftalatos. Su composici\u00f3n ayuda a proteger la barrera natural de la piel, proporcionando as\u00ed, el cuidado necesario para la hora del ba\u00f1o. <\/p>\n<p>Modo de uso:<\/p>\n<p>&#8211; Coloque una peque\u00f1a cantidad de jab\u00f3n en las manos.<br \/>\n&#8211; Aplique en la piel del beb\u00e9, masajenado con movimientos circulares.<br \/>\n&#8211; Luego enjuague. <\/p>\n<p>Este jab\u00f3n fue desarrollado para minimizar el posible surgimento de alergia y debe ser aplicado por un adulto o bajo la supervisi\u00f3n de uno. <\/p>\n<p>No utilizar en caso de que el cuero cabelludo presente irritaciones. <\/p>\n<p>Adecuado para su uso diario.<\/p>\n","protected":false},"excerpt":{"rendered":"<p>El Ba\u00f1o L\u00edquido JOHNSON&#8217;S\u00ae de Glicerina posee una f\u00f3rmula tan suave para los ojos, la piel y el cabello del beb\u00e9, como el agua pura<\/p>\n","protected":false},"featured_media":3219,"comment_status":"open","ping_status":"closed","template":"","meta":[],"product_brand":[],"product_cat":[177],"product_tag":[],"class_list":{"0":"post-4853","1":"product","2":"type-product","3":"status-publish","4":"has-post-thumbnail","6":"product_cat-bebe-maternidad","8":"first","9":"instock","10":"shipping-taxable","11":"purchasable","12":"product-type-simple"},"_links":{"self":[{"href":"https:\/\/farmaciadagostino.com.ar\/sitio\/wp-json\/wp\/v2\/product\/4853","targetHints":{"allow":["GET"]}}],"collection":[{"href":"https:\/\/farmaciadagostino.com.ar\/sitio\/wp-json\/wp\/v2\/product"}],"about":[{"href":"https:\/\/farmaciadagostino.com.ar\/sitio\/wp-json\/wp\/v2\/types\/product"}],"replies":[{"embeddable":true,"href":"https:\/\/farmaciadagostino.com.ar\/sitio\/wp-json\/wp\/v2\/comments?post=4853"}],"wp:featuredmedia":[{"embeddable":true,"href":"https:\/\/farmaciadagostino.com.ar\/sitio\/wp-json\/wp\/v2\/media\/3219"}],"wp:attachment":[{"href":"https:\/\/farmaciadagostino.com.ar\/sitio\/wp-json\/wp\/v2\/media?parent=4853"}],"wp:term":[{"taxonomy":"product_brand","embeddable":true,"href":"https:\/\/farmaciadagostino.com.ar\/sitio\/wp-json\/wp\/v2\/product_brand?post=4853"},{"taxonomy":"product_cat","embeddable":true,"href":"https:\/\/farmaciadagostino.com.ar\/sitio\/wp-json\/wp\/v2\/product_cat?post=4853"},{"taxonomy":"product_tag","embeddable":true,"href":"https:\/\/farmaciadagostino.com.ar\/sitio\/wp-json\/wp\/v2\/product_tag?post=4853"}],"curies":[{"name":"wp","href":"https:\/\/api.w.org\/{rel}","templated":true}]}}