{"id":4857,"date":"2024-06-09T13:21:42","date_gmt":"2024-06-09T16:21:42","guid":{"rendered":"https:\/\/farmaciadagostino.com.ar\/sitio\/producto\/ultra-corega-crema-adhesiva-max-fijacion-y-sellado-sin-sabor-x40-gr\/"},"modified":"2026-03-09T10:17:54","modified_gmt":"2026-03-09T13:17:54","slug":"ultra-corega-crema-adhesiva-max-fijacion-y-sellado-sin-sabor-x40-gr","status":"publish","type":"product","link":"https:\/\/farmaciadagostino.com.ar\/sitio\/producto\/ultra-corega-crema-adhesiva-max-fijacion-y-sellado-sin-sabor-x40-gr\/","title":{"rendered":"ULTRA COREGA CREMA ADHESIVA MAX FIJACI\u00d3N Y SELLADO SIN SABOR x40 gr"},"content":{"rendered":"<p>Los Adhesivos Corega te dan la fijaci\u00f3n necesaria para continuar disfrutando tu d\u00eda.<br \/>\nUltra Corega Crema Sin Sabor no tiene sabores agregados por lo que no va a interferir en los sabores de tus comidas favoritas.<br \/>\nUltra Corega Crema Sin Sabor es parte de la variedad de adhesivos Corega. Est\u00e1 libre de zinc y colorantes artificiales.<br \/>\nBeneficios.<br \/>\nMantiene la pr\u00f3tesis firme hasta por 12 horas.<br \/>\nForma un sello que ayuda a impedir la entrada de alimentos, entre la pr\u00f3tesis y la enc\u00eda.<br \/>\nAyuda a prevenir la irritaci\u00f3n de las enc\u00edas.<br \/>\nMejora el ajuste y la comodidad de la pr\u00f3tesis.<br \/>\nModo Uso.<br \/>\nPARA APLICAR<br \/>\nLimpiar y secar la pr\u00f3tesis dental.<br \/>\nAplicar Ultra Corega Crema en peque\u00f1as tiras, no muy cerca de los bordes de la pr\u00f3tesis dental, como se muestra en el diagrama del envase.<br \/>\nEnjuagar la boca antes de colocarse la pr\u00f3tesis dental.<br \/>\nAcomodar la pr\u00f3tesis correctamente en la boca y presionar firmemente por unos segundos para asegurar la fijaci\u00f3n.<br \/>\nPARA REMOVER<br \/>\nEnjuagar la boca con agua.<br \/>\nQuitar la pr\u00f3tesis suavemente con un peque\u00f1o movimiento.<br \/>\nRemover los residuos de adhesivos de la pr\u00f3tesis y de la boca con agua tibia y un cepillo suave.<br \/>\nUtilizar las tabletas limpiadoras Corega Tabs para una mejor limpieza de la pr\u00f3tesis y posteriormente enjuagarla con agua.<\/p>\n","protected":false},"excerpt":{"rendered":"<p>ULTRA COREGA MAX crema adhesiva sin sabor para pr\u00f3tesis dentales.<\/p>\n","protected":false},"featured_media":4372,"comment_status":"open","ping_status":"closed","template":"","meta":[],"product_brand":[],"product_cat":[152],"product_tag":[],"class_list":{"0":"post-4857","1":"product","2":"type-product","3":"status-publish","4":"has-post-thumbnail","6":"product_cat-cuidado-personal","8":"first","9":"instock","10":"shipping-taxable","11":"purchasable","12":"product-type-simple"},"_links":{"self":[{"href":"https:\/\/farmaciadagostino.com.ar\/sitio\/wp-json\/wp\/v2\/product\/4857","targetHints":{"allow":["GET"]}}],"collection":[{"href":"https:\/\/farmaciadagostino.com.ar\/sitio\/wp-json\/wp\/v2\/product"}],"about":[{"href":"https:\/\/farmaciadagostino.com.ar\/sitio\/wp-json\/wp\/v2\/types\/product"}],"replies":[{"embeddable":true,"href":"https:\/\/farmaciadagostino.com.ar\/sitio\/wp-json\/wp\/v2\/comments?post=4857"}],"wp:featuredmedia":[{"embeddable":true,"href":"https:\/\/farmaciadagostino.com.ar\/sitio\/wp-json\/wp\/v2\/media\/4372"}],"wp:attachment":[{"href":"https:\/\/farmaciadagostino.com.ar\/sitio\/wp-json\/wp\/v2\/media?parent=4857"}],"wp:term":[{"taxonomy":"product_brand","embeddable":true,"href":"https:\/\/farmaciadagostino.com.ar\/sitio\/wp-json\/wp\/v2\/product_brand?post=4857"},{"taxonomy":"product_cat","embeddable":true,"href":"https:\/\/farmaciadagostino.com.ar\/sitio\/wp-json\/wp\/v2\/product_cat?post=4857"},{"taxonomy":"product_tag","embeddable":true,"href":"https:\/\/farmaciadagostino.com.ar\/sitio\/wp-json\/wp\/v2\/product_tag?post=4857"}],"curies":[{"name":"wp","href":"https:\/\/api.w.org\/{rel}","templated":true}]}}