{"id":4861,"date":"2024-06-09T13:21:43","date_gmt":"2024-06-09T16:21:43","guid":{"rendered":"https:\/\/farmaciadagostino.com.ar\/sitio\/producto\/gillete-cartucho-mach3-carbono-x2-un\/"},"modified":"2026-03-09T10:25:07","modified_gmt":"2026-03-09T13:25:07","slug":"gillete-cartucho-mach3-carbono-x2-un","status":"publish","type":"product","link":"https:\/\/farmaciadagostino.com.ar\/sitio\/producto\/gillete-cartucho-mach3-carbono-x2-un\/","title":{"rendered":"Repuesto M\u00e1quina de Afeitar Gillette 3 mach Carb\u00f3n x 2 un"},"content":{"rendered":"<p>Gillette Mach3 Carbono tiene una barra lubricante mejorada con Carb\u00f3n Activado, cuenta con mayor lubricaci\u00f3n para un mejor deslizamiento en tu rostro que remueve impurezas y lo deja con una sensaci\u00f3n de limpieza profunda. <\/p>\n<h5>Beneficios:<\/h5>\n<p>Las 3 hojas de los repuestos para afeitar Mach3 Carbono son m\u00e1s fuertes que el acero y se mantienen afiladas por m\u00e1s tiempo ofreciendo hasta 20 afeitadas por repuesto. <\/p>\n","protected":false},"excerpt":{"rendered":"<p>Gillette Mach3 Carbono tiene una barra lubricante mejorada con Carb\u00f3n Activado, cuenta con mayor lubricaci\u00f3n para un mejor deslizamiento en tu rostro que remueve impurezas y lo deja con una sensaci\u00f3n de limpieza profunda<\/p>\n","protected":false},"featured_media":3139,"comment_status":"open","ping_status":"closed","template":"","meta":[],"product_brand":[],"product_cat":[152],"product_tag":[],"class_list":{"0":"post-4861","1":"product","2":"type-product","3":"status-publish","4":"has-post-thumbnail","6":"product_cat-cuidado-personal","8":"first","9":"instock","10":"shipping-taxable","11":"purchasable","12":"product-type-simple"},"_links":{"self":[{"href":"https:\/\/farmaciadagostino.com.ar\/sitio\/wp-json\/wp\/v2\/product\/4861","targetHints":{"allow":["GET"]}}],"collection":[{"href":"https:\/\/farmaciadagostino.com.ar\/sitio\/wp-json\/wp\/v2\/product"}],"about":[{"href":"https:\/\/farmaciadagostino.com.ar\/sitio\/wp-json\/wp\/v2\/types\/product"}],"replies":[{"embeddable":true,"href":"https:\/\/farmaciadagostino.com.ar\/sitio\/wp-json\/wp\/v2\/comments?post=4861"}],"wp:featuredmedia":[{"embeddable":true,"href":"https:\/\/farmaciadagostino.com.ar\/sitio\/wp-json\/wp\/v2\/media\/3139"}],"wp:attachment":[{"href":"https:\/\/farmaciadagostino.com.ar\/sitio\/wp-json\/wp\/v2\/media?parent=4861"}],"wp:term":[{"taxonomy":"product_brand","embeddable":true,"href":"https:\/\/farmaciadagostino.com.ar\/sitio\/wp-json\/wp\/v2\/product_brand?post=4861"},{"taxonomy":"product_cat","embeddable":true,"href":"https:\/\/farmaciadagostino.com.ar\/sitio\/wp-json\/wp\/v2\/product_cat?post=4861"},{"taxonomy":"product_tag","embeddable":true,"href":"https:\/\/farmaciadagostino.com.ar\/sitio\/wp-json\/wp\/v2\/product_tag?post=4861"}],"curies":[{"name":"wp","href":"https:\/\/api.w.org\/{rel}","templated":true}]}}