{"id":4877,"date":"2024-06-09T13:21:44","date_gmt":"2024-06-09T16:21:44","guid":{"rendered":"https:\/\/farmaciadagostino.com.ar\/sitio\/producto\/tresemme-shampoo-cauterizacion-reparadora-x500-ml\/"},"modified":"2026-03-09T10:17:54","modified_gmt":"2026-03-09T13:17:54","slug":"tresemme-shampoo-cauterizacion-reparadora-x500-ml","status":"publish","type":"product","link":"https:\/\/farmaciadagostino.com.ar\/sitio\/producto\/tresemme-shampoo-cauterizacion-reparadora-x500-ml\/","title":{"rendered":"TRESEMME SHAMPOO CAUTERIZACION REPARADORA x500 ml"},"content":{"rendered":"<p>Tambi\u00e9n previene el surgimiento de las puntas abiertas y proporciona un cabello 20x m\u00e1s fuerte.* Clima, uso de planchita, rizador o secador, tinturas: tu cabello sufre un constante ataque.<br \/>\nAyud\u00e1 a reparar el cabello \u00e1spero y da\u00f1ado con productos de calidad profesional de TRESemm\u00e9 como este shampoo que est\u00e1 destinado para tratar el cabello da\u00f1ado y debilitado o proteger contra da\u00f1os futuros.<br \/>\nBlindaje de micro fisuras. Tresemm\u00e9 trae las \u00faltimas tendencias de estilo y tecnolog\u00eda.<br \/>\n\u00a1Tratamiento para el cabello de calidad profesional todos los d\u00edas!<br \/>\nPRODUCTOS SIN CRUELDAD NI TESTEOS EN ANIMALES: Tresemme fue reconocido por PETA, quien considera que en todos nuestros productos para el pelo no son testeados en animales y est\u00e1n libres de crueldad animal.<br \/>\nUn comentario final sobre la aplicaci\u00f3n (porque s\u00ed, existe una forma correcta de lavar tu pelo): aplica este producto para el pelo sobre el cabello mojado, emulsionar y masajear para la limpieza y blindaje de micro fisuras, extend\u00e9 suavemente la espuma en todo el largo y las puntas, luego enjuag\u00e1.<br \/>\nPara un resultado profesional utiliza la l\u00ednea completa.<br \/>\nEste shampoo convierte una tarea diaria en una experiencia placentera \u2013 porque nada se siente mejor que el pelo reci\u00e9n lavado y limpio Enjuagar.<\/p>\n","protected":false},"excerpt":{"rendered":"<p>Nuevo shampoo Tresemme Cauterizaci\u00f3n Reparadora: la soluci\u00f3n para cabellos da\u00f1ados: este poderoso tratamiento recupera la fibra capilar de adentro hacia afuera a trav\u00e9s de la cauterizaci\u00f3n a nivel celular.<\/p>\n","protected":false},"featured_media":3393,"comment_status":"open","ping_status":"closed","template":"","meta":[],"product_brand":[],"product_cat":[237,152],"product_tag":[],"class_list":{"0":"post-4877","1":"product","2":"type-product","3":"status-publish","4":"has-post-thumbnail","6":"product_cat-belleza","7":"product_cat-cuidado-personal","9":"first","10":"instock","11":"shipping-taxable","12":"purchasable","13":"product-type-simple"},"_links":{"self":[{"href":"https:\/\/farmaciadagostino.com.ar\/sitio\/wp-json\/wp\/v2\/product\/4877","targetHints":{"allow":["GET"]}}],"collection":[{"href":"https:\/\/farmaciadagostino.com.ar\/sitio\/wp-json\/wp\/v2\/product"}],"about":[{"href":"https:\/\/farmaciadagostino.com.ar\/sitio\/wp-json\/wp\/v2\/types\/product"}],"replies":[{"embeddable":true,"href":"https:\/\/farmaciadagostino.com.ar\/sitio\/wp-json\/wp\/v2\/comments?post=4877"}],"wp:featuredmedia":[{"embeddable":true,"href":"https:\/\/farmaciadagostino.com.ar\/sitio\/wp-json\/wp\/v2\/media\/3393"}],"wp:attachment":[{"href":"https:\/\/farmaciadagostino.com.ar\/sitio\/wp-json\/wp\/v2\/media?parent=4877"}],"wp:term":[{"taxonomy":"product_brand","embeddable":true,"href":"https:\/\/farmaciadagostino.com.ar\/sitio\/wp-json\/wp\/v2\/product_brand?post=4877"},{"taxonomy":"product_cat","embeddable":true,"href":"https:\/\/farmaciadagostino.com.ar\/sitio\/wp-json\/wp\/v2\/product_cat?post=4877"},{"taxonomy":"product_tag","embeddable":true,"href":"https:\/\/farmaciadagostino.com.ar\/sitio\/wp-json\/wp\/v2\/product_tag?post=4877"}],"curies":[{"name":"wp","href":"https:\/\/api.w.org\/{rel}","templated":true}]}}