{"id":4880,"date":"2024-06-09T13:21:44","date_gmt":"2024-06-09T16:21:44","guid":{"rendered":"https:\/\/farmaciadagostino.com.ar\/sitio\/producto\/tresemme-crema-para-peinar-finisher-oleo-x60-ml\/"},"modified":"2026-03-09T10:09:41","modified_gmt":"2026-03-09T13:09:41","slug":"tresemme-crema-para-peinar-finisher-oleo-x60-ml","status":"publish","type":"product","link":"https:\/\/farmaciadagostino.com.ar\/sitio\/producto\/tresemme-crema-para-peinar-finisher-oleo-x60-ml\/","title":{"rendered":"TRESEMME CREMA PARA PEINAR FINISHER \u00d3LEO x60 ml"},"content":{"rendered":"<p>Este producto ha sido desarrollado para brindar el toque final perfecto a tu peinado, dejando tu pelo brilloso con un aspecto radiante y saludable. Su f\u00f3rmula \u00fanica ayuda a controlar el frizz de manera efectiva, manteniendo tu cabello suave y manejable en cualquier momento del d\u00eda. Con ingredientes como el aceite de macadamia y coco, este Finisher \u00d3leo Capilar Tresemme es la elecci\u00f3n perfecta para darle a tu cabello el acabado ideal que se merece.<br \/>\nBeneficios.<br \/>\nEl Tresemme Finisher \u00d3leo tiene una textura liviana que no deja residuos pesados en el cabello.<br \/>\nTresemme Finisher \u00d3leo est\u00e1 enriquecido con aceite de macadamia y coco, ayuda a nutrir intensamente el cabello.<br \/>\nCon Finisher oleos ayuda a controlar el frizz, manteniendo el cabello suave y manejable.<br \/>\nLos productos para el pelo Finisher \u00f3leos contribuyen a mantener las puntas del cabello alineadas y visiblemente saludables.<br \/>\nProporciona suavidad al cabello solo con Finisher \u00f3leo, dej\u00e1ndolo sedoso al tacto.<br \/>\nTresemme Finisher Oleo aporta un brillo intenso a tu cabello.<br \/>\nModo Uso.<br \/>\nDivid\u00ed el cabello seco o mojado en mechas, pone un poco de producto en tus manos y aplica de forma uniforme desde el medio hasta las puntas. Para mejorar la suavidad, el control de frizz y el brillo. Tambi\u00e9n pod\u00e9s aplicar una peque\u00f1a cantidad sobre el cabello seco en cualquier momento del d\u00eda.<\/p>\n","protected":false},"excerpt":{"rendered":"<p>El Tresemme Finisher \u00d3leo tiene una textura liviana que no deja residuos pesados en el cabello.<\/p>\n","protected":false},"featured_media":4452,"comment_status":"open","ping_status":"closed","template":"","meta":[],"product_brand":[],"product_cat":[237,152],"product_tag":[],"class_list":{"0":"post-4880","1":"product","2":"type-product","3":"status-publish","4":"has-post-thumbnail","6":"product_cat-belleza","7":"product_cat-cuidado-personal","9":"first","10":"instock","11":"shipping-taxable","12":"purchasable","13":"product-type-simple"},"_links":{"self":[{"href":"https:\/\/farmaciadagostino.com.ar\/sitio\/wp-json\/wp\/v2\/product\/4880","targetHints":{"allow":["GET"]}}],"collection":[{"href":"https:\/\/farmaciadagostino.com.ar\/sitio\/wp-json\/wp\/v2\/product"}],"about":[{"href":"https:\/\/farmaciadagostino.com.ar\/sitio\/wp-json\/wp\/v2\/types\/product"}],"replies":[{"embeddable":true,"href":"https:\/\/farmaciadagostino.com.ar\/sitio\/wp-json\/wp\/v2\/comments?post=4880"}],"wp:featuredmedia":[{"embeddable":true,"href":"https:\/\/farmaciadagostino.com.ar\/sitio\/wp-json\/wp\/v2\/media\/4452"}],"wp:attachment":[{"href":"https:\/\/farmaciadagostino.com.ar\/sitio\/wp-json\/wp\/v2\/media?parent=4880"}],"wp:term":[{"taxonomy":"product_brand","embeddable":true,"href":"https:\/\/farmaciadagostino.com.ar\/sitio\/wp-json\/wp\/v2\/product_brand?post=4880"},{"taxonomy":"product_cat","embeddable":true,"href":"https:\/\/farmaciadagostino.com.ar\/sitio\/wp-json\/wp\/v2\/product_cat?post=4880"},{"taxonomy":"product_tag","embeddable":true,"href":"https:\/\/farmaciadagostino.com.ar\/sitio\/wp-json\/wp\/v2\/product_tag?post=4880"}],"curies":[{"name":"wp","href":"https:\/\/api.w.org\/{rel}","templated":true}]}}