{"id":4881,"date":"2024-06-09T13:21:47","date_gmt":"2024-06-09T16:21:47","guid":{"rendered":"https:\/\/farmaciadagostino.com.ar\/sitio\/producto\/tresemme-mascara-de-tratamiento-hidratante-pro-activa-x300-ml\/"},"modified":"2026-03-09T10:17:54","modified_gmt":"2026-03-09T13:17:54","slug":"tresemme-mascara-de-tratamiento-hidratante-pro-activa-x300-ml","status":"publish","type":"product","link":"https:\/\/farmaciadagostino.com.ar\/sitio\/producto\/tresemme-mascara-de-tratamiento-hidratante-pro-activa-x300-ml\/","title":{"rendered":"TRESEMME M\u00c1SCARA DE TRATAMIENTO HIDRATANTE PRO ACTIVA x300 ml"},"content":{"rendered":"<p>Est\u00e1 m\u00e1scara de hidrataci\u00f3n refuerza la barrera protectora de la fibra, mientras restaura la hidrataci\u00f3n y vitalidad de tu cabello. Con la m\u00e1scara de tratamiento Tresemm\u00e9 Hidrataci\u00f3n Pro Activa el resultado es un efecto suave y con un movimiento natural, sin dejar tus cabellos pesados. Es un tratamiento capilar indicado para cabellos con da\u00f1os ligeros y moderados.<br \/>\nBeneficios.<br \/>\nNueva M\u00e1scara de Tratamiento Tresemm\u00e9 Hidrataci\u00f3n Pro Activa con tecnolog\u00eda Hydra-Resistance.<br \/>\nEste tratamiento para el cabello ayuda a recuperar la hidrataci\u00f3n y vitalidad de tu cabello.<br \/>\nTratamiento capilar indicado para un cabello con da\u00f1o leve a medio.<br \/>\nM\u00e1scara Capilar no testeada en animales, certificado por PETA.<br \/>\nCalidad profesional todos los d\u00edas con los productos para el cabello Tresemm\u00e9.<br \/>\nTresemm\u00e9 trae las \u00faltimas tendencias en tratamiento para el cabello.<br \/>\nModo Uso.<br \/>\nComenz\u00e1 siempre tu lavado con el Shampoo y Acondicionador TRESemm\u00e9. Aplic\u00e1 y distribu\u00ed de manera uniforme la mascarilla capilar TRESemm\u00e9 desde la mitad del cabello hasta las puntas. Tambi\u00e9n pod\u00e9s utilizar un peine de dientes anchos o los dedos para alisar y desenredar el cabello. D\u00e9jalo actuar 3 minutos y enjuag\u00e1 bien.<\/p>\n","protected":false},"excerpt":{"rendered":"<p>Nueva M\u00e1scara de Tratamiento Tresemm\u00e9 Hidrataci\u00f3n Pro Activa con tecnolog\u00eda Hydra-Resistance.<\/p>\n","protected":false},"featured_media":3463,"comment_status":"open","ping_status":"closed","template":"","meta":[],"product_brand":[],"product_cat":[237,152],"product_tag":[],"class_list":{"0":"post-4881","1":"product","2":"type-product","3":"status-publish","4":"has-post-thumbnail","6":"product_cat-belleza","7":"product_cat-cuidado-personal","9":"first","10":"instock","11":"shipping-taxable","12":"purchasable","13":"product-type-simple"},"_links":{"self":[{"href":"https:\/\/farmaciadagostino.com.ar\/sitio\/wp-json\/wp\/v2\/product\/4881","targetHints":{"allow":["GET"]}}],"collection":[{"href":"https:\/\/farmaciadagostino.com.ar\/sitio\/wp-json\/wp\/v2\/product"}],"about":[{"href":"https:\/\/farmaciadagostino.com.ar\/sitio\/wp-json\/wp\/v2\/types\/product"}],"replies":[{"embeddable":true,"href":"https:\/\/farmaciadagostino.com.ar\/sitio\/wp-json\/wp\/v2\/comments?post=4881"}],"wp:featuredmedia":[{"embeddable":true,"href":"https:\/\/farmaciadagostino.com.ar\/sitio\/wp-json\/wp\/v2\/media\/3463"}],"wp:attachment":[{"href":"https:\/\/farmaciadagostino.com.ar\/sitio\/wp-json\/wp\/v2\/media?parent=4881"}],"wp:term":[{"taxonomy":"product_brand","embeddable":true,"href":"https:\/\/farmaciadagostino.com.ar\/sitio\/wp-json\/wp\/v2\/product_brand?post=4881"},{"taxonomy":"product_cat","embeddable":true,"href":"https:\/\/farmaciadagostino.com.ar\/sitio\/wp-json\/wp\/v2\/product_cat?post=4881"},{"taxonomy":"product_tag","embeddable":true,"href":"https:\/\/farmaciadagostino.com.ar\/sitio\/wp-json\/wp\/v2\/product_tag?post=4881"}],"curies":[{"name":"wp","href":"https:\/\/api.w.org\/{rel}","templated":true}]}}