{"id":4882,"date":"2024-06-09T13:21:47","date_gmt":"2024-06-09T16:21:47","guid":{"rendered":"https:\/\/farmaciadagostino.com.ar\/sitio\/producto\/tresemme-acondicionador-keratina-antifrizz-x500-ml\/"},"modified":"2026-03-09T10:25:07","modified_gmt":"2026-03-09T13:25:07","slug":"tresemme-acondicionador-keratina-antifrizz-x500-ml","status":"publish","type":"product","link":"https:\/\/farmaciadagostino.com.ar\/sitio\/producto\/tresemme-acondicionador-keratina-antifrizz-x500-ml\/","title":{"rendered":"Acondicionador Dosificador Tresemm\u00e9 Keratina Antifrizz x 500 ml"},"content":{"rendered":"<p> Tresemm\u00e9 trae las \u00faltimas tendencias de estilo y tecnolog\u00eda con el nuevo acondicionador TRESEMME Keratina Antifrizz \u00a1Calidad Profesional todos los d\u00edas! Profesionalmente desarrollado con keratina y \u00e1cido hialur\u00f3nico para una melena suave, brillante y manejable. con pro-ionic technology, crea una barrera protectora contra la humedad y controla instant\u00e1neamente el frizz. <\/p>\n<h5>Beneficios:<\/h5>\n<p> Este producto est\u00e1 indicado para cabellos rebeldes y con frizz, la variedad Keratina Antifrizz tiene acci\u00f3n de blindaje antiest\u00e1tica y queratina hidrolizada. Controla el frizz instant\u00e1neamente manteniendo las fibras alineadas por mucho m\u00e1s tiempo. <\/p>\n<p> Logr\u00e1 un cabello fabulosamente impecable en casa con la colecci\u00f3n TRESemm\u00e9 con Keratina, espec\u00edficamente formulada para dejar tu cabello brillante, manejable y sin frizz.\n<\/p>\n<p> La exclusiva f\u00f3rmula del acondicionador est\u00e1 enriquecida con micro part\u00edculas de Queratina Hidrolizada, nutre y repara cada fibra para dejar el cabello suave, brillante y con cut\u00edculas alineadas. <\/p>\n<p>Tresemm\u00e9 trae las \u00faltimas tendencias de estilo y tecnolog\u00eda para que tu cabello luzca saludable y perfecto. \u00bfQu\u00e9 esperas para comprobarlo? <\/p>\n<p>TRESemm\u00e9 fue reconocido por PETA, quien considera que en todos nuestros productos para el pelo no son testeados en animales y est\u00e1n libres de crueldad animal. <\/p>\n<h5>Modo de uso:<\/h5>\n<p>Aplicar sobre el cabello lavado en largos y puntas, masajear para activar el shock con queratina hidrolizada y controlar el frizz. Enjuagar. Para un resultado profesional utiliza la l\u00ednea completa: Shampoo Tresemme Keratina Antifrizz. Con el uso de shampoo y acondicionador TRESemm\u00e9\u00ae Keratina Antifrizz vs. Shampoo sin ingredientes acondicionadores<\/p>\n","protected":false},"excerpt":{"rendered":"<p> Tresemm\u00e9 trae las \u00faltimas tendencias de estilo y tecnolog\u00eda con el nuevo acondicionador TRESEMME Keratina Antifrizz \u00a1Calidad Profesional todos los d\u00edas! Profesionalmente desarrollado con keratina y \u00e1cido hialur\u00f3nico para una melena suave, brillante y manejable<\/p>\n","protected":false},"featured_media":3395,"comment_status":"open","ping_status":"closed","template":"","meta":[],"product_brand":[],"product_cat":[237,152],"product_tag":[],"class_list":{"0":"post-4882","1":"product","2":"type-product","3":"status-publish","4":"has-post-thumbnail","6":"product_cat-belleza","7":"product_cat-cuidado-personal","9":"first","10":"instock","11":"shipping-taxable","12":"purchasable","13":"product-type-simple"},"_links":{"self":[{"href":"https:\/\/farmaciadagostino.com.ar\/sitio\/wp-json\/wp\/v2\/product\/4882","targetHints":{"allow":["GET"]}}],"collection":[{"href":"https:\/\/farmaciadagostino.com.ar\/sitio\/wp-json\/wp\/v2\/product"}],"about":[{"href":"https:\/\/farmaciadagostino.com.ar\/sitio\/wp-json\/wp\/v2\/types\/product"}],"replies":[{"embeddable":true,"href":"https:\/\/farmaciadagostino.com.ar\/sitio\/wp-json\/wp\/v2\/comments?post=4882"}],"wp:featuredmedia":[{"embeddable":true,"href":"https:\/\/farmaciadagostino.com.ar\/sitio\/wp-json\/wp\/v2\/media\/3395"}],"wp:attachment":[{"href":"https:\/\/farmaciadagostino.com.ar\/sitio\/wp-json\/wp\/v2\/media?parent=4882"}],"wp:term":[{"taxonomy":"product_brand","embeddable":true,"href":"https:\/\/farmaciadagostino.com.ar\/sitio\/wp-json\/wp\/v2\/product_brand?post=4882"},{"taxonomy":"product_cat","embeddable":true,"href":"https:\/\/farmaciadagostino.com.ar\/sitio\/wp-json\/wp\/v2\/product_cat?post=4882"},{"taxonomy":"product_tag","embeddable":true,"href":"https:\/\/farmaciadagostino.com.ar\/sitio\/wp-json\/wp\/v2\/product_tag?post=4882"}],"curies":[{"name":"wp","href":"https:\/\/api.w.org\/{rel}","templated":true}]}}