{"id":4920,"date":"2024-06-09T13:21:54","date_gmt":"2024-06-09T16:21:54","guid":{"rendered":"https:\/\/farmaciadagostino.com.ar\/sitio\/producto\/viasek-express-espuma-higiene-intima-x60-ml\/"},"modified":"2026-03-09T10:09:42","modified_gmt":"2026-03-09T13:09:42","slug":"viasek-express-espuma-higiene-intima-x60-ml","status":"publish","type":"product","link":"https:\/\/farmaciadagostino.com.ar\/sitio\/producto\/viasek-express-espuma-higiene-intima-x60-ml\/","title":{"rendered":"VIASEK EXPRESS ESPUMA HIGIENE \u00cdNTIMA x60 ml"},"content":{"rendered":"<p>No tener tiempo para hacer una parada y ba\u00f1arse, puede llegar a generar cierto disconfort \u00edntimo, especialmente si se est\u00e1 menstruando o en \u00e9pocas de mucho flujo o infecciones. Para ello, el departamento de investigaci\u00f3n y desarrollo de Eurolab cre\u00f3 un producto totalmente novedoso e imprescindible.<br \/>\nViasek Express es la primera higiene \u00edntima SIN ENJUAGUE. Higieniza, refresca, calma y libera de malos olores. Genera sensaci\u00f3n de confort. Es pr\u00e1ctica para usar en cualquier momento y lugar. Contiene 93% de ingredientes naturales.<br \/>\nDESCRIPCI\u00d3N<br \/>\nRespetuosa del cuidado \u00edntimo responsable<br \/>\nNo contiene perfumes, ni parabenos, ni siliconas ni colorantes<br \/>\nEs apta veganas, biodegradable y ecol\u00f3gica<br \/>\nNo est\u00e1 testada en animales<br \/>\nEs hipoalerg\u00e9nica<br \/>\nPuede utilizarse a partir de la primera menstruaci\u00f3n<br \/>\nMODO DE USO<br \/>\n1. Agitar y apretar el dosificador.<br \/>\n2. Colocar la espuma sobre una toallita Viasek e higienizar.<br \/>\n3. Listo!: NO REQUIERE ENJUAGUE.<br \/>\nEst\u00e1 recomendada para utilizar fuera de casa: durante viajes, luego de la actividad f\u00edsica\/deporte, en la facultad, en el trabajo, pre y post relaciones, incluso en incontinencia.<\/p>\n","protected":false},"excerpt":{"rendered":"<p>Un producto \u00fanico que responde a las necesidades de la Mujer Actual: que trabaja, estudia, desarrolla sus pasiones: algunas bailan, cantan, o practican deportes favoritos.<\/p>\n","protected":false},"featured_media":4121,"comment_status":"open","ping_status":"closed","template":"","meta":[],"product_brand":[],"product_cat":[239],"product_tag":[],"class_list":{"0":"post-4920","1":"product","2":"type-product","3":"status-publish","4":"has-post-thumbnail","6":"product_cat-intimo","8":"first","9":"instock","10":"shipping-taxable","11":"purchasable","12":"product-type-simple"},"_links":{"self":[{"href":"https:\/\/farmaciadagostino.com.ar\/sitio\/wp-json\/wp\/v2\/product\/4920","targetHints":{"allow":["GET"]}}],"collection":[{"href":"https:\/\/farmaciadagostino.com.ar\/sitio\/wp-json\/wp\/v2\/product"}],"about":[{"href":"https:\/\/farmaciadagostino.com.ar\/sitio\/wp-json\/wp\/v2\/types\/product"}],"replies":[{"embeddable":true,"href":"https:\/\/farmaciadagostino.com.ar\/sitio\/wp-json\/wp\/v2\/comments?post=4920"}],"wp:featuredmedia":[{"embeddable":true,"href":"https:\/\/farmaciadagostino.com.ar\/sitio\/wp-json\/wp\/v2\/media\/4121"}],"wp:attachment":[{"href":"https:\/\/farmaciadagostino.com.ar\/sitio\/wp-json\/wp\/v2\/media?parent=4920"}],"wp:term":[{"taxonomy":"product_brand","embeddable":true,"href":"https:\/\/farmaciadagostino.com.ar\/sitio\/wp-json\/wp\/v2\/product_brand?post=4920"},{"taxonomy":"product_cat","embeddable":true,"href":"https:\/\/farmaciadagostino.com.ar\/sitio\/wp-json\/wp\/v2\/product_cat?post=4920"},{"taxonomy":"product_tag","embeddable":true,"href":"https:\/\/farmaciadagostino.com.ar\/sitio\/wp-json\/wp\/v2\/product_tag?post=4920"}],"curies":[{"name":"wp","href":"https:\/\/api.w.org\/{rel}","templated":true}]}}