{"id":4942,"date":"2024-06-09T13:21:56","date_gmt":"2024-06-09T16:21:56","guid":{"rendered":"https:\/\/farmaciadagostino.com.ar\/sitio\/producto\/eucerin-sun-facial-fps50-x50-gr\/"},"modified":"2026-03-09T10:09:42","modified_gmt":"2026-03-09T13:09:42","slug":"eucerin-sun-facial-fps50-x50-gr","status":"publish","type":"product","link":"https:\/\/farmaciadagostino.com.ar\/sitio\/producto\/eucerin-sun-facial-fps50-x50-gr\/","title":{"rendered":"EUCERIN SUN FACIAL FPS50+ x50 gr"},"content":{"rendered":"<p>Su f\u00f3rmula combina \u00c1cido Glicirret\u00ednico y Licochalcona A, ingredientes que reparan el ADN de la piel y la fortalecen. Tambi\u00e9n posee tecnolog\u00eda Advanced Spectral Technology que protege contra los rayos UVA, UVB, FPS 50 y luz visible de alta energ\u00eda (luz HEVIS). Est\u00e1 probado en pieles normales a secas.<br \/>\nBeneficios<br \/>\nProtege la piel del sol<br \/>\nReparan el ADN de la piel y la fortalecen<br \/>\nPreviene el fotoenvejecimiento<br \/>\nOfrece FPS 50 y protecci\u00f3n UVA<br \/>\nApto para piel seca, sensible y\/o at\u00f3pica.<br \/>\nTipo de piel<br \/>\nPiel seca, sensible y\/o at\u00f3pica. Ideal para post tratamientos peeling y l\u00e1ser<br \/>\nPropiedades<br \/>\nSin perfumes, sin parabenos. No comedog\u00e9nico. Resistencia al agua.<br \/>\nConsejo de uso \/Aplicaci\u00f3n:<br \/>\n1) Aplicar generosamente Eucerin Sensitive Protect Sun Protector solar facial en crema para piel seca antes de exponerse al sol.<br \/>\n2) Repetir el procedimiento con frecuencia, especialmente despu\u00e9s de nadar, secarse con toalla o transpirar, para mantener la protecci\u00f3n original.<br \/>\n3) No permanecer demasiado tiempo al sol, incluso al usar protector solar. La exposici\u00f3n excesiva al sol conlleva un riesgo grave para la salud.<\/p>\n","protected":false},"excerpt":{"rendered":"<p>El Protector solar facial en crema Eucerin Sensitive Protect Sun se ha dise\u00f1ado para proteger la piel del rostro del envejecimiento inducido por el sol y de la hiperpigmentaci\u00f3n.<\/p>\n","protected":false},"featured_media":2983,"comment_status":"open","ping_status":"closed","template":"","meta":[],"product_brand":[],"product_cat":[237,162],"product_tag":[],"class_list":{"0":"post-4942","1":"product","2":"type-product","3":"status-publish","4":"has-post-thumbnail","6":"product_cat-belleza","7":"product_cat-dermocosmetica","9":"first","10":"instock","11":"shipping-taxable","12":"purchasable","13":"product-type-simple"},"_links":{"self":[{"href":"https:\/\/farmaciadagostino.com.ar\/sitio\/wp-json\/wp\/v2\/product\/4942","targetHints":{"allow":["GET"]}}],"collection":[{"href":"https:\/\/farmaciadagostino.com.ar\/sitio\/wp-json\/wp\/v2\/product"}],"about":[{"href":"https:\/\/farmaciadagostino.com.ar\/sitio\/wp-json\/wp\/v2\/types\/product"}],"replies":[{"embeddable":true,"href":"https:\/\/farmaciadagostino.com.ar\/sitio\/wp-json\/wp\/v2\/comments?post=4942"}],"wp:featuredmedia":[{"embeddable":true,"href":"https:\/\/farmaciadagostino.com.ar\/sitio\/wp-json\/wp\/v2\/media\/2983"}],"wp:attachment":[{"href":"https:\/\/farmaciadagostino.com.ar\/sitio\/wp-json\/wp\/v2\/media?parent=4942"}],"wp:term":[{"taxonomy":"product_brand","embeddable":true,"href":"https:\/\/farmaciadagostino.com.ar\/sitio\/wp-json\/wp\/v2\/product_brand?post=4942"},{"taxonomy":"product_cat","embeddable":true,"href":"https:\/\/farmaciadagostino.com.ar\/sitio\/wp-json\/wp\/v2\/product_cat?post=4942"},{"taxonomy":"product_tag","embeddable":true,"href":"https:\/\/farmaciadagostino.com.ar\/sitio\/wp-json\/wp\/v2\/product_tag?post=4942"}],"curies":[{"name":"wp","href":"https:\/\/api.w.org\/{rel}","templated":true}]}}