{"id":4950,"date":"2024-06-09T13:21:57","date_gmt":"2024-06-09T16:21:57","guid":{"rendered":"https:\/\/farmaciadagostino.com.ar\/sitio\/producto\/garnier-skin-agua-micelar-con-vitamina-c-x400-ml\/"},"modified":"2026-03-09T10:17:55","modified_gmt":"2026-03-09T13:17:55","slug":"garnier-skin-agua-micelar-con-vitamina-c-x400-ml","status":"publish","type":"product","link":"https:\/\/farmaciadagostino.com.ar\/sitio\/producto\/garnier-skin-agua-micelar-con-vitamina-c-x400-ml\/","title":{"rendered":"GARNIER SKIN AGUA MICELAR CON VITAMINA C x400 ml"},"content":{"rendered":"<p>Beneficios.<br \/>\nConoc\u00e9 la nueva Agua Micelar con Vitamina Cg. Enriquecida con vitamina C para potenciar la luminosidad de tu piel: limpia, desmaquilla y unifica el tono de la piel.<br \/>\nF\u00f3rmula vegana. 30% de pl\u00e1stico reciclado.<br \/>\nAprobado por Crueltry Free International.<br \/>\nComprometido con Green Beauty.<br \/>\nModo Uso.<br \/>\nHumedec\u00e9 un disco de algod\u00f3n o, si es posible, un disco de algod\u00f3n reutilizable, con el Agua Micelar de Vitamina C y aplic\u00e1 sobre el rostro, labios y ojos. Es preferible presionar suavemente que frotar. \u00a1Y listo! No es necesario enjuagar.<\/p>\n","protected":false},"excerpt":{"rendered":"<p>Conoc\u00e9 la nueva Agua Micelar con Vitamina Cg. Enriquecida con vitamina C para potenciar la luminosidad de tu piel: limpia, desmaquilla y unifica el tono de la piel.<\/p>\n","protected":false},"featured_media":3169,"comment_status":"open","ping_status":"closed","template":"","meta":[],"product_brand":[],"product_cat":[237,162],"product_tag":[],"class_list":{"0":"post-4950","1":"product","2":"type-product","3":"status-publish","4":"has-post-thumbnail","6":"product_cat-belleza","7":"product_cat-dermocosmetica","9":"first","10":"instock","11":"shipping-taxable","12":"purchasable","13":"product-type-simple"},"_links":{"self":[{"href":"https:\/\/farmaciadagostino.com.ar\/sitio\/wp-json\/wp\/v2\/product\/4950","targetHints":{"allow":["GET"]}}],"collection":[{"href":"https:\/\/farmaciadagostino.com.ar\/sitio\/wp-json\/wp\/v2\/product"}],"about":[{"href":"https:\/\/farmaciadagostino.com.ar\/sitio\/wp-json\/wp\/v2\/types\/product"}],"replies":[{"embeddable":true,"href":"https:\/\/farmaciadagostino.com.ar\/sitio\/wp-json\/wp\/v2\/comments?post=4950"}],"wp:featuredmedia":[{"embeddable":true,"href":"https:\/\/farmaciadagostino.com.ar\/sitio\/wp-json\/wp\/v2\/media\/3169"}],"wp:attachment":[{"href":"https:\/\/farmaciadagostino.com.ar\/sitio\/wp-json\/wp\/v2\/media?parent=4950"}],"wp:term":[{"taxonomy":"product_brand","embeddable":true,"href":"https:\/\/farmaciadagostino.com.ar\/sitio\/wp-json\/wp\/v2\/product_brand?post=4950"},{"taxonomy":"product_cat","embeddable":true,"href":"https:\/\/farmaciadagostino.com.ar\/sitio\/wp-json\/wp\/v2\/product_cat?post=4950"},{"taxonomy":"product_tag","embeddable":true,"href":"https:\/\/farmaciadagostino.com.ar\/sitio\/wp-json\/wp\/v2\/product_tag?post=4950"}],"curies":[{"name":"wp","href":"https:\/\/api.w.org\/{rel}","templated":true}]}}