{"id":5000,"date":"2024-06-09T13:22:03","date_gmt":"2024-06-09T16:22:03","guid":{"rendered":"https:\/\/farmaciadagostino.com.ar\/sitio\/producto\/tresemme-acondicionador-brillo-lamelar-x500-ml\/"},"modified":"2026-03-09T10:25:08","modified_gmt":"2026-03-09T13:25:08","slug":"tresemme-acondicionador-brillo-lamelar-x500-ml","status":"publish","type":"product","link":"https:\/\/farmaciadagostino.com.ar\/sitio\/producto\/tresemme-acondicionador-brillo-lamelar-x500-ml\/","title":{"rendered":"Tresemme Acondicionador Brillo Lamelar 500 ml"},"content":{"rendered":"<p>Un tratamiento revolucionario de sal\u00f3n, ahora en tu casa. La nueva l\u00ednea TRESemm\u00e9 Brillo Lamelar cuenta con una tecnolog\u00eda revolucionaria llamada Lamelar que est\u00e1 compuesta por estructuras lamelares que envuelven perfectamente los cables, corrigiendo instant\u00e1neamente sus irregularidades y devolviendo as\u00ed una superficie uniforme, nutrida y con intenso brillo. Adem\u00e1s, la l\u00ednea presenta una f\u00f3rmula exclusiva desarrollada con una mezcla de aceite que asegura una nutrici\u00f3n profunda e inmediata, restaurando la salud y vitalidad del cabello. Desde el primer uso, proporciona un cabello x7 m\u00e1s evidente y un intenso efecto de brillo a su m\u00e1xima intensidad. La l\u00ednea est\u00e1 indicada para todo tipo de cabello.<\/p>\n","protected":false},"excerpt":{"rendered":"<p>Un tratamiento revolucionario de sal\u00f3n, ahora en tu casa<\/p>\n","protected":false},"featured_media":3451,"comment_status":"open","ping_status":"closed","template":"","meta":[],"product_brand":[],"product_cat":[237,152],"product_tag":[],"class_list":{"0":"post-5000","1":"product","2":"type-product","3":"status-publish","4":"has-post-thumbnail","6":"product_cat-belleza","7":"product_cat-cuidado-personal","9":"first","10":"instock","11":"shipping-taxable","12":"purchasable","13":"product-type-simple"},"_links":{"self":[{"href":"https:\/\/farmaciadagostino.com.ar\/sitio\/wp-json\/wp\/v2\/product\/5000","targetHints":{"allow":["GET"]}}],"collection":[{"href":"https:\/\/farmaciadagostino.com.ar\/sitio\/wp-json\/wp\/v2\/product"}],"about":[{"href":"https:\/\/farmaciadagostino.com.ar\/sitio\/wp-json\/wp\/v2\/types\/product"}],"replies":[{"embeddable":true,"href":"https:\/\/farmaciadagostino.com.ar\/sitio\/wp-json\/wp\/v2\/comments?post=5000"}],"wp:featuredmedia":[{"embeddable":true,"href":"https:\/\/farmaciadagostino.com.ar\/sitio\/wp-json\/wp\/v2\/media\/3451"}],"wp:attachment":[{"href":"https:\/\/farmaciadagostino.com.ar\/sitio\/wp-json\/wp\/v2\/media?parent=5000"}],"wp:term":[{"taxonomy":"product_brand","embeddable":true,"href":"https:\/\/farmaciadagostino.com.ar\/sitio\/wp-json\/wp\/v2\/product_brand?post=5000"},{"taxonomy":"product_cat","embeddable":true,"href":"https:\/\/farmaciadagostino.com.ar\/sitio\/wp-json\/wp\/v2\/product_cat?post=5000"},{"taxonomy":"product_tag","embeddable":true,"href":"https:\/\/farmaciadagostino.com.ar\/sitio\/wp-json\/wp\/v2\/product_tag?post=5000"}],"curies":[{"name":"wp","href":"https:\/\/api.w.org\/{rel}","templated":true}]}}