{"id":5001,"date":"2024-06-09T13:22:03","date_gmt":"2024-06-09T16:22:03","guid":{"rendered":"https:\/\/farmaciadagostino.com.ar\/sitio\/producto\/tresemme-shampoo-brillo-lamelar-x500-ml\/"},"modified":"2026-03-09T10:09:43","modified_gmt":"2026-03-09T13:09:43","slug":"tresemme-shampoo-brillo-lamelar-x500-ml","status":"publish","type":"product","link":"https:\/\/farmaciadagostino.com.ar\/sitio\/producto\/tresemme-shampoo-brillo-lamelar-x500-ml\/","title":{"rendered":"TRESEMME SHAMPOO BRILLO LAMELAR x500 ml"},"content":{"rendered":"<p>Tresemme Brillo es la soluci\u00f3n adecuada para aquellas personas que buscan un cabello nutrido, suave y con un efecto brillante instant\u00e1neo.<br \/>\nEsta f\u00f3rmula innovadora ha sido desarrollada profesionalmente con la tecnolog\u00eda Lamelar, que revoluciona el cuidado del cabello.<br \/>\nGracias a su nueva f\u00f3rmula con tecnolog\u00eda para el cuidado, este shampoo ofrece una nivelaci\u00f3n lamelar de la fibra capilar, lo que significa que trabaja para uniformizar las irregularidades en tu cabello.<br \/>\nDesde la primera aplicaci\u00f3n notar\u00e1s c\u00f3mo las imperfecciones desaparecen y tu cabello se vuelve m\u00e1s suave y brillante.<br \/>\nLa aplicaci\u00f3n es sencilla: Necesitas aplicar el shampoo sobre el cabello mojado, emulsionar y masajear para limpiar y uniformizar las irregularidades de la fibra. Luego, enjuaga para revelar un cabello radiante.<br \/>\nEste producto es parte de la l\u00ednea Tresemme Brillo Lamelar, y se recomienda su uso en conjunto con los otros productos de la l\u00ednea para lograr un resultado profesional \u00f3ptimo.<br \/>\nLa f\u00f3rmula incluye ingredientes como el aceite de coco y el aceite de macadamia, nutre tu cabello y lo deja con un brillo deslumbrante. Tip de aplicaci\u00f3n: aplicar sobre el cabello mojado, emulsionar, masajear para limpieza y uniformizaci\u00f3n de las irregularidades de la fibra. Enjuagar.<br \/>\nPara un resultado completo, utiliza la l\u00ednea completa. \u00a1No dejes de probarlo y cuidar tu cabello sedoso!<\/p>\n","protected":false},"excerpt":{"rendered":"<p>Especialmente dise\u00f1ado como un tratamiento capilar para el cuidado de cabello desde las puntas hasta la ra\u00edz.<\/p>\n","protected":false},"featured_media":3450,"comment_status":"open","ping_status":"closed","template":"","meta":[],"product_brand":[],"product_cat":[237,152],"product_tag":[],"class_list":{"0":"post-5001","1":"product","2":"type-product","3":"status-publish","4":"has-post-thumbnail","6":"product_cat-belleza","7":"product_cat-cuidado-personal","9":"first","10":"instock","11":"shipping-taxable","12":"purchasable","13":"product-type-simple"},"_links":{"self":[{"href":"https:\/\/farmaciadagostino.com.ar\/sitio\/wp-json\/wp\/v2\/product\/5001","targetHints":{"allow":["GET"]}}],"collection":[{"href":"https:\/\/farmaciadagostino.com.ar\/sitio\/wp-json\/wp\/v2\/product"}],"about":[{"href":"https:\/\/farmaciadagostino.com.ar\/sitio\/wp-json\/wp\/v2\/types\/product"}],"replies":[{"embeddable":true,"href":"https:\/\/farmaciadagostino.com.ar\/sitio\/wp-json\/wp\/v2\/comments?post=5001"}],"wp:featuredmedia":[{"embeddable":true,"href":"https:\/\/farmaciadagostino.com.ar\/sitio\/wp-json\/wp\/v2\/media\/3450"}],"wp:attachment":[{"href":"https:\/\/farmaciadagostino.com.ar\/sitio\/wp-json\/wp\/v2\/media?parent=5001"}],"wp:term":[{"taxonomy":"product_brand","embeddable":true,"href":"https:\/\/farmaciadagostino.com.ar\/sitio\/wp-json\/wp\/v2\/product_brand?post=5001"},{"taxonomy":"product_cat","embeddable":true,"href":"https:\/\/farmaciadagostino.com.ar\/sitio\/wp-json\/wp\/v2\/product_cat?post=5001"},{"taxonomy":"product_tag","embeddable":true,"href":"https:\/\/farmaciadagostino.com.ar\/sitio\/wp-json\/wp\/v2\/product_tag?post=5001"}],"curies":[{"name":"wp","href":"https:\/\/api.w.org\/{rel}","templated":true}]}}