{"id":5004,"date":"2024-06-09T13:22:04","date_gmt":"2024-06-09T16:22:04","guid":{"rendered":"https:\/\/farmaciadagostino.com.ar\/sitio\/producto\/neutrogena-purified-skin-gel-x150-gr\/"},"modified":"2026-03-09T10:09:43","modified_gmt":"2026-03-09T13:09:43","slug":"neutrogena-purified-skin-gel-x150-gr","status":"publish","type":"product","link":"https:\/\/farmaciadagostino.com.ar\/sitio\/producto\/neutrogena-purified-skin-gel-x150-gr\/","title":{"rendered":"Neutrogena Gel de Limpieza Purified Skin 150 gr"},"content":{"rendered":"<p>El gel de limpieza NEUTROGENA\u00ae PURIFIED SKIN\u00ae ofrece una limpieza purificadora y profunda que elimina las impurezas y toxinas y reduce la oleosidad de la piel *, sin dejar sensaci\u00f3n de resequedad. Su f\u00f3rmula suave respeta el pH de la piel, sin agredirla, proporcionando una sensaci\u00f3n de suavidad y frescura. Su f\u00f3rmula con \u00c1cido Glic\u00f3lico proporciona la renovaci\u00f3n celular de la piel desde el primer uso.   (*con el uso continuo)<\/p>\n<h5>Beneficios:<\/h5>\n<p>Su f\u00f3rmula suave respeta el pH de la piel, sin agredirla, proporcionando una sensaci\u00f3n de suavidad y frescura. Su f\u00f3rmula con \u00e1cido glic\u00f3lico proporciona la renovaci\u00f3n celular de la piel desde el primer uso.<\/p>\n<h5>Modo de uso:<\/h5>\n<p>Aplicar sobre el rostro h\u00famedo, masajeando con movimientos circulares. Enjuagar completamente.<\/p>\n<h5>Precauciones:<\/h5>\n<p>Uso externo. No ingerir. Evite el contacto con los ojos. Si esto ocurre, enjuague con abundante agua. En caso de irritaci\u00f3n, discontinuar el uso y buscar orientaci\u00f3n m\u00e9dica. Uso Adulto.<\/p>\n<h5>Indicaciones:<\/h5>\n<p>Ideal para uso diario.<\/p>\n","protected":false},"excerpt":{"rendered":"<p>El gel de limpieza NEUTROGENA\u00ae PURIFIED SKIN\u00ae ofrece una limpieza purificadora y profunda que elimina las impurezas y toxinas y reduce la oleosidad de la piel *, sin dejar sensaci\u00f3n de resequedad<\/p>\n","protected":false},"featured_media":4382,"comment_status":"open","ping_status":"closed","template":"","meta":[],"product_brand":[],"product_cat":[237,162],"product_tag":[],"class_list":{"0":"post-5004","1":"product","2":"type-product","3":"status-publish","4":"has-post-thumbnail","6":"product_cat-belleza","7":"product_cat-dermocosmetica","9":"first","10":"instock","11":"shipping-taxable","12":"purchasable","13":"product-type-simple"},"_links":{"self":[{"href":"https:\/\/farmaciadagostino.com.ar\/sitio\/wp-json\/wp\/v2\/product\/5004","targetHints":{"allow":["GET"]}}],"collection":[{"href":"https:\/\/farmaciadagostino.com.ar\/sitio\/wp-json\/wp\/v2\/product"}],"about":[{"href":"https:\/\/farmaciadagostino.com.ar\/sitio\/wp-json\/wp\/v2\/types\/product"}],"replies":[{"embeddable":true,"href":"https:\/\/farmaciadagostino.com.ar\/sitio\/wp-json\/wp\/v2\/comments?post=5004"}],"wp:featuredmedia":[{"embeddable":true,"href":"https:\/\/farmaciadagostino.com.ar\/sitio\/wp-json\/wp\/v2\/media\/4382"}],"wp:attachment":[{"href":"https:\/\/farmaciadagostino.com.ar\/sitio\/wp-json\/wp\/v2\/media?parent=5004"}],"wp:term":[{"taxonomy":"product_brand","embeddable":true,"href":"https:\/\/farmaciadagostino.com.ar\/sitio\/wp-json\/wp\/v2\/product_brand?post=5004"},{"taxonomy":"product_cat","embeddable":true,"href":"https:\/\/farmaciadagostino.com.ar\/sitio\/wp-json\/wp\/v2\/product_cat?post=5004"},{"taxonomy":"product_tag","embeddable":true,"href":"https:\/\/farmaciadagostino.com.ar\/sitio\/wp-json\/wp\/v2\/product_tag?post=5004"}],"curies":[{"name":"wp","href":"https:\/\/api.w.org\/{rel}","templated":true}]}}