{"id":5011,"date":"2024-06-09T13:22:06","date_gmt":"2024-06-09T16:22:06","guid":{"rendered":"https:\/\/farmaciadagostino.com.ar\/sitio\/producto\/kit-regalo-evagina-deo-intimo-toallitas-humedas-adermicina-facial-humectante\/"},"modified":"2026-03-09T10:25:08","modified_gmt":"2026-03-09T13:25:08","slug":"kit-regalo-evagina-deo-intimo-toallitas-humedas-adermicina-facial-humectante","status":"publish","type":"product","link":"https:\/\/farmaciadagostino.com.ar\/sitio\/producto\/kit-regalo-evagina-deo-intimo-toallitas-humedas-adermicina-facial-humectante\/","title":{"rendered":"KIT REGALO EVAGINA DEO \u00cdNTIMO + TOALLITAS H\u00daMEDAS + ADERMICINA FACIAL HUMECTANTE"},"content":{"rendered":"<p>Evagina deo intimo:<br \/>\nEs un desodorante \u00edntimo que ayuda a prevenir la aparici\u00f3n de olores en la zona vulvar y perineal. Brinda 24 horas de protecci\u00f3n, no contiene alcohol y no mancha la ropa ni la humedece. Es ideal para tenerlo en tu bolso o cartera y llevarlo siempre con vos.<br \/>\nEvagina toallitas humedas intimas:<br \/>\nSon toallitas h\u00famedas de uso diario para higienizar suavemente la zona vulvovaginal y perianal, dejando una agradable sensaci\u00f3n de frescura. Su exclusiva f\u00f3rmula hidrata, calma y suaviza la zona sin necesidad de enjuague y son ideales para llevar siempre con vos.<br \/>\nAdermicina cuidado facial humectante:<br \/>\nEs una crema que retiene el agua de la piel, otorg\u00e1ndole una sensaci\u00f3n de frescura desde el primer contacto. Ofrece protecci\u00f3n antioxidante y fortalece la funci\u00f3n de barrera de la piel asegurando una menor irritaci\u00f3n ante la exposici\u00f3n a agentes del ambiente.<br \/>\nPor su composici\u00f3n con hydraingredientes, niacinamida y vitamina E, estimula la formaci\u00f3n de col\u00e1geno y elastina<br \/>\naumentando la firmeza de la piel y forma un film que la protege de la poluci\u00f3n del ambiente logrando que sea una<br \/>\ncrema apta para utilizar en todo tipo de climas y circunstancias.<\/p>\n","protected":false},"excerpt":{"rendered":"<p>El kit incluye:<br \/>\nEvagina deo intimo 75ml<br \/>\nEvagina toallitas humedas intimas 20un<br \/>\nAdermicina cuidado facial humectante 90gr<\/p>\n","protected":false},"featured_media":3837,"comment_status":"open","ping_status":"closed","template":"","meta":[],"product_brand":[],"product_cat":[152,239],"product_tag":[],"class_list":{"0":"post-5011","1":"product","2":"type-product","3":"status-publish","4":"has-post-thumbnail","6":"product_cat-cuidado-personal","7":"product_cat-intimo","9":"first","10":"instock","11":"shipping-taxable","12":"purchasable","13":"product-type-simple"},"_links":{"self":[{"href":"https:\/\/farmaciadagostino.com.ar\/sitio\/wp-json\/wp\/v2\/product\/5011","targetHints":{"allow":["GET"]}}],"collection":[{"href":"https:\/\/farmaciadagostino.com.ar\/sitio\/wp-json\/wp\/v2\/product"}],"about":[{"href":"https:\/\/farmaciadagostino.com.ar\/sitio\/wp-json\/wp\/v2\/types\/product"}],"replies":[{"embeddable":true,"href":"https:\/\/farmaciadagostino.com.ar\/sitio\/wp-json\/wp\/v2\/comments?post=5011"}],"wp:featuredmedia":[{"embeddable":true,"href":"https:\/\/farmaciadagostino.com.ar\/sitio\/wp-json\/wp\/v2\/media\/3837"}],"wp:attachment":[{"href":"https:\/\/farmaciadagostino.com.ar\/sitio\/wp-json\/wp\/v2\/media?parent=5011"}],"wp:term":[{"taxonomy":"product_brand","embeddable":true,"href":"https:\/\/farmaciadagostino.com.ar\/sitio\/wp-json\/wp\/v2\/product_brand?post=5011"},{"taxonomy":"product_cat","embeddable":true,"href":"https:\/\/farmaciadagostino.com.ar\/sitio\/wp-json\/wp\/v2\/product_cat?post=5011"},{"taxonomy":"product_tag","embeddable":true,"href":"https:\/\/farmaciadagostino.com.ar\/sitio\/wp-json\/wp\/v2\/product_tag?post=5011"}],"curies":[{"name":"wp","href":"https:\/\/api.w.org\/{rel}","templated":true}]}}