{"id":5015,"date":"2024-06-09T13:22:06","date_gmt":"2024-06-09T16:22:06","guid":{"rendered":"https:\/\/farmaciadagostino.com.ar\/sitio\/producto\/johnson-baby-toallitas-hipoalargenicas-recien-nacido-x48-un\/"},"modified":"2026-03-09T10:09:43","modified_gmt":"2026-03-09T13:09:43","slug":"johnson-baby-toallitas-hipoalargenicas-recien-nacido-x48-un","status":"publish","type":"product","link":"https:\/\/farmaciadagostino.com.ar\/sitio\/producto\/johnson-baby-toallitas-hipoalargenicas-recien-nacido-x48-un\/","title":{"rendered":"JOHNSON BABY TOALLITAS HIPOALARG\u00c9NICAS RECIEN NACIDO x48 un"},"content":{"rendered":"<p>Adem\u00e1s de la suavidad cl\u00ednicamente testeada, su f\u00f3rmula es hipoalerg\u00e9nica.<br \/>\nLas toallitas h\u00famedas para beb\u00e9 JOHNSON\u2019S\u00ae baby Reci\u00e9n Nacido fueron especialmente desarrolladas teniendo en cuenta que la piel del reci\u00e9n nacido necesita cuidados especiales para limpiar todas las suciedades de manera suave y eficiente. No contiene fragancia ni alcohol.<br \/>\nModo Uso:<br \/>\nAbr\u00ed la tapa adhesiva y retir\u00e1 la primera toallita h\u00fameda JOHNSON\u00b4S\u00ae Reci\u00e9n Nacido. Pas\u00e1 la toallita en las \u00e1reas de la piel de tu beb\u00e9 que deseas limpiar y tir\u00e1 la toallita a la basura una vez utilizada. Despu\u00e9s de utilizarlas, cerrar la etiqueta autoadhesiva para conservar la humedad de las toallitas.<\/p>\n","protected":false},"excerpt":{"rendered":"<p>Desarrolladas con la exclusiva f\u00f3rmula No Mas Lagrimas, de forma tal que pueden utilizarse en todo el cuerpito del beb\u00e9, inclusive alrededor de los ojos y con la exclusiva tecnolog\u00eda Spunlace, haci\u00e9ndolos suaves, m\u00e1s absorbentes y s\u00faper resistentes.<\/p>\n","protected":false},"featured_media":4405,"comment_status":"open","ping_status":"closed","template":"","meta":[],"product_brand":[],"product_cat":[177],"product_tag":[],"class_list":{"0":"post-5015","1":"product","2":"type-product","3":"status-publish","4":"has-post-thumbnail","6":"product_cat-bebe-maternidad","8":"first","9":"instock","10":"shipping-taxable","11":"purchasable","12":"product-type-simple"},"_links":{"self":[{"href":"https:\/\/farmaciadagostino.com.ar\/sitio\/wp-json\/wp\/v2\/product\/5015","targetHints":{"allow":["GET"]}}],"collection":[{"href":"https:\/\/farmaciadagostino.com.ar\/sitio\/wp-json\/wp\/v2\/product"}],"about":[{"href":"https:\/\/farmaciadagostino.com.ar\/sitio\/wp-json\/wp\/v2\/types\/product"}],"replies":[{"embeddable":true,"href":"https:\/\/farmaciadagostino.com.ar\/sitio\/wp-json\/wp\/v2\/comments?post=5015"}],"wp:featuredmedia":[{"embeddable":true,"href":"https:\/\/farmaciadagostino.com.ar\/sitio\/wp-json\/wp\/v2\/media\/4405"}],"wp:attachment":[{"href":"https:\/\/farmaciadagostino.com.ar\/sitio\/wp-json\/wp\/v2\/media?parent=5015"}],"wp:term":[{"taxonomy":"product_brand","embeddable":true,"href":"https:\/\/farmaciadagostino.com.ar\/sitio\/wp-json\/wp\/v2\/product_brand?post=5015"},{"taxonomy":"product_cat","embeddable":true,"href":"https:\/\/farmaciadagostino.com.ar\/sitio\/wp-json\/wp\/v2\/product_cat?post=5015"},{"taxonomy":"product_tag","embeddable":true,"href":"https:\/\/farmaciadagostino.com.ar\/sitio\/wp-json\/wp\/v2\/product_tag?post=5015"}],"curies":[{"name":"wp","href":"https:\/\/api.w.org\/{rel}","templated":true}]}}