{"id":5016,"date":"2024-06-09T13:22:06","date_gmt":"2024-06-09T16:22:06","guid":{"rendered":"https:\/\/farmaciadagostino.com.ar\/sitio\/producto\/johnson-baby-toallitas-hipoalargenicas-extra-cuidado-x48-un\/"},"modified":"2026-03-09T10:17:55","modified_gmt":"2026-03-09T13:17:55","slug":"johnson-baby-toallitas-hipoalargenicas-extra-cuidado-x48-un","status":"publish","type":"product","link":"https:\/\/farmaciadagostino.com.ar\/sitio\/producto\/johnson-baby-toallitas-hipoalargenicas-extra-cuidado-x48-un\/","title":{"rendered":"JOHNSON BABY TOALLITAS HIPOALARG\u00c9NICAS EXTRA CUIDADO x48 un"},"content":{"rendered":"<p>Gracias a su acci\u00f3n hidratante, protegen y cuidan la delicada piel de tu beb\u00e9.<br \/>\nLimpian la delicada piel de tu beb\u00e9, sin irritarla ni resecarla.<br \/>\nEst\u00e1 dermatol\u00f3gicamente comprobado y es hipoalerg\u00e9nico.<br \/>\nSon suaves, m\u00e1s absorbentes y s\u00faper resistentes.<br \/>\nModo Uso.<br \/>\nTire de la pesta\u00f1a de la etiqueta adhesiva y retire las toallitas h\u00famedas una por una. Despu\u00e9s del uso, cierre el embalaje para preservar la humedad de las toallas.<\/p>\n","protected":false},"excerpt":{"rendered":"<p>Desarrolladas teniendo en cuenta que la piel del reci\u00e9n nacido necesita cuidados especiales para limpiar todas las suciedades de manera suave y eficiente. No contiene fragancia ni alcohol.<\/p>\n","protected":false},"featured_media":4403,"comment_status":"open","ping_status":"closed","template":"","meta":[],"product_brand":[],"product_cat":[177,266],"product_tag":[],"class_list":{"0":"post-5016","1":"product","2":"type-product","3":"status-publish","4":"has-post-thumbnail","6":"product_cat-bebe-maternidad","7":"product_cat-infancias","9":"first","10":"instock","11":"shipping-taxable","12":"purchasable","13":"product-type-simple"},"_links":{"self":[{"href":"https:\/\/farmaciadagostino.com.ar\/sitio\/wp-json\/wp\/v2\/product\/5016","targetHints":{"allow":["GET"]}}],"collection":[{"href":"https:\/\/farmaciadagostino.com.ar\/sitio\/wp-json\/wp\/v2\/product"}],"about":[{"href":"https:\/\/farmaciadagostino.com.ar\/sitio\/wp-json\/wp\/v2\/types\/product"}],"replies":[{"embeddable":true,"href":"https:\/\/farmaciadagostino.com.ar\/sitio\/wp-json\/wp\/v2\/comments?post=5016"}],"wp:featuredmedia":[{"embeddable":true,"href":"https:\/\/farmaciadagostino.com.ar\/sitio\/wp-json\/wp\/v2\/media\/4403"}],"wp:attachment":[{"href":"https:\/\/farmaciadagostino.com.ar\/sitio\/wp-json\/wp\/v2\/media?parent=5016"}],"wp:term":[{"taxonomy":"product_brand","embeddable":true,"href":"https:\/\/farmaciadagostino.com.ar\/sitio\/wp-json\/wp\/v2\/product_brand?post=5016"},{"taxonomy":"product_cat","embeddable":true,"href":"https:\/\/farmaciadagostino.com.ar\/sitio\/wp-json\/wp\/v2\/product_cat?post=5016"},{"taxonomy":"product_tag","embeddable":true,"href":"https:\/\/farmaciadagostino.com.ar\/sitio\/wp-json\/wp\/v2\/product_tag?post=5016"}],"curies":[{"name":"wp","href":"https:\/\/api.w.org\/{rel}","templated":true}]}}