{"id":5023,"date":"2024-06-09T13:22:07","date_gmt":"2024-06-09T16:22:07","guid":{"rendered":"https:\/\/farmaciadagostino.com.ar\/sitio\/producto\/garnier-fructis-hair-food-shampoo-aloe-vera-x60-gr\/"},"modified":"2026-03-09T10:09:43","modified_gmt":"2026-03-09T13:09:43","slug":"garnier-fructis-hair-food-shampoo-aloe-vera-x60-gr","status":"publish","type":"product","link":"https:\/\/farmaciadagostino.com.ar\/sitio\/producto\/garnier-fructis-hair-food-shampoo-aloe-vera-x60-gr\/","title":{"rendered":"GARNIER FRUCTIS HAIR FOOD SHAMPOO ALOE VERA x60 gr"},"content":{"rendered":"<p>\u00a1SUMATE A LA REVOLUCI\u00d3N VERDE DEL SHAMPOO S\u00d3LIDO! PARA UN S\u00daPER PELO<br \/>\nNuestra nueva forma sustentable de 1. LIMPIAR &amp; 2. HIDRATAR tu pelo, sin dejarlo pesado. Nuestras frutas m\u00e1s nutritivas, enriquecidas con nutrientes activos ahora dentro de nuestra shampoo s\u00f3lido de 94% origen vegetal y 98% biodegradable.Limpia tu pelo, sin resecarlo.<br \/>\n\u00a1Dec\u00ed SI al pelo hidratado, NO a los residuos pl\u00e1sticos!<br \/>\n\u00bfQU\u00c9 ES EL SHAMPOO S\u00d3LIDO ALOE? Un shampoo en barra, cargado de s\u00faper frutas y nutrientes para limpiar y nutrir tu pelo. Hecho con ingredientes de 94% origen vegetal y con 0% pl\u00e1stico, \u00a1este shampoo super sustentable es la nueva forma de cuidar tu pelo y el planeta!<br \/>\n1 Barra de shampoo s\u00f3lido equivale a 2 botellas de shampoo l\u00edquido de 250ml.<br \/>\nSHAMPOO VEGANO: BUENO PARA TI Y PARA EL PLANETA:<br \/>\nSI VEGANO<br \/>\nSI 100% RECICLABLE<br \/>\nS\u00cd 98% BIODEGRABALE<br \/>\nS\u00cd 94% ORIGEN VEGETAL<br \/>\nS\u00cd TESTEADO DERMATOL\u00d3GICAMENTE<br \/>\nS\u00cd F\u00c1CIL ENJUAGUE<br \/>\nS\u00cd RECICLABLE<br \/>\nS\u00cd CART\u00d3N CERTIFICADO POR FSC<br \/>\nNO SILICONAS<br \/>\nNO RESIDUOS PL\u00c1STICOS<br \/>\nNO CONSERVADORES<br \/>\nNO COLORANTES ARTIFICALES<br \/>\nMODO DE USO:<br \/>\n1- Moj\u00e1 tu pelo y frot\u00e1 el shampoo s\u00f3lido en tus manos bajo el agua; r\u00e1pidamente empezar\u00e1 a hacer espuma.<br \/>\n2- Despu\u00e9s, frot\u00e1 la barra de ra\u00edz a puntas para generar m\u00e1s espuma.<br \/>\n3- Masaje\u00e1 tu pelo.<br \/>\n4- Enjuag\u00e1 con abundante agua como de costumbre.<br \/>\nGuarda tu shampoo s\u00f3lido en un lugar seco y fresco para conservarlo mejor. Es importante dejarla secar muy bien entre usos y adem\u00e1s de elegir jaboneras que drenen bien el agua.<\/p>\n","protected":false},"excerpt":{"rendered":"<p>Shampoo s\u00f3lido Hair Food Aloe para pelo deshidratado. 94% origen vegetal, vegano, biodegradable y aprobado por Cruelty Free International.<\/p>\n","protected":false},"featured_media":2944,"comment_status":"open","ping_status":"closed","template":"","meta":[],"product_brand":[],"product_cat":[237,152],"product_tag":[],"class_list":{"0":"post-5023","1":"product","2":"type-product","3":"status-publish","4":"has-post-thumbnail","6":"product_cat-belleza","7":"product_cat-cuidado-personal","9":"first","10":"instock","11":"sale","12":"shipping-taxable","13":"purchasable","14":"product-type-simple"},"_links":{"self":[{"href":"https:\/\/farmaciadagostino.com.ar\/sitio\/wp-json\/wp\/v2\/product\/5023","targetHints":{"allow":["GET"]}}],"collection":[{"href":"https:\/\/farmaciadagostino.com.ar\/sitio\/wp-json\/wp\/v2\/product"}],"about":[{"href":"https:\/\/farmaciadagostino.com.ar\/sitio\/wp-json\/wp\/v2\/types\/product"}],"replies":[{"embeddable":true,"href":"https:\/\/farmaciadagostino.com.ar\/sitio\/wp-json\/wp\/v2\/comments?post=5023"}],"wp:featuredmedia":[{"embeddable":true,"href":"https:\/\/farmaciadagostino.com.ar\/sitio\/wp-json\/wp\/v2\/media\/2944"}],"wp:attachment":[{"href":"https:\/\/farmaciadagostino.com.ar\/sitio\/wp-json\/wp\/v2\/media?parent=5023"}],"wp:term":[{"taxonomy":"product_brand","embeddable":true,"href":"https:\/\/farmaciadagostino.com.ar\/sitio\/wp-json\/wp\/v2\/product_brand?post=5023"},{"taxonomy":"product_cat","embeddable":true,"href":"https:\/\/farmaciadagostino.com.ar\/sitio\/wp-json\/wp\/v2\/product_cat?post=5023"},{"taxonomy":"product_tag","embeddable":true,"href":"https:\/\/farmaciadagostino.com.ar\/sitio\/wp-json\/wp\/v2\/product_tag?post=5023"}],"curies":[{"name":"wp","href":"https:\/\/api.w.org\/{rel}","templated":true}]}}