{"id":5032,"date":"2024-06-09T13:22:07","date_gmt":"2024-06-09T16:22:07","guid":{"rendered":"https:\/\/farmaciadagostino.com.ar\/sitio\/producto\/axe-desodorante-musk-x230-ml\/"},"modified":"2026-03-09T10:25:08","modified_gmt":"2026-03-09T13:25:08","slug":"axe-desodorante-musk-x230-ml","status":"publish","type":"product","link":"https:\/\/farmaciadagostino.com.ar\/sitio\/producto\/axe-desodorante-musk-x230-ml\/","title":{"rendered":"AXE DESODORANTE MUSK x230 ml"},"content":{"rendered":"<p>AXE Musk es un desodorante corporal que combina perfectamente lo cl\u00e1sico y lo elegante. La calidez de la canela y el \u00e1mbar, combinadas con gotas de lim\u00f3n, brindan una fragancia masculina que nunca pasa de moda. Este desodorante corporal es la elecci\u00f3n perfecta para un d\u00eda especial, con una fragancia duradera y atemporal que ya se volvi\u00f3 tu marca registrada.<br \/>\nNuestra nueva y revolucionaria tecnolog\u00eda de doble acci\u00f3n combate las bacterias que causan el mal olor para que puedas oler incre\u00edblemente elegante durante 48 horas.<\/p>\n","protected":false},"excerpt":{"rendered":"<p>Llev\u00e1 tu perfume caracter\u00edstico, ahora por mucho m\u00e1s tiempo con AXE Musk.<\/p>\n","protected":false},"featured_media":3464,"comment_status":"open","ping_status":"closed","template":"","meta":[],"product_brand":[],"product_cat":[152],"product_tag":[],"class_list":{"0":"post-5032","1":"product","2":"type-product","3":"status-publish","4":"has-post-thumbnail","6":"product_cat-cuidado-personal","8":"first","9":"instock","10":"shipping-taxable","11":"purchasable","12":"product-type-simple"},"_links":{"self":[{"href":"https:\/\/farmaciadagostino.com.ar\/sitio\/wp-json\/wp\/v2\/product\/5032","targetHints":{"allow":["GET"]}}],"collection":[{"href":"https:\/\/farmaciadagostino.com.ar\/sitio\/wp-json\/wp\/v2\/product"}],"about":[{"href":"https:\/\/farmaciadagostino.com.ar\/sitio\/wp-json\/wp\/v2\/types\/product"}],"replies":[{"embeddable":true,"href":"https:\/\/farmaciadagostino.com.ar\/sitio\/wp-json\/wp\/v2\/comments?post=5032"}],"wp:featuredmedia":[{"embeddable":true,"href":"https:\/\/farmaciadagostino.com.ar\/sitio\/wp-json\/wp\/v2\/media\/3464"}],"wp:attachment":[{"href":"https:\/\/farmaciadagostino.com.ar\/sitio\/wp-json\/wp\/v2\/media?parent=5032"}],"wp:term":[{"taxonomy":"product_brand","embeddable":true,"href":"https:\/\/farmaciadagostino.com.ar\/sitio\/wp-json\/wp\/v2\/product_brand?post=5032"},{"taxonomy":"product_cat","embeddable":true,"href":"https:\/\/farmaciadagostino.com.ar\/sitio\/wp-json\/wp\/v2\/product_cat?post=5032"},{"taxonomy":"product_tag","embeddable":true,"href":"https:\/\/farmaciadagostino.com.ar\/sitio\/wp-json\/wp\/v2\/product_tag?post=5032"}],"curies":[{"name":"wp","href":"https:\/\/api.w.org\/{rel}","templated":true}]}}