{"id":5036,"date":"2024-06-09T13:22:08","date_gmt":"2024-06-09T16:22:08","guid":{"rendered":"https:\/\/farmaciadagostino.com.ar\/sitio\/producto\/dove-shampoo-oleo-nutricion-x400-ml\/"},"modified":"2026-03-09T10:25:08","modified_gmt":"2026-03-09T13:25:08","slug":"dove-shampoo-oleo-nutricion-x400-ml","status":"publish","type":"product","link":"https:\/\/farmaciadagostino.com.ar\/sitio\/producto\/dove-shampoo-oleo-nutricion-x400-ml\/","title":{"rendered":"DOVE SHAMPOO OLEO NUTRICI\u00d3N x400 ml"},"content":{"rendered":"<p>\u2022 Formulado con Nutri-\u00d3leos livianos; trata el pelo seco y con frizz<br \/>\n\u2022 Suaviza hasta el 100% del pelo \u00e1spero y controla el frizz*<br \/>\n\u2022 Deja el cabello suave y d\u00f3cil con cada uso<br \/>\n\u2022 Nutre progresivamente el pelo en los niveles m\u00e1s profundos<br \/>\n\u2022 F\u00f3rmula no grasosa<br \/>\n\u2022 Limpia delicadamente de modo que se puede usar a diario<br \/>\nTodas queremos un pelo brilloso y sedoso, que sea suave al tacto y f\u00e1cil de manejar. \u00bfSab\u00edas que los aceites naturales se usaron en el tratamiento del pelo por muchos a\u00f1os debido a sus propiedades hidratantes, suavizantes y profundamente nutritrivas? Creamos el shampoo Dove Oleo Nutrici\u00f3n para ayudar con el uso continuo a domar instant\u00e1neamente el pelo rebelde y con frizz, darle nutrici\u00f3n progresiva y con el tiempo lograr un pelo visiblemente m\u00e1s sano.<br \/>\nEste shampoo nutritivo, con Nutri-\u00d3leos livianos, limpia delicadamente tu pelo, haci\u00e9ndolo sentir instantaneamente m\u00e1s suave y profundamente nutrido desde adentro. El pelo queda suave y d\u00f3cil desde el primer uso y m\u00e1s saludable a lo largo del tiempo con el uso continuo. Adicionalmente, la f\u00f3rmula no grasosa (o formula liviana) no deja el cabello pesado.<br \/>\nS\u00f3lo aplicalo en el pelo mojado, masaje\u00e1 y enjuaga. Para mejores resultados, usalo con el acondicionador Dove Oleo Nutrici\u00f3n o con la Crema de Tratamiento.<br \/>\n*Para experimentar beneficios m\u00e1s completos, usar con el acondicionador Dove \u00d3leo Nutrici\u00f3n.<\/p>\n","protected":false},"excerpt":{"rendered":"<p>Disfrut\u00e1 de un pelo sedoso con el shampoo Dove Oleo Nutrici\u00f3n que ayuda a suavizar hasta un 100% el cabello \u00e1spero y controla el frizz.<\/p>\n","protected":false},"featured_media":3409,"comment_status":"open","ping_status":"closed","template":"","meta":[],"product_brand":[],"product_cat":[237,262,152],"product_tag":[],"class_list":{"0":"post-5036","1":"product","2":"type-product","3":"status-publish","4":"has-post-thumbnail","6":"product_cat-belleza","7":"product_cat-promo","8":"product_cat-cuidado-personal","10":"first","11":"instock","12":"sale","13":"shipping-taxable","14":"purchasable","15":"product-type-simple"},"_links":{"self":[{"href":"https:\/\/farmaciadagostino.com.ar\/sitio\/wp-json\/wp\/v2\/product\/5036","targetHints":{"allow":["GET"]}}],"collection":[{"href":"https:\/\/farmaciadagostino.com.ar\/sitio\/wp-json\/wp\/v2\/product"}],"about":[{"href":"https:\/\/farmaciadagostino.com.ar\/sitio\/wp-json\/wp\/v2\/types\/product"}],"replies":[{"embeddable":true,"href":"https:\/\/farmaciadagostino.com.ar\/sitio\/wp-json\/wp\/v2\/comments?post=5036"}],"wp:featuredmedia":[{"embeddable":true,"href":"https:\/\/farmaciadagostino.com.ar\/sitio\/wp-json\/wp\/v2\/media\/3409"}],"wp:attachment":[{"href":"https:\/\/farmaciadagostino.com.ar\/sitio\/wp-json\/wp\/v2\/media?parent=5036"}],"wp:term":[{"taxonomy":"product_brand","embeddable":true,"href":"https:\/\/farmaciadagostino.com.ar\/sitio\/wp-json\/wp\/v2\/product_brand?post=5036"},{"taxonomy":"product_cat","embeddable":true,"href":"https:\/\/farmaciadagostino.com.ar\/sitio\/wp-json\/wp\/v2\/product_cat?post=5036"},{"taxonomy":"product_tag","embeddable":true,"href":"https:\/\/farmaciadagostino.com.ar\/sitio\/wp-json\/wp\/v2\/product_tag?post=5036"}],"curies":[{"name":"wp","href":"https:\/\/api.w.org\/{rel}","templated":true}]}}