{"id":5037,"date":"2024-06-09T13:22:08","date_gmt":"2024-06-09T16:22:08","guid":{"rendered":"https:\/\/farmaciadagostino.com.ar\/sitio\/producto\/dove-shampoo-reconstruccion-completa-x400-ml\/"},"modified":"2026-03-09T10:09:43","modified_gmt":"2026-03-09T13:09:43","slug":"dove-shampoo-reconstruccion-completa-x400-ml","status":"publish","type":"product","link":"https:\/\/farmaciadagostino.com.ar\/sitio\/producto\/dove-shampoo-reconstruccion-completa-x400-ml\/","title":{"rendered":"DOVE SHAMPOO RECONSTRUCCI\u00d3N COMPLETA x400 ml"},"content":{"rendered":"<p>\u2022 Nutre y repara la apariencia del cabello da\u00f1ado<br \/>\n\u2022 Reparaci\u00f3n visible y nutrici\u00f3n progresiva, lavado tras lavado<br \/>\n\u2022 Los ingredientes Nutri-Keratin ayudan a reparar profundamente el cabello da\u00f1ado<br \/>\n\u2022 El pelo se ve saludable, fuerte y m\u00e1s hermoso<br \/>\n\u2022 Ayuda a protegerlo contra el da\u00f1o futuro con el uso continuo<br \/>\n\u2022 Adecuado para uso diario<br \/>\n\u00bfTe pregunt\u00e1s c\u00f3mo reparar el pelo da\u00f1ado? Muchas de nosotras sabemos que algunas veces el pelo sufre tensiones y se da\u00f1a con el tiempo, a pesar de nuestros mayores esfuerzos. \u00bfSab\u00edas que con el tratamiento correcto para el cabello da\u00f1ado, podes restaurar la fortaleza de tu cabello contra el quiebre y hacer que se vea m\u00e1s saludable a lo largo del tiempo? Creamos una formulaci\u00f3n \u00fanica que con el uso continuo repara visiblemente y nutre progresivamente el cabello da\u00f1ado: Shampoo Dove Reconstrucci\u00f3n Completa. El shampoo Dove Reconstrucci\u00f3n Completa formulado con los activos Nutri-Keratin, ayuda al cabello a recuperarse del da\u00f1o de dos maneras diferentes. La f\u00f3rmula repara los signos de la superficie da\u00f1ada, haciendo que tu pelo se vea y se sienta m\u00e1s suave y fuerte contra el quiebre. Tambi\u00e9n penetra las fibras para brindar una nutrici\u00f3n profunda del pelo, haciendo que se vea m\u00e1s saludable lavado tras lavado.<\/p>\n","protected":false},"excerpt":{"rendered":"<p>Restaur\u00e1 la fortaleza de tu pelo contra el quiebre con este tratamiento de nutrici\u00f3n progresiva para pelo da\u00f1ado.<\/p>\n","protected":false},"featured_media":3408,"comment_status":"open","ping_status":"closed","template":"","meta":[],"product_brand":[],"product_cat":[237,262,152],"product_tag":[],"class_list":{"0":"post-5037","1":"product","2":"type-product","3":"status-publish","4":"has-post-thumbnail","6":"product_cat-belleza","7":"product_cat-promo","8":"product_cat-cuidado-personal","10":"first","11":"instock","12":"sale","13":"shipping-taxable","14":"purchasable","15":"product-type-simple"},"_links":{"self":[{"href":"https:\/\/farmaciadagostino.com.ar\/sitio\/wp-json\/wp\/v2\/product\/5037","targetHints":{"allow":["GET"]}}],"collection":[{"href":"https:\/\/farmaciadagostino.com.ar\/sitio\/wp-json\/wp\/v2\/product"}],"about":[{"href":"https:\/\/farmaciadagostino.com.ar\/sitio\/wp-json\/wp\/v2\/types\/product"}],"replies":[{"embeddable":true,"href":"https:\/\/farmaciadagostino.com.ar\/sitio\/wp-json\/wp\/v2\/comments?post=5037"}],"wp:featuredmedia":[{"embeddable":true,"href":"https:\/\/farmaciadagostino.com.ar\/sitio\/wp-json\/wp\/v2\/media\/3408"}],"wp:attachment":[{"href":"https:\/\/farmaciadagostino.com.ar\/sitio\/wp-json\/wp\/v2\/media?parent=5037"}],"wp:term":[{"taxonomy":"product_brand","embeddable":true,"href":"https:\/\/farmaciadagostino.com.ar\/sitio\/wp-json\/wp\/v2\/product_brand?post=5037"},{"taxonomy":"product_cat","embeddable":true,"href":"https:\/\/farmaciadagostino.com.ar\/sitio\/wp-json\/wp\/v2\/product_cat?post=5037"},{"taxonomy":"product_tag","embeddable":true,"href":"https:\/\/farmaciadagostino.com.ar\/sitio\/wp-json\/wp\/v2\/product_tag?post=5037"}],"curies":[{"name":"wp","href":"https:\/\/api.w.org\/{rel}","templated":true}]}}