{"id":5040,"date":"2024-06-09T13:22:10","date_gmt":"2024-06-09T16:22:10","guid":{"rendered":"https:\/\/farmaciadagostino.com.ar\/sitio\/producto\/dove-acondicionador-regeneracion-extrema-x400-ml\/"},"modified":"2026-03-09T10:09:43","modified_gmt":"2026-03-09T13:09:43","slug":"dove-acondicionador-regeneracion-extrema-x400-ml","status":"publish","type":"product","link":"https:\/\/farmaciadagostino.com.ar\/sitio\/producto\/dove-acondicionador-regeneracion-extrema-x400-ml\/","title":{"rendered":"Dove Acondicionador Regeneraci\u00f3n Extrema 400 ml"},"content":{"rendered":"<p>Descubre el Acondicionador Dove Regeneraci\u00f3n Extrema. <\/p>\n<p>Un concentrado poderoso de ingredientes activos regeneradores que nutren profundamente la fibra capilar activando el proceso de regeneraci\u00f3n interna del cabello**. Mejora la condici\u00f3n del cabello, para un crecimiento sano y para un nuevo comienzo.<\/p>\n<p>La regeneraci\u00f3n se trata de la reparaci\u00f3n de da\u00f1os externos del cabello, como suavidad, brillo, resistencia al quiebre (que se nota desde el primer uso) y adem\u00e1s reparaci\u00f3n de da\u00f1os internos, como fortalecimiento de la estructura interna de la fibra capilar (con el uso regular de los productos de la l\u00ednea). <\/p>\n<p>As\u00ed se mejora la condici\u00f3n del cabello extremadamente da\u00f1ado, para un crecimiento sano y para un ?nuevo comienzo?, con un cabello reparado y que se ve lindo y manejable.<\/p>\n<p>Su f\u00f3rmula contiene una nueva tecnolog\u00eda acondicionante que act\u00faa de manera inteligente reparando las zonas m\u00e1s da\u00f1adas de tu pelo.<\/p>\n<p>Esta nueva tecnolog\u00eda fue espec\u00edficamente dise\u00f1ada para reparar el cabello extremadamente da\u00f1ado o que haya sufrido corte qu\u00edmico.<br \/>\nEl corte qu\u00edmico ocurre cuando el cabello sufre una agresi\u00f3n externa, ya sea por tratamientos qu\u00edmicos excesivos sobre el pelo debilitado o por errores en la aplicaci\u00f3n de productos.<\/p>\n<p>\u00bfQu\u00e9 hace? La nueva tecnologia se absorbe con mayor facilidad sobre la superficie da\u00f1ada del pelo formando una fina pel\u00edcula, disminuyendo la fricci\u00f3n entre las fibras.<\/p>\n<p>\u00bfCu\u00e1l es el beneficio? <\/p>\n<p>-Mayor suavidad y brillo<br \/>\n-Menos frizz<br \/>\n-Menos puntas abiertas<br \/>\n-M\u00e1s f\u00e1cil de peinar (tanto en h\u00famedo como seco)<\/p>\n","protected":false},"excerpt":{"rendered":"<p>Descubre el Acondicionador Dove Regeneraci\u00f3n Extrema<\/p>\n","protected":false},"featured_media":3412,"comment_status":"open","ping_status":"closed","template":"","meta":[],"product_brand":[],"product_cat":[237,262,152,264],"product_tag":[],"class_list":{"0":"post-5040","1":"product","2":"type-product","3":"status-publish","4":"has-post-thumbnail","6":"product_cat-belleza","7":"product_cat-promo","8":"product_cat-cuidado-personal","9":"product_cat-ofertas","11":"first","12":"instock","13":"sale","14":"shipping-taxable","15":"purchasable","16":"product-type-simple"},"_links":{"self":[{"href":"https:\/\/farmaciadagostino.com.ar\/sitio\/wp-json\/wp\/v2\/product\/5040","targetHints":{"allow":["GET"]}}],"collection":[{"href":"https:\/\/farmaciadagostino.com.ar\/sitio\/wp-json\/wp\/v2\/product"}],"about":[{"href":"https:\/\/farmaciadagostino.com.ar\/sitio\/wp-json\/wp\/v2\/types\/product"}],"replies":[{"embeddable":true,"href":"https:\/\/farmaciadagostino.com.ar\/sitio\/wp-json\/wp\/v2\/comments?post=5040"}],"wp:featuredmedia":[{"embeddable":true,"href":"https:\/\/farmaciadagostino.com.ar\/sitio\/wp-json\/wp\/v2\/media\/3412"}],"wp:attachment":[{"href":"https:\/\/farmaciadagostino.com.ar\/sitio\/wp-json\/wp\/v2\/media?parent=5040"}],"wp:term":[{"taxonomy":"product_brand","embeddable":true,"href":"https:\/\/farmaciadagostino.com.ar\/sitio\/wp-json\/wp\/v2\/product_brand?post=5040"},{"taxonomy":"product_cat","embeddable":true,"href":"https:\/\/farmaciadagostino.com.ar\/sitio\/wp-json\/wp\/v2\/product_cat?post=5040"},{"taxonomy":"product_tag","embeddable":true,"href":"https:\/\/farmaciadagostino.com.ar\/sitio\/wp-json\/wp\/v2\/product_tag?post=5040"}],"curies":[{"name":"wp","href":"https:\/\/api.w.org\/{rel}","templated":true}]}}