{"id":5041,"date":"2024-06-09T13:22:10","date_gmt":"2024-06-09T16:22:10","guid":{"rendered":"https:\/\/farmaciadagostino.com.ar\/sitio\/producto\/carefree-protector-diario-brisa-tanga-maxi-s-p-x60-un\/"},"modified":"2026-03-09T10:17:55","modified_gmt":"2026-03-09T13:17:55","slug":"carefree-protector-diario-brisa-tanga-maxi-s-p-x60-un","status":"publish","type":"product","link":"https:\/\/farmaciadagostino.com.ar\/sitio\/producto\/carefree-protector-diario-brisa-tanga-maxi-s-p-x60-un\/","title":{"rendered":"CAREFREE PROTECTOR DIARIO BRISA TANGA MAXI S\/P x60 un"},"content":{"rendered":"<p>Los protectores CAREFREE\u00ae Todos los D\u00edas Tanga est\u00e1n evaluados ginecol\u00f3gicamente para que puedas usarlos diariamente y te sientas limpia, fresca y s\u00faper c\u00f3moda con la mayor discreci\u00f3n. El formato tanga tiene mayor ajuste atr\u00e1s porque tiene unas alitas que se adaptan y adhieren mejor a tu ropa interior. Adem\u00e1s, su superficie es delicadamente suave porque est\u00e1 hecho con lo mejor del algod\u00f3n y no tiene perfume. Contiene neutralizador de olores para que te sientas m\u00e1s segura todo el d\u00eda, todos los d\u00edas.<br \/>\nBeneficios.<br \/>\nPuede ser usado diariamente fuera del periodo menstrual.<br \/>\nRespirable.<br \/>\nMantiene el pH de la zona \u00edntima.<br \/>\nC\u00f3modo y super flexible.<br \/>\nMejor ajuste.<br \/>\nSuave para tu piel.<br \/>\nSin perfume.<br \/>\nModo Uso.<br \/>\nRetire el papel adhesivo y coloque el protector sobre la ropa interior. Recomendaci\u00f3n de cambiar el protector cada 4 a 6 horas.<\/p>\n","protected":false},"excerpt":{"rendered":"<p>Son ideales para ser usados durante los 21 d\u00edas que no est\u00e1s en tu periodo menstrual. Tienen una exclusiva tela micro porosa que permite que el aire pase 3 veces m\u00e1s que con un protector diario convencional y as\u00ed puedas dejar que tu piel respire naturalmente.<\/p>\n","protected":false},"featured_media":14216,"comment_status":"open","ping_status":"closed","template":"","meta":[],"product_brand":[],"product_cat":[152],"product_tag":[],"class_list":{"0":"post-5041","1":"product","2":"type-product","3":"status-publish","4":"has-post-thumbnail","6":"product_cat-cuidado-personal","8":"first","9":"instock","10":"shipping-taxable","11":"purchasable","12":"product-type-simple"},"_links":{"self":[{"href":"https:\/\/farmaciadagostino.com.ar\/sitio\/wp-json\/wp\/v2\/product\/5041","targetHints":{"allow":["GET"]}}],"collection":[{"href":"https:\/\/farmaciadagostino.com.ar\/sitio\/wp-json\/wp\/v2\/product"}],"about":[{"href":"https:\/\/farmaciadagostino.com.ar\/sitio\/wp-json\/wp\/v2\/types\/product"}],"replies":[{"embeddable":true,"href":"https:\/\/farmaciadagostino.com.ar\/sitio\/wp-json\/wp\/v2\/comments?post=5041"}],"wp:featuredmedia":[{"embeddable":true,"href":"https:\/\/farmaciadagostino.com.ar\/sitio\/wp-json\/wp\/v2\/media\/14216"}],"wp:attachment":[{"href":"https:\/\/farmaciadagostino.com.ar\/sitio\/wp-json\/wp\/v2\/media?parent=5041"}],"wp:term":[{"taxonomy":"product_brand","embeddable":true,"href":"https:\/\/farmaciadagostino.com.ar\/sitio\/wp-json\/wp\/v2\/product_brand?post=5041"},{"taxonomy":"product_cat","embeddable":true,"href":"https:\/\/farmaciadagostino.com.ar\/sitio\/wp-json\/wp\/v2\/product_cat?post=5041"},{"taxonomy":"product_tag","embeddable":true,"href":"https:\/\/farmaciadagostino.com.ar\/sitio\/wp-json\/wp\/v2\/product_tag?post=5041"}],"curies":[{"name":"wp","href":"https:\/\/api.w.org\/{rel}","templated":true}]}}