{"id":5055,"date":"2024-06-09T13:22:12","date_gmt":"2024-06-09T16:22:12","guid":{"rendered":"https:\/\/farmaciadagostino.com.ar\/sitio\/producto\/valcatil-complex-shampoo-x300-ml\/"},"modified":"2026-03-09T10:09:43","modified_gmt":"2026-03-09T13:09:43","slug":"valcatil-complex-shampoo-x300-ml","status":"publish","type":"product","link":"https:\/\/farmaciadagostino.com.ar\/sitio\/producto\/valcatil-complex-shampoo-x300-ml\/","title":{"rendered":"Valcatil Complex Reparaci\u00f3n Protecci\u00f3n Capilar Shampoo 300 ml"},"content":{"rendered":"<p>VALCATIL\u00ae COMPLEX Shampoo tiene una f\u00f3rmula innovadora que repara y protege los cabellos da\u00f1ados gracias a las propiedades de sus ingredientes: col\u00e1geno hidrolizado, biotina plus y vitaminas C y E.<br \/>\nLas microesferas conservan intactas dichas propiedades ya que los ingredientes se liberan reci\u00e9n al momento del lavado, mediante la frotaci\u00f3n en el cuero cabelludo.<br \/>\nEl Col\u00e1geno Hidrolizado aporta todos los nutrientes necesarios para que el cabello se mantenga sano, fuerte y con brillo.<br \/>\nLa Biotina Plus influye en la composici\u00f3n de la queratina y estimula el crecimiento del cabello.<br \/>\nLas Vitaminas C y E reparan y protegen los cabellos da\u00f1ados por los radicales libres.<br \/>\nVALCATI\u00ae COMPLEX Shampoo repara, protege y brinda volumen, brillo y firmeza.<\/p>\n<p>MODO DE USO<br \/>\nAplicar VALCATIL\u00ae COMPLEX Shampoo sobre el cabello humedecido y frotar dando suaves masajes en forma circular durante 1 a 3 minutos. Enguagar con agua tibia. Uso diario.<\/p>\n","protected":false},"excerpt":{"rendered":"<p>VALCATIL\u00ae COMPLEX Shampoo tiene una f\u00f3rmula innovadora que repara y protege los cabellos da\u00f1ados gracias a las propiedades de sus ingredientes: col\u00e1geno hidrolizado, biotina plus y vitaminas C y E<\/p>\n","protected":false},"featured_media":3986,"comment_status":"open","ping_status":"closed","template":"","meta":[],"product_brand":[],"product_cat":[237],"product_tag":[],"class_list":{"0":"post-5055","1":"product","2":"type-product","3":"status-publish","4":"has-post-thumbnail","6":"product_cat-belleza","8":"first","9":"instock","10":"shipping-taxable","11":"purchasable","12":"product-type-simple"},"_links":{"self":[{"href":"https:\/\/farmaciadagostino.com.ar\/sitio\/wp-json\/wp\/v2\/product\/5055","targetHints":{"allow":["GET"]}}],"collection":[{"href":"https:\/\/farmaciadagostino.com.ar\/sitio\/wp-json\/wp\/v2\/product"}],"about":[{"href":"https:\/\/farmaciadagostino.com.ar\/sitio\/wp-json\/wp\/v2\/types\/product"}],"replies":[{"embeddable":true,"href":"https:\/\/farmaciadagostino.com.ar\/sitio\/wp-json\/wp\/v2\/comments?post=5055"}],"wp:featuredmedia":[{"embeddable":true,"href":"https:\/\/farmaciadagostino.com.ar\/sitio\/wp-json\/wp\/v2\/media\/3986"}],"wp:attachment":[{"href":"https:\/\/farmaciadagostino.com.ar\/sitio\/wp-json\/wp\/v2\/media?parent=5055"}],"wp:term":[{"taxonomy":"product_brand","embeddable":true,"href":"https:\/\/farmaciadagostino.com.ar\/sitio\/wp-json\/wp\/v2\/product_brand?post=5055"},{"taxonomy":"product_cat","embeddable":true,"href":"https:\/\/farmaciadagostino.com.ar\/sitio\/wp-json\/wp\/v2\/product_cat?post=5055"},{"taxonomy":"product_tag","embeddable":true,"href":"https:\/\/farmaciadagostino.com.ar\/sitio\/wp-json\/wp\/v2\/product_tag?post=5055"}],"curies":[{"name":"wp","href":"https:\/\/api.w.org\/{rel}","templated":true}]}}