{"id":5057,"date":"2024-06-09T13:22:12","date_gmt":"2024-06-09T16:22:12","guid":{"rendered":"https:\/\/farmaciadagostino.com.ar\/sitio\/producto\/nivea-corporal-crema-cereza-x400-ml\/"},"modified":"2026-03-09T10:25:08","modified_gmt":"2026-03-09T13:25:08","slug":"nivea-corporal-crema-cereza-x400-ml","status":"publish","type":"product","link":"https:\/\/farmaciadagostino.com.ar\/sitio\/producto\/nivea-corporal-crema-cereza-x400-ml\/","title":{"rendered":"NIVEA CORPORAL CREMA CEREZA x400 ml"},"content":{"rendered":"<p>Con m\u00e1s de 100 a\u00f1os de experiencia en el cuidado de la piel, Nivea ha seleccionado ingredientes y aceites de origen natural combinados en una loci\u00f3n \u00fanica: Crema Corporal Nivea Cereza con Aceite de Jojoba.<br \/>\nBeneficios<br \/>\nHumectante, r\u00e1pida absorci\u00f3n y cuidado<br \/>\nAceite de Jojoba de origen natural se combina en una loci\u00f3n de r\u00e1pida absorci\u00f3n<br \/>\nDespierta tus sentidos con una irresistible fragancia de Cereza<br \/>\nHumectaci\u00f3n profunda por m\u00e1s de 24hs sin sensaci\u00f3n grasosa.<br \/>\nModo de uso<br \/>\nAplicar diariamente en todo el cuerpo.<\/p>\n","protected":false},"excerpt":{"rendered":"<p>La nueva l\u00ednea de Nivea Loci\u00f3n Corporal con Aceites de Origen Natural ofrece el mejor cuidado con aceites \u00fanicos de origen natural en una loci\u00f3n de r\u00e1pida absorci\u00f3n, enriquecida con delicadas fragancias.<\/p>\n","protected":false},"featured_media":3022,"comment_status":"open","ping_status":"closed","template":"","meta":[],"product_brand":[],"product_cat":[237,162],"product_tag":[],"class_list":{"0":"post-5057","1":"product","2":"type-product","3":"status-publish","4":"has-post-thumbnail","6":"product_cat-belleza","7":"product_cat-dermocosmetica","9":"first","10":"instock","11":"shipping-taxable","12":"purchasable","13":"product-type-simple"},"_links":{"self":[{"href":"https:\/\/farmaciadagostino.com.ar\/sitio\/wp-json\/wp\/v2\/product\/5057","targetHints":{"allow":["GET"]}}],"collection":[{"href":"https:\/\/farmaciadagostino.com.ar\/sitio\/wp-json\/wp\/v2\/product"}],"about":[{"href":"https:\/\/farmaciadagostino.com.ar\/sitio\/wp-json\/wp\/v2\/types\/product"}],"replies":[{"embeddable":true,"href":"https:\/\/farmaciadagostino.com.ar\/sitio\/wp-json\/wp\/v2\/comments?post=5057"}],"wp:featuredmedia":[{"embeddable":true,"href":"https:\/\/farmaciadagostino.com.ar\/sitio\/wp-json\/wp\/v2\/media\/3022"}],"wp:attachment":[{"href":"https:\/\/farmaciadagostino.com.ar\/sitio\/wp-json\/wp\/v2\/media?parent=5057"}],"wp:term":[{"taxonomy":"product_brand","embeddable":true,"href":"https:\/\/farmaciadagostino.com.ar\/sitio\/wp-json\/wp\/v2\/product_brand?post=5057"},{"taxonomy":"product_cat","embeddable":true,"href":"https:\/\/farmaciadagostino.com.ar\/sitio\/wp-json\/wp\/v2\/product_cat?post=5057"},{"taxonomy":"product_tag","embeddable":true,"href":"https:\/\/farmaciadagostino.com.ar\/sitio\/wp-json\/wp\/v2\/product_tag?post=5057"}],"curies":[{"name":"wp","href":"https:\/\/api.w.org\/{rel}","templated":true}]}}